{"id":971,"date":"2015-03-19T19:30:39","date_gmt":"2015-03-19T22:30:39","guid":{"rendered":"https:\/\/wp.ufpel.edu.br\/wwverde\/?page_id=971"},"modified":"2015-03-19T19:36:23","modified_gmt":"2015-03-19T22:36:23","slug":"evento-discute-energia-da-biomassa-e-quimica-verde-nesta-quinta-em-ms","status":"publish","type":"page","link":"https:\/\/wp.ufpel.edu.br\/wwverde\/evento-discute-energia-da-biomassa-e-quimica-verde-nesta-quinta-em-ms\/","title":{"rendered":"Evento discute energia da Biomassa e Qu\u00edmica Verde nesta quinta em MS"},"content":{"rendered":"<p>&#8220;A energia produzida a partir da biomassa e a qu\u00edmica verde est\u00e3o entre os principais assuntos de uma reuni\u00e3o t\u00e9cnica que ser\u00e1 promovida nesta quinta-feira (19), em Dourados, a 214 quil\u00f4metros de Campo Grande. O evento ser\u00e1 promovido pelo Instituto Senai de Tecnologia Alimentos (IST Alimentos), que tamb\u00e9m sediar\u00e1 o encontro a partir das 8h&#8221;<\/p>\n<p>Confira a not\u00edcia completa <a href=\"http:\/\/g1.globo.com\/mato-grosso-do-sul\/noticia\/2015\/03\/evento-discute-energia-da-biomassa-e-quimica-verde-nesta-quinta-em-ms.html\" target=\"_blank\">aqui<\/a>.<\/p>\n","protected":false},"excerpt":{"rendered":"<p>&#8220;A energia produzida a partir da biomassa e a qu\u00edmica verde est\u00e3o entre os principais assuntos de uma reuni\u00e3o t\u00e9cnica que ser\u00e1 promovida nesta quinta-feira (19), em Dourados, a 214 quil\u00f4metros de Campo Grande. O evento ser\u00e1 promovido pelo Instituto Senai de Tecnologia Alimentos (IST Alimentos), que tamb\u00e9m sediar\u00e1 o encontro a partir das 8h&#8221; [&hellip;]<\/p>\n","protected":false},"author":149,"featured_media":0,"parent":0,"menu_order":0,"comment_status":"closed","ping_status":"closed","template":"","meta":{"jetpack_post_was_ever_published":false,"footnotes":""},"class_list":["post-971","page","type-page","status-publish","hentry"],"jetpack_sharing_enabled":true,"jetpack_shortlink":"https:\/\/wp.me\/P4VNan-fF","_links":{"self":[{"href":"https:\/\/wp.ufpel.edu.br\/wwverde\/wp-json\/wp\/v2\/pages\/971","targetHints":{"allow":["GET"]}}],"collection":[{"href":"https:\/\/wp.ufpel.edu.br\/wwverde\/wp-json\/wp\/v2\/pages"}],"about":[{"href":"https:\/\/wp.ufpel.edu.br\/wwverde\/wp-json\/wp\/v2\/types\/page"}],"author":[{"embeddable":true,"href":"https:\/\/wp.ufpel.edu.br\/wwverde\/wp-json\/wp\/v2\/users\/149"}],"replies":[{"embeddable":true,"href":"https:\/\/wp.ufpel.edu.br\/wwverde\/wp-json\/wp\/v2\/comments?post=971"}],"version-history":[{"count":2,"href":"https:\/\/wp.ufpel.edu.br\/wwverde\/wp-json\/wp\/v2\/pages\/971\/revisions"}],"predecessor-version":[{"id":974,"href":"https:\/\/wp.ufpel.edu.br\/wwverde\/wp-json\/wp\/v2\/pages\/971\/revisions\/974"}],"wp:attachment":[{"href":"https:\/\/wp.ufpel.edu.br\/wwverde\/wp-json\/wp\/v2\/media?parent=971"}],"curies":[{"name":"wp","href":"https:\/\/api.w.org\/{rel}","templated":true}]}}