{"id":961,"date":"2015-03-11T21:19:01","date_gmt":"2015-03-12T00:19:01","guid":{"rendered":"https:\/\/wp.ufpel.edu.br\/wwverde\/?page_id=961"},"modified":"2015-12-26T20:01:04","modified_gmt":"2015-12-26T22:01:04","slug":"2015-2","status":"publish","type":"page","link":"https:\/\/wp.ufpel.edu.br\/wwverde\/2015-2\/","title":{"rendered":"Not\u00edcias 2015"},"content":{"rendered":"<p>Aqui voc\u00ea encontra todas as not\u00edcas de 2015 publicadas no site.<\/p>\n","protected":false},"excerpt":{"rendered":"<p>Aqui voc\u00ea encontra todas as not\u00edcas de 2015 publicadas no site.<\/p>\n","protected":false},"author":149,"featured_media":0,"parent":0,"menu_order":0,"comment_status":"closed","ping_status":"closed","template":"","meta":{"jetpack_post_was_ever_published":false,"footnotes":""},"class_list":["post-961","page","type-page","status-publish","hentry"],"jetpack_sharing_enabled":true,"jetpack_shortlink":"https:\/\/wp.me\/P4VNan-fv","_links":{"self":[{"href":"https:\/\/wp.ufpel.edu.br\/wwverde\/wp-json\/wp\/v2\/pages\/961","targetHints":{"allow":["GET"]}}],"collection":[{"href":"https:\/\/wp.ufpel.edu.br\/wwverde\/wp-json\/wp\/v2\/pages"}],"about":[{"href":"https:\/\/wp.ufpel.edu.br\/wwverde\/wp-json\/wp\/v2\/types\/page"}],"author":[{"embeddable":true,"href":"https:\/\/wp.ufpel.edu.br\/wwverde\/wp-json\/wp\/v2\/users\/149"}],"replies":[{"embeddable":true,"href":"https:\/\/wp.ufpel.edu.br\/wwverde\/wp-json\/wp\/v2\/comments?post=961"}],"version-history":[{"count":3,"href":"https:\/\/wp.ufpel.edu.br\/wwverde\/wp-json\/wp\/v2\/pages\/961\/revisions"}],"predecessor-version":[{"id":1146,"href":"https:\/\/wp.ufpel.edu.br\/wwverde\/wp-json\/wp\/v2\/pages\/961\/revisions\/1146"}],"wp:attachment":[{"href":"https:\/\/wp.ufpel.edu.br\/wwverde\/wp-json\/wp\/v2\/media?parent=961"}],"curies":[{"name":"wp","href":"https:\/\/api.w.org\/{rel}","templated":true}]}}