{"id":954,"date":"2015-03-11T21:11:42","date_gmt":"2015-03-12T00:11:42","guid":{"rendered":"https:\/\/wp.ufpel.edu.br\/wwverde\/?page_id=954"},"modified":"2015-03-11T21:11:42","modified_gmt":"2015-03-12T00:11:42","slug":"quimica-verde-da-premio-a-pesquisador","status":"publish","type":"page","link":"https:\/\/wp.ufpel.edu.br\/wwverde\/quimica-verde-da-premio-a-pesquisador\/","title":{"rendered":"\u2018Qu\u00edmica verde\u2019 d\u00e1 pr\u00eamio a pesquisador."},"content":{"rendered":"<p class=\"chamada\">&#8220;Cientistas da PUC-Campinas buscam m\u00e9todos de produ\u00e7\u00e3o industrial nos quais danos ao meio ambiente sejam minimizados.&#8221;<\/p>\n<p class=\"chamada\">Confira a not\u00edcia completa clicando <a href=\"http:\/\/correio.rac.com.br\/_conteudo\/2013\/10\/capa\/projetos_correio\/cenario_xxi\/108843-quimica-verde-da-premio-a-pesquisador.html\" target=\"_blank\">aqui<\/a>.<\/p>\n<p>&nbsp;<\/p>\n<p>&nbsp;<\/p>\n","protected":false},"excerpt":{"rendered":"<p>&#8220;Cientistas da PUC-Campinas buscam m\u00e9todos de produ\u00e7\u00e3o industrial nos quais danos ao meio ambiente sejam minimizados.&#8221; Confira a not\u00edcia completa clicando aqui. &nbsp; &nbsp;<\/p>\n","protected":false},"author":149,"featured_media":0,"parent":0,"menu_order":0,"comment_status":"closed","ping_status":"closed","template":"","meta":{"jetpack_post_was_ever_published":false,"footnotes":""},"class_list":["post-954","page","type-page","status-publish","hentry"],"jetpack_sharing_enabled":true,"jetpack_shortlink":"https:\/\/wp.me\/P4VNan-fo","_links":{"self":[{"href":"https:\/\/wp.ufpel.edu.br\/wwverde\/wp-json\/wp\/v2\/pages\/954","targetHints":{"allow":["GET"]}}],"collection":[{"href":"https:\/\/wp.ufpel.edu.br\/wwverde\/wp-json\/wp\/v2\/pages"}],"about":[{"href":"https:\/\/wp.ufpel.edu.br\/wwverde\/wp-json\/wp\/v2\/types\/page"}],"author":[{"embeddable":true,"href":"https:\/\/wp.ufpel.edu.br\/wwverde\/wp-json\/wp\/v2\/users\/149"}],"replies":[{"embeddable":true,"href":"https:\/\/wp.ufpel.edu.br\/wwverde\/wp-json\/wp\/v2\/comments?post=954"}],"version-history":[{"count":1,"href":"https:\/\/wp.ufpel.edu.br\/wwverde\/wp-json\/wp\/v2\/pages\/954\/revisions"}],"predecessor-version":[{"id":955,"href":"https:\/\/wp.ufpel.edu.br\/wwverde\/wp-json\/wp\/v2\/pages\/954\/revisions\/955"}],"wp:attachment":[{"href":"https:\/\/wp.ufpel.edu.br\/wwverde\/wp-json\/wp\/v2\/media?parent=954"}],"curies":[{"name":"wp","href":"https:\/\/api.w.org\/{rel}","templated":true}]}}