{"id":854,"date":"2014-12-30T11:40:14","date_gmt":"2014-12-30T13:40:14","guid":{"rendered":"https:\/\/wp.ufpel.edu.br\/wwverde\/?page_id=854"},"modified":"2015-03-29T00:03:01","modified_gmt":"2015-03-29T03:03:01","slug":"revistas-e-periodicos","status":"publish","type":"page","link":"https:\/\/wp.ufpel.edu.br\/wwverde\/revistas-e-periodicos\/","title":{"rendered":"Revistas e Peri\u00f3dicos"},"content":{"rendered":"<p style=\"text-align: justify\"><a href=\"http:\/\/www.rsc.org\/shop\/books\/2015\/9781849739498.asp\" target=\"_blank\"><strong><span style=\"color: #003300\">Worldwide Trends in Green Chemistry Education<\/span><\/strong><\/a><\/p>\n<p style=\"text-align: justify\">Autoria: V\u00e2nia Zuin e Liliana Mammino.<\/p>\n<p style=\"text-align: justify\">Este livro aborda quest\u00f5es de Qu\u00edmica Verde, tais como a minimiza\u00e7\u00e3o de res\u00edduos e s\u00edntese limpa. Ele retrata o significado de desenvolvimento sustent\u00e1vel e mostra uma vis\u00e3o geral dos diferentes modelos de como integrar a sustentabilidade na educa\u00e7\u00e3o qu\u00edmica. O livro tamb\u00e9m aborda iniciativas de educa\u00e7\u00e3o de Qu\u00edmica Verde desde o ensino m\u00e9dio at\u00e9 a p\u00f3s gradua\u00e7\u00e3o.<\/p>\n<p style=\"text-align: justify\"><a href=\"http:\/\/www.rsc.org\/shop\/books\/2015\/9781849739498.asp\" target=\"_blank\"><img data-recalc-dims=\"1\" class=\"  wp-image-975 aligncenter\" src=\"https:\/\/i0.wp.com\/wp.ufpel.edu.br\/wwverde\/files\/2014\/12\/BK9781849739498_m.jpg?resize=114%2C172&#038;ssl=1\" alt=\"BK9781849739498_m\" width=\"114\" height=\"172\" srcset=\"https:\/\/i0.wp.com\/wp.ufpel.edu.br\/wwverde\/files\/2014\/12\/BK9781849739498_m.jpg?w=152&amp;ssl=1 152w, https:\/\/i0.wp.com\/wp.ufpel.edu.br\/wwverde\/files\/2014\/12\/BK9781849739498_m.jpg?resize=106%2C159&amp;ssl=1 106w\" sizes=\"(max-width: 114px) 100vw, 114px\" \/><\/a><\/p>\n<p style=\"text-align: justify\"><a style=\"color: #003300\" href=\"http:\/\/pubs.acs.org\/toc\/achre4\/35\/9\" target=\"_blank\"><strong>Edi\u00e7\u00e3o especial\u00a0da Accounts of Chemical Research\u00a0abordando qu\u00edmica verd<\/strong><\/a><a style=\"color: #003300\" href=\"http:\/\/pubs.acs.org\/toc\/achre4\/35\/9\" target=\"_blank\"><strong>e<\/strong>.\u00a0<strong>September 2002, Volume 35, No. 9.<\/strong><\/a><\/p>\n<p style=\"text-align: justify\"><span class=\"Apple-style-span\">Nesta edi\u00e7\u00e3o especial v\u00e1rios &#8220;experts&#8221; em qu\u00edmica verde de diferentes \u00e1reas da qu\u00edmica descrevem os avan\u00e7os mais recentes no esenvolvimento e aplica\u00e7oes de tecnologias limpas\u00a0<\/span><\/p>\n<p><img data-recalc-dims=\"1\" class=\"size-full wp-image-792 aligncenter\" src=\"https:\/\/i0.wp.com\/wp.ufpel.edu.br\/wwverde\/files\/2014\/12\/acr.gif?resize=84%2C111&#038;ssl=1\" alt=\"acr\" width=\"84\" height=\"111\" \/><\/p>\n<p><a href=\"http:\/\/pubs.rsc.org\/en\/journals\/journalissues\/gc#!recentarticles&amp;all\" target=\"_blank\"><strong><span style=\"color: #003300\">Green Chemistry\u00a0<\/span><\/strong><\/a><\/p>\n<p style=\"text-align: justify\">Green Chemistry, tem como enfoque a publica\u00e7\u00e3o de pesquisas com o objetivo de aumentar o desenvolvimento de tecnologias alternativas sustent\u00e1veis.<\/p>\n<p><a href=\"http:\/\/pubs.rsc.org\/en\/journals\/journalissues\/gc#!recentarticles&amp;all\" target=\"_blank\"><img data-recalc-dims=\"1\" class=\"size-full wp-image-857 aligncenter\" src=\"https:\/\/i0.wp.com\/wp.ufpel.edu.br\/wwverde\/files\/2014\/12\/CoverIssue-1.jpg?resize=148%2C194&#038;ssl=1\" alt=\"CoverIssue (1)\" width=\"148\" height=\"194\" srcset=\"https:\/\/i0.wp.com\/wp.ufpel.edu.br\/wwverde\/files\/2014\/12\/CoverIssue-1.jpg?w=148&amp;ssl=1 148w, https:\/\/i0.wp.com\/wp.ufpel.edu.br\/wwverde\/files\/2014\/12\/CoverIssue-1.jpg?resize=121%2C159&amp;ssl=1 121w\" sizes=\"(max-width: 148px) 100vw, 148px\" \/><\/a><\/p>\n<p><strong><a style=\"color: #003300\" href=\"http:\/\/pubs.rsc.org\/en\/journals\/journalissues\/em#!themedcollections\" target=\"_blank\">Environmental Science: Processes &amp; Impacts<\/a><\/strong><\/p>\n<p style=\"text-align: justify\">Possui como principal objetivo tornar o\u00a0ES:P&amp;I um catalisador, para a discuss\u00e3o e troca de ideias sobre quest\u00f5es ambientais complexas, avan\u00e7ando na compreens\u00e3o dos riscos ambientais seus processos e impactos, oferecendo solu\u00e7\u00f5es para os atuais e futuros problemas ambientais.<\/p>\n<p><a href=\"http:\/\/pubs.rsc.org\/en\/journals\/journalissues\/em#!themedcollections\" target=\"_blank\"><img data-recalc-dims=\"1\" class=\"size-full wp-image-858 aligncenter\" src=\"https:\/\/i0.wp.com\/wp.ufpel.edu.br\/wwverde\/files\/2014\/12\/CoverIssue-2.jpg?resize=148%2C194&#038;ssl=1\" alt=\"CoverIssue (2)\" width=\"148\" height=\"194\" srcset=\"https:\/\/i0.wp.com\/wp.ufpel.edu.br\/wwverde\/files\/2014\/12\/CoverIssue-2.jpg?w=148&amp;ssl=1 148w, https:\/\/i0.wp.com\/wp.ufpel.edu.br\/wwverde\/files\/2014\/12\/CoverIssue-2.jpg?resize=121%2C159&amp;ssl=1 121w\" sizes=\"(max-width: 148px) 100vw, 148px\" \/><\/a><\/p>\n<p><a href=\"http:\/\/www.tandfonline.com\/toc\/tgcl20\/current#.VKLISsAw\" target=\"_blank\"><strong><span style=\"color: #003300\">Green Chemistry Letters and Reviews\u00a0<\/span><\/strong><\/a><\/p>\n<p>Tem como prioridade a publica\u00e7\u00e3o de novas s\u00ednteses e procedimentos que podem reduzir ou eliminar o uso e gera\u00e7\u00e3o de materias perigosos.<\/p>\n<p><a href=\"http:\/\/www.tandfonline.com\/toc\/tgcl20\/current#.VKLISsAw\" target=\"_blank\"><img data-recalc-dims=\"1\" class=\"size-full wp-image-859 aligncenter\" src=\"https:\/\/i0.wp.com\/wp.ufpel.edu.br\/wwverde\/files\/2014\/12\/tgcl20.v008.i01.cover_.jpg?resize=110%2C146&#038;ssl=1\" alt=\"tgcl20.v008.i01.cover\" width=\"110\" height=\"146\" \/><\/a><cite><\/cite><\/p>\n<p><a href=\"http:\/\/pubs.acs.org\/journal\/ascecg\" target=\"_blank\"><strong><span style=\"color: #003300\"><cite>ACS Sustainable Chemistry &amp; Engineering<\/cite>\u00a0<\/span><\/strong><\/a><\/p>\n<p>Visa os desafios da sustentabilidade em empresas qu\u00edmicas e os principios avan\u00e7ados da Qu\u00edmica Verde e Engenharia Verde.<\/p>\n<p><a href=\"http:\/\/pubs.acs.org\/journal\/ascecg\" target=\"_blank\"><img data-recalc-dims=\"1\" class=\"size-full wp-image-860 aligncenter\" src=\"https:\/\/i0.wp.com\/wp.ufpel.edu.br\/wwverde\/files\/2014\/12\/showCoverImage-1.jpg?resize=115%2C153&#038;ssl=1\" alt=\"ACS Sustainable Chemistry &amp; Engineering\" width=\"115\" height=\"153\" \/><\/a><\/p>\n<p><a href=\"http:\/\/benthamscience.com\/journal\/index.php?journalID=cgc\" target=\"_blank\"><strong><span style=\"color: #003300\">Current Green Chemistry\u00a0<\/span><\/strong><\/a><\/p>\n<p>Tem como objetivo a publica\u00e7\u00e3o de pesquisa original, opini\u00f5es de especialistas e quest\u00f5es tem\u00e1ticas em todas as \u00e1reas centrais da Qu\u00edmica Verde.<\/p>\n<p><b><a href=\"http:\/\/benthamscience.com\/journal\/aims-scope.php?journalID=cgc#top\" target=\"_blank\"><img data-recalc-dims=\"1\" class=\"size-full wp-image-862 aligncenter\" src=\"https:\/\/i0.wp.com\/wp.ufpel.edu.br\/wwverde\/files\/2014\/12\/cgc-journal-cover.gif?resize=120%2C155&#038;ssl=1\" alt=\"cgc-journal-cover\" width=\"120\" height=\"155\" \/><\/a><\/b><b><\/b><\/p>\n<p><b><a href=\"http:\/\/onlinelibrary.wiley.com\/journal\/10.1002\/%28ISSN%291864-564X\" target=\"_blank\"><span style=\"color: #003300\">ChemSusChem<\/span><\/a><\/b><\/p>\n<p>\u00c9 uma revista interdiciplinar nas \u00e1reas de Qu\u00edmica Sustent\u00e1vel e Energia de Materias. Tem como objetivo principal a publica\u00e7\u00e3o de artigos cient\u00edficos que visam uma sociedade mais sustent\u00e1vel.<\/p>\n<p><a href=\"http:\/\/onlinelibrary.wiley.com\/journal\/10.1002\/%28ISSN%291864-564X\" target=\"_blank\"><img data-recalc-dims=\"1\" class=\"size-full wp-image-863 aligncenter\" src=\"https:\/\/i0.wp.com\/wp.ufpel.edu.br\/wwverde\/files\/2014\/12\/2476.gif?resize=150%2C199&#038;ssl=1\" alt=\"2476\" width=\"150\" height=\"199\" \/><\/a><\/p>\n<p>&nbsp;<\/p>\n<p><strong><span style=\"color: #003300\">Enviromental Science and Pollution Research<\/span><\/strong><\/p>\n<p>Abrange todas as \u00e1reas da Ci\u00eancia Ambiental e Assuntos Relacionados com \u00eanfase em compostos qu\u00edmicos.<\/p>\n<p><a href=\"http:\/\/www.springer.com\/environment\/journal\/11356?detailsPage=aboutThis\" target=\"_blank\"><img data-recalc-dims=\"1\" class=\"size-full wp-image-878 aligncenter\" src=\"https:\/\/i0.wp.com\/wp.ufpel.edu.br\/wwverde\/files\/2014\/12\/11356.jpg?resize=153%2C203&#038;ssl=1\" alt=\"11356\" width=\"153\" height=\"203\" srcset=\"https:\/\/i0.wp.com\/wp.ufpel.edu.br\/wwverde\/files\/2014\/12\/11356.jpg?w=153&amp;ssl=1 153w, https:\/\/i0.wp.com\/wp.ufpel.edu.br\/wwverde\/files\/2014\/12\/11356.jpg?resize=119%2C159&amp;ssl=1 119w\" sizes=\"(max-width: 153px) 100vw, 153px\" \/> <\/a><\/p>\n<p>&nbsp;<\/p>\n","protected":false},"excerpt":{"rendered":"<p>Worldwide Trends in Green Chemistry Education Autoria: V\u00e2nia Zuin e Liliana Mammino. Este livro aborda quest\u00f5es de Qu\u00edmica Verde, tais como a minimiza\u00e7\u00e3o de res\u00edduos e s\u00edntese limpa. Ele retrata o significado de desenvolvimento sustent\u00e1vel e mostra uma vis\u00e3o geral dos diferentes modelos de como integrar a sustentabilidade na educa\u00e7\u00e3o qu\u00edmica. O livro tamb\u00e9m aborda [&hellip;]<\/p>\n","protected":false},"author":149,"featured_media":0,"parent":0,"menu_order":0,"comment_status":"closed","ping_status":"closed","template":"","meta":{"jetpack_post_was_ever_published":false,"footnotes":""},"class_list":["post-854","page","type-page","status-publish","hentry"],"jetpack_sharing_enabled":true,"jetpack_shortlink":"https:\/\/wp.me\/P4VNan-dM","_links":{"self":[{"href":"https:\/\/wp.ufpel.edu.br\/wwverde\/wp-json\/wp\/v2\/pages\/854","targetHints":{"allow":["GET"]}}],"collection":[{"href":"https:\/\/wp.ufpel.edu.br\/wwverde\/wp-json\/wp\/v2\/pages"}],"about":[{"href":"https:\/\/wp.ufpel.edu.br\/wwverde\/wp-json\/wp\/v2\/types\/page"}],"author":[{"embeddable":true,"href":"https:\/\/wp.ufpel.edu.br\/wwverde\/wp-json\/wp\/v2\/users\/149"}],"replies":[{"embeddable":true,"href":"https:\/\/wp.ufpel.edu.br\/wwverde\/wp-json\/wp\/v2\/comments?post=854"}],"version-history":[{"count":18,"href":"https:\/\/wp.ufpel.edu.br\/wwverde\/wp-json\/wp\/v2\/pages\/854\/revisions"}],"predecessor-version":[{"id":983,"href":"https:\/\/wp.ufpel.edu.br\/wwverde\/wp-json\/wp\/v2\/pages\/854\/revisions\/983"}],"wp:attachment":[{"href":"https:\/\/wp.ufpel.edu.br\/wwverde\/wp-json\/wp\/v2\/media?parent=854"}],"curies":[{"name":"wp","href":"https:\/\/api.w.org\/{rel}","templated":true}]}}