{"id":824,"date":"2014-12-30T11:05:57","date_gmt":"2014-12-30T13:05:57","guid":{"rendered":"https:\/\/wp.ufpel.edu.br\/wwverde\/?page_id=824"},"modified":"2016-11-30T17:44:40","modified_gmt":"2016-11-30T19:44:40","slug":"sustentabilidade-e-quimica-verde","status":"publish","type":"page","link":"https:\/\/wp.ufpel.edu.br\/wwverde\/sustentabilidade-e-quimica-verde\/","title":{"rendered":"Sustentabilidade e Qu\u00edmica Verde"},"content":{"rendered":"<p>&nbsp;<\/p>\n<p>Aqui voc\u00ea encontra artigos, com breve resumo feito pela equipe <strong><span style=\"color: #008000\">WWVerde<\/span><\/strong> ou seu respectivo abstract, relacinados a<span style=\"color: #008000\"><strong> Qu\u00edmica Verde e Sustentabilidade.<\/strong><\/span>\u00a0Os artigos indicados abaixo podem ser acessados gratuitamente.<\/p>\n<p><!--more--><\/p>\n<p style=\"text-align: justify\"><span style=\"color: #003300\"><strong style=\"color: #003300\"><a style=\"color: #003300\" href=\"http:\/\/www.scielo.br\/pdf\/qn\/v37n2\/v37n2a23.pdf\" target=\"_blank\">Aplica\u00e7\u00e3o da radia\u00e7\u00e3o ultravioleta como forma de contribui\u00e7\u00e3o para a qu\u00edmica verde e constru\u00e7\u00e3o de um reator fotoqu\u00edmico alternativo e de baixo custo, para pr\u00e9-tratamento de amostr<\/a><a style=\"color: #003300\" href=\"http:\/\/www.scielo.br\/pdf\/qn\/v37n2\/v37n2a23.pdf\" target=\"_blank\">as.<\/a><\/strong><\/span><\/p>\n<p style=\"text-align: justify\">Marcos M. Gouv\u00eaa, Glayce S. Lima, Adalberto A. Silva Neto, Annibal D. Pereira Netto e Fl\u00e1via F. de C. Marques. <em>Quim Nova,<\/em><strong> 2014<\/strong>, <em>37<\/em>, 337.<\/p>\n<p style=\"text-align: justify\">A radia\u00e7\u00e3o ultravioleta corresponde a uma fra\u00e7\u00e3o da radia\u00e7\u00e3o eletromagn\u00e9tica, cobrindo comprimento de ondas entre 1 e 400 nm. M\u00e9todos baseados em irradia\u00e7\u00e3o UV se tornaram popular por sua possibilidade de tratar amostras simplesmente aplicando energia, evitando procedimentos que requerem o uso de subst\u00e2ncias t\u00f3xicas, deste modo contribuindo para o desenvolvimento da Qu\u00edmica Verde. Este faz uma avalia\u00e7\u00e3o das principais aplica\u00e7\u00f5es de radia\u00e7\u00e3o UV relatadas na literatura e descrever a constru\u00e7\u00e3o de um reator fotoqu\u00edmico alternativo e de baixo custo, para pr\u00e9-tratamento de amostras no laborat\u00f3rio. O uso deste novo reator fotoqu\u00edmico na limpeza de amostras de leite para medi\u00e7\u00f5es espectrofluorim\u00e9tricas tamb\u00e9m foram relatadas.<!--more--><\/p>\n<p style=\"text-align: justify\"><a href=\"https:\/\/www.researchgate.net\/publication\/282291966_Sintese_de_Sulfetos_e_Selenetos_Derivados_do_Oleo_de_Mamona\" target=\"_blank\"><strong style=\"color: #003300\">S\u00edntese de Sulfetos e Selenetos Derivados do \u00d3leo de Mamona.<\/strong><\/a><\/p>\n<p style=\"text-align: justify\">Raquel G. Jacob, Kati\u00facia D. Mesquita, Elton L. Borges, Francieli M. Libero, Lidiane Wruch, Diego Alves, Eder J. Lenard\u00e3o e Gelson Perin.\u00a0<em>Rev. Virtual Quim<\/em>., <strong>2014<\/strong>, <em>6 (1)<\/em>, 152.<\/p>\n<p style=\"text-align: justify\">Este artigo descreve a s\u00edntese de novos compostos organocalcog\u00eanios derivados de fonte renov\u00e1vel, atendendo a alguns dos princ\u00edpios da Qu\u00edmica Verde. Para isto, utilizando o \u00f3leo de mamona como material de partida, foi preparado inicialmente o (Z)-12-[(p-toluenossulfonil)oxi]-9-octadecenoato de metila, intermedi\u00e1rio chave para a s\u00edntese dos (Z)-12-organoilcalcogenoctadec-9-enoatos de alquila via substitui\u00e7\u00e3o nucleof\u00edlica com \u00edons calcogenolatos (tiolatos ou selenolatos). Esta rota sint\u00e9tica se mostrou eficiente para a s\u00edntese de v\u00e1rios sulfetos e selenetos in\u00e9ditos com bons rendimentos.<!--more--><\/p>\n<p style=\"text-align: justify\"><span style=\"color: #003300\"><strong style=\"color: #003300\"><a style=\"color: #003300\" href=\"https:\/\/www.researchgate.net\/publication\/261249385_O_Dioxido_de_Carbono_como_Materia-Prima_para_a_Industria_Quimica_Producao_do_Metanol_Verde\" target=\"_blank\">O Di\u00f3xido de Carbono como Mat\u00e9ria-Prima para a Ind\u00fastria Qu\u00edmica. Produ\u00e7\u00e3o do Metanol Verd<\/a><a style=\"color: #003300\" href=\"http:\/\/www.uff.br\/RVQ\/index.php\/rvq\/article\/view\/429\/313\" target=\"_blank\">e.<\/a><\/strong><\/span><\/p>\n<p style=\"text-align: justify\">Claudio J. A. Mota, Robson S. Monteiro, Eduardo B. V. Maia, Allan F. Pimentel, Jussara L. Miranda, Rita M. B. Alves e Paulo L. A. Coutinho. <em>Rev. Virtual Quim<\/em>.,\u00a0<strong>2014<\/strong>, <em>6 (1)<\/em>, 44.<\/p>\n<p style=\"text-align: justify\">O di\u00f3xido de carbono (CO<sub>2<\/sub>) ainda \u00e9 pouco utilizado como mat\u00e9ria-prima na ind\u00fastria qu\u00edmica. Sua emiss\u00e3o e ac\u00famulo na atmosfera em larga quantidade est\u00e3o associados ao efeito estufa. A busca de processos de convers\u00e3o do CO<sub>2 <\/sub>em produtos qu\u00edmicos, al\u00e9m de trazer benef\u00edcios econ\u00f4micos, tem uma import\u00e2ncia ambiental crescente. A hidrogena\u00e7\u00e3o do CO<sub>2<\/sub> a metanol \u00e9 uma das alternativas mais promissoras de utiliza\u00e7\u00e3o deste g\u00e1s na ind\u00fastria qu\u00edmica. O processo \u00e9 realizado na presen\u00e7a de catalisadores a base de Cu e Zn, que apresentam alta seletividade na forma\u00e7\u00e3o de metanol. Entretanto, a rea\u00e7\u00e3o \u00e9 fortemente afetada pelo equil\u00edbrio termodin\u00e2mico. Portanto, os efeitos da temperatura e press\u00e3o precisam ser conhecidos para que altas taxas de convers\u00e3o do CO<sub>2<\/sub> a metanol sejam obtidas, de modo a permitir o desenvolvimento de processos de convers\u00e3o altamente econ\u00f4micos e eficientes.<!--more--><\/p>\n<p style=\"text-align: justify\"><span style=\"color: #003300\"><b style=\"color: #003300\"><a style=\"color: #003300\" href=\"http:\/\/www.scielo.br\/pdf\/qn\/v37n7\/v37n7a24.pdf\" target=\"_blank\">Qu\u00edmica verde: a evolu\u00e7\u00e3o de um conceit<\/a><a style=\"color: #003300\" href=\"http:\/\/www.scielo.br\/pdf\/qn\/v37n7\/v37n7a24.pdf\" target=\"_blank\">o.<\/a><\/b><\/span><\/p>\n<p style=\"text-align: justify\">Eduardo F. Sousa-Aguiar,\u00a0Jo\u00e3o M. A. R. de Almeida, Pedro N. Romano, Rodrigo P. Fernandes e Yuri Carvalho. <em>Quim. Nova<\/em>, <strong>2014,<\/strong> <em>37<\/em>, 1257.<\/p>\n<p style=\"text-align: justify\">\u00a0O tema \u201cQu\u00edmica Verde\u201d ganhou grande import\u00e2ncia nos anos recentes, sendo mencionado em um crescente n\u00famero de publica\u00e7\u00f5es. Este fato mostra como a preocupa\u00e7\u00e3o sobre desenvolvimento de processos \u201cverdes\u201d tem desempenhado um papel proeminente na comunidade cient\u00edfica. Nesse contexto, o escopo deste trabalho engloba uma an\u00e1lise da evolu\u00e7\u00e3o do tema desde sua concep\u00e7\u00e3o at\u00e9 o presente. Essa an\u00e1lise elucida como a produ\u00e7\u00e3o bibliogr\u00e1fica de \u201cQu\u00edmica Verde\u201d \u00e9 distribu\u00edda ao redor do mundo. Al\u00e9m disso, os principais jornais da disciplina foram listados e classificados, de acordo com o fator de impacto.<!--more--><\/p>\n<p style=\"text-align: justify\"><span style=\"color: #003300\"><strong style=\"color: #003300\"><a style=\"color: #003300\" href=\"http:\/\/rvq.sbq.org.br\/imagebank\/pdf\/v6n1a08.pdf\" target=\"_blank\">Qu\u00edmica Verde, Economia Sustent\u00e1vel e Qualidade de Vid<\/a><a style=\"color: #003300\" href=\"http:\/\/www.uff.br\/RVQ\/index.php\/rvq\/article\/viewFile\/435\/381\" target=\"_blank\">a.<\/a><\/strong><\/span><\/p>\n<p style=\"text-align: justify\">Vitor F. Ferreira, David R. da Rocha e Fernando C. da Silva. <em>Rev. Virtual Quim<\/em>., <strong>2014<\/strong>,<em> 6 (1)<\/em>, 85.<\/p>\n<p style=\"text-align: justify\">\u00a0A imagem da Qu\u00edmica tem sido relacionada a problemas oriundos de atividades industriais desde o in\u00edcio do s\u00e9culo XX. Seus reflexos no meio ambiente refor\u00e7am a necessidade da redu\u00e7\u00e3o de riscos em produtos e processos, e temas como Qu\u00edmica Verde e sustentabilidade v\u00eam sendo discutidos nos meios acad\u00eamicos e industriais. A Qu\u00edmica Verde \u00e9 boa para o meio ambiente, a sa\u00fade humana e economia, mas ainda existem muitas \u201csombras\u201d no verde. Neste artigo, os autores discutem o conceito \u201cverde\u201d da Qu\u00edmica, voltado para o desenvolvimento de novos processos, e de uma reflex\u00e3o mais ampla e global sobre economia sustent\u00e1vel e qualidade de vida.<!--more--><\/p>\n<p style=\"text-align: justify\"><a href=\"http:\/\/www.aedb.br\/seget\/arquivos\/artigos13\/26018198.pdf\" target=\"_blank\"><span style=\"color: #003300\"><strong>\u00a0Produ\u00e7\u00e3o de Tanques Rotomoldados: uma\u00a0Perspectiva da Cadeia Produtiva do Polietileno\u00a0Verde<\/strong><\/span><\/a><\/p>\n<p style=\"text-align: justify\">Luiz Antonio Dalanesi e\u00a0Jos\u00e9 Carlos C. Santana.<em> Simp\u00f3sio de Excel\u00eancia em Gest\u00e3o e Tecnologia,\u00a0<strong>2013<\/strong>.<\/em><\/p>\n<p style=\"text-align: justify\">A cadeia produtiva do polietileno convencional \u00e9 questionada pela sociedade em\u00a0busca do atendimento dos desafios propostos pelas quest\u00f5es de sustentabilidade e pelas leis ambientais\u00a0para buscar fontes alternativas renov\u00e1veis e ao mesmo tempo competitivas, criando desta forma uma\u00a0cadeia de suprimentos sustent\u00e1vel. Em especial a rela\u00e7\u00e3o entre a emiss\u00e3o de CO2 a partir da produ\u00e7\u00e3o de<br \/>\npolietileno com base em combust\u00edveis f\u00f3sseis e captura de CO2 atrav\u00e9s da produ\u00e7\u00e3o de polietileno verde.\u00a0Este artigo discute a quest\u00e3o da sinergia entre os tr\u00eas pilares da sustentabilidade: desenvolvimento\u00a0econ\u00f4mico, s\u00f3cial e a prote\u00e7\u00e3o ambiental. Analisa a cadeia de produ\u00e7\u00e3o dos biopol\u00edmeros e do\u00a0polietileno convencional sintetizado a partir de fontes f\u00f3sseis. Prop\u00f5e o desenvolvimento sustent\u00e1vel de\u00a0uma blenda de biopol\u00edmero para a produ\u00e7\u00e3o de reservat\u00f3rios para \u00e1gua atrav\u00e9s do processo de\u00a0rotomoldagem. A proposta da produ\u00e7\u00e3o utilizando o polietileno verde vem de encontro a necessidade de\u00a0atender a um mercado consumidor de produtos verdes e a uma tend\u00eancia de colocar produtos\u00a0sustent\u00e1veis a disposi\u00e7\u00e3o dos consumidores que est\u00e3o buscando alternativas sustent\u00e1veis em todos os\u00a0segmentos do mercado. Este desenvolvimento vem suprir a car\u00eancia de um produto sustent\u00e1vel para o\u00a0mercado de constru\u00e7\u00e3o civil. O trabalho contribui com a comunidade cientifica acad\u00eamica e empresarial\u00a0com a utiliza\u00e7\u00e3o de resinas fabricadas com 100% de base biol\u00f3gica.<!--more--><\/p>\n<p style=\"text-align: justify\"><span style=\"color: #003300\"><span class=\"Apple-style-span\" style=\"color: #003300\"><b><a style=\"color: #003300\" href=\"http:\/\/www.scielo.br\/pdf\/qn\/v35n6\/a34v35n6.pdf\" target=\"_blank\">Dos primeiros aos segundos doze princ\u00edpios da Qu\u00edmica Ve<\/a><a style=\"color: #003300\" href=\"http:\/\/www.scielo.br\/pdf\/qn\/v35n6\/a34v35n6.pdf\" target=\"_blank\">rde.<\/a><\/b><\/span><\/span><\/p>\n<p style=\"text-align: justify\">Ad\u00e9lio A. S. C. Machado. Quim. Nova, <strong>2012<\/strong>, <em>35<\/em>, 1250.<\/p>\n<p style=\"text-align: justify\">Os segundos 12 princ\u00edpios da Qu\u00edmica Verde s\u00e3o apresentados e discutidos para mostrar como eles pressionam os qu\u00edmicos acad\u00eamicos a focar na inven\u00e7\u00e3o de caminhos sint\u00e9ticos mais diretamente no desenvolvimento de processos industriais, permitindo um avan\u00e7o mais r\u00e1pido ao longo da cadeia de esverdeamento e uma implementa\u00e7\u00e3o mais suave da Qu\u00edmica Verde nas pr\u00e1ticas da qu\u00edmica industrial. As rela\u00e7\u00f5es entre os dois conjuntos de princ\u00edpios s\u00e3o tentativamente estabelecidas e discutidas para facilitar sua utiliza\u00e7\u00e3o conjunta. A rede de conex\u00f5es mostra a natureza sist\u00eamica da Qu\u00edmica Verde.<!--more--><\/p>\n<p style=\"text-align: justify\"><span style=\"color: #003300\"><a style=\"color: #003300\" href=\"http:\/\/www.scielo.br\/pdf\/qn\/v34n7\/v34n7a32.pdf\" target=\"_blank\"><strong>Import\u00e2ncia da Log\u00edstica da via de S\u00edntese em Qu\u00edmica Verde.\u00a0<\/strong><\/a><\/span><\/p>\n<p style=\"text-align: justify\">Ad\u00e9lio A. S. C. Machado. <em>Quim. Nova<\/em>, <strong>2011<\/strong>, <em>34<\/em>, 1291.<\/p>\n<p style=\"text-align: justify\">Este artigo discute o papel da log\u00edstica no planejamento de rotas sint\u00e9ticas visando ao esverdeamento. A influ\u00eancia nos custos (de reagentes, solventes e custo total), bem como nas m\u00e9tricas verdes da produtividade at\u00f4mica (economia at\u00f4mica e fator E), da posi\u00e7\u00e3o de uma etapa com baixo rendimento ao longo do percurso da s\u00edntese, ou envolvendo alta dilui\u00e7\u00e3o dos reagentes ou reagentes caros, foram avaliadas por c\u00e1lculos em um modelo de caminho linear.\u00a0Os resultados mostram a import\u00e2ncia econ\u00f4mica da Qu\u00edmica Verde e fornece informa\u00e7\u00f5es \u00fateis para o planejamento do caminho reacional ou sua melhoria.<!--more--><\/p>\n<p style=\"text-align: justify\"><span style=\"color: #003300\"><b style=\"color: #003300\"><a style=\"color: #003300\" href=\"http:\/\/www.scielo.br\/pdf\/qn\/v34n6\/30.pdf\" target=\"_blank\">Vinte anos de qu\u00edmica verde: conquistas e desaf<\/a><a style=\"color: #003300\" href=\"http:\/\/www.scielo.br\/pdf\/qn\/v34n6\/30.pdf\" target=\"_blank\">ios.<\/a><\/b><\/span><\/p>\n<p style=\"text-align: justify\">Luciana A. Farias e D\u00e9borah I. T. F\u00e1varo. Quim. Nova, <strong>2011<\/strong>, <em>34<\/em>, 1089.<\/p>\n<p style=\"text-align: justify\">O ano de 2011 foi escolhido como ano internacional da Qu\u00edmica e ir\u00e1 focar na import\u00e2ncia da sustentabilidade no \u00e2mbito da qu\u00edmica. O programa \u201cRotas Sint\u00e9ticas Alternativas para a Preven\u00e7\u00e3o da Polui\u00e7\u00e3o\u201d, implementado 20 anos atr\u00e1s nos EUA marcou o in\u00edcio oficial da Qu\u00edmica Verde. Atualmente, muitas linhas de pesquisa em qu\u00edmica observam e obedecem os princ\u00edpios da Qu\u00edmica Verde, contribuindo significativamente para o avan\u00e7o da ci\u00eancia. Neste artigo os autores apresentam uma vis\u00e3o geral de trabalhos publicados em Qu\u00edmica Verde em revistas cient\u00edficas nacionais e internacionais presente no \u201cPortal de Dados CAPES\u201d, de 1997 a 2010.<!--more--><\/p>\n<p style=\"text-align: justify\"><span style=\"color: #003300\"><a style=\"color: #003300\" href=\"http:\/\/www.sober.org.br\/palestra\/13\/546.pdf\" target=\"_blank\"><strong>An\u00e1lise Econ\u00f4mica da Sustentabilidade da Cadeia Produtiva de Etanol de Batata- Doce no estado do Tocantis.<\/strong><\/a><\/span><\/p>\n<p style=\"text-align: justify\">Waldecy Rodrigues, Keile Aparecida Beraldo e M\u00e1rcio Ant\u00f4nio Silveira.\u00a0Sociedade Brasileira de Economia, Administra\u00e7\u00e3o e Sociologia Rural,\u00a0<strong>2009<\/strong>.<\/p>\n<p style=\"text-align: justify\">Este artigo analisa a sustentabilidade econ\u00f4mica, ambiental e social para a implanta\u00e7\u00e3o de uma cadeia produtiva para a produ\u00e7\u00e3o de etanol como biocombust\u00edvel, a partir da batata-doce, no munic\u00edpio de Palmas \u2013 TO.\u00a0 O m\u00e9todo utilizado neste estudo foi a an\u00e1lise custo \u2013 beneficio, incluindo-se aspectos de rentabilidade econ\u00f4mica, externalidades sociais e ambientais. Para fins anal\u00edticos, os indicadores calculados da produ\u00e7\u00e3o de biocombust\u00edvel da batata-doce foram comparados aos da cana-de-a\u00e7\u00facar, por ser a refer\u00eancia para produ\u00e7\u00e3o de etanol no pa\u00eds.\u00a0 Como resultado obteve-se que a produ\u00e7\u00e3o de etanol, para fins combust\u00edveis, a partir da batata-doce apesar de ser vi\u00e1vel do ponto de vista econ\u00f4mico, apresenta claras desvantagens com rela\u00e7\u00e3o ao processamento a partir da cana-de-a\u00e7\u00facar, onde este tem uma superior rentabilidade unit\u00e1ria e, principalmente, maiores ganhos de escala.\u00a0 Por\u00e9m, quando se aborda a sustentabilidade de toda a cadeia produtiva da cana-de-a\u00e7\u00facar, verifica-se que o custo causado pelas queimadas \u00e0 sociedade faz com que a mesma seja n\u00e3o sustent\u00e1vel.\u00a0 J\u00e1 para o caso da batata-doce, apesar de ser um neg\u00f3cio menos atrativo do ponto de vista econ\u00f4mico-financeiro, tr\u00e1s maiores ganhos sociais e ambientais.<!--more--><\/p>\n<p style=\"text-align: justify\"><span style=\"color: #003300\"><strong><a style=\"color: #003300\" href=\"http:\/\/www.spq.pt\/magazines\/BSPQ\/628\/article\/30001339\/pdf\" target=\"_blank\">Alfred Nobel &#8211; O &#8221;Primeiro Qu\u00edmico Verde&#8221; ?<\/a><\/strong><\/span><\/p>\n<p style=\"text-align: justify\">Ad\u00e9lio A. S. C. Machado.<strong>\u00a0<\/strong>BSPQ<strong>\u00a02006<\/strong>, 103, 45.<\/p>\n<p style=\"text-align: justify\">Neste artigo o autor faz uma analogia entre a contribui\u00e7\u00e3o de Alfred Nobel no S\u00e9c. XIX e algumas atitudes preconizadas atualmente pela Qu\u00edmica Verde (QV), mostrando mais uma faceta de Nobel: a de precursor da QV.<!--more--><\/p>\n<p style=\"text-align: justify\"><strong><span style=\"color: #003300\"><a style=\"color: #003300\" href=\"http:\/\/www.spq.pt\/magazines\/BSPQ\/623\/article\/30001266\/pdf\" target=\"_blank\">O quadro da Classifica\u00e7\u00e3o Peri\u00f3dica da Sustentabilidade &#8211; Uma met\u00e1fora para a Qu\u00edmica Verde e Ecologia Industrial.<\/a>\u00a0<\/span><\/strong><\/p>\n<p style=\"text-align: justify\">Ad\u00e9lio A. S. C. Machado.<strong>\u00a0<\/strong><em>BSPQ,<\/em><strong><em>\u00a0<\/em>2005<\/strong>, 98, 21.<\/p>\n<p style=\"text-align: justify\">O autor apresenta neste artigo uma met\u00e1fora gr\u00e1fica sobre o Quadro de Classifica\u00e7\u00e3o Peri\u00f3dica (QCP), que consiste em adicionar-lhe tr\u00eas ingredientes que devem ser levados em conta quando se deseja praticar a Qu\u00edmica Industrial tendo em vista o Desenvolvimento Sustent\u00e1vel, que s\u00e3o: a Energia, a Economia e o Ambiente.<!--more--><\/p>\n<p style=\"text-align: justify\"><span style=\"color: #003300\"><a style=\"color: #003300\" href=\"http:\/\/www.scielo.br\/pdf\/qn\/v28n1\/23046.pdf\" target=\"_blank\"><strong>Desenvolvimento Sustent\u00e1vel e Qu\u00edmica Verde.<\/strong><\/a><\/span><\/p>\n<p style=\"text-align: justify\">Flavia M. Silva, Paulo S. B. Lacerda e Joel Jones Jr.<strong>\u00a0<\/strong><em>Quim. Nova<\/em>,\u00a0<strong>2005<\/strong>, <em>28<\/em>, 103.<\/p>\n<p style=\"text-align: justify\">Este artigo apresenta uma breve discuss\u00e3o sobre a Agenda 21 e o papel da qu\u00edmica verde na busca do desenvolvimento sustent\u00e1vel. S\u00e3o apresentados os 12 princ\u00edpios da qu\u00edmica verde e tamb\u00e9m v\u00e1rios exemplos de rea\u00e7\u00f5es e\/ou novos procedimentos experimentais desenvolvidos recentemente que se enquadram dentro da filosofia da qu\u00edmica verde.<!--more--><\/p>\n<p style=\"text-align: justify\"><span style=\"color: #003300\"><a style=\"color: #003300\" href=\"http:\/\/www.spq.pt\/magazines\/BSPQ\/620\/article\/30001217\/pdf\" target=\"_blank\"><strong>Qu\u00edmica e Desenvolvimento Sustent\u00e1vel &#8211; QV, QUIVES, QUISUS?<\/strong>\u00a0<\/a><\/span><\/p>\n<p style=\"text-align: justify\">Ad\u00e9lio A. S. C. Machado. <strong>\u00a0<\/strong><em>BSPQ, \u00a0<\/em><strong>2004<\/strong>, 95, 59.<\/p>\n<p style=\"text-align: justify\">Este artigo apresenta uma reflex\u00e3o sobre as rela\u00e7\u00f5es entre a Qu\u00edmica e o Ambiente ao longo do s\u00e9culo XX, que come\u00e7aram pela Geoqu\u00edmica e levaram \u00e0 Qu\u00edmica Verde. O autor discute a preocupa\u00e7\u00e3o atual de ligar a Qu\u00edmica ao Desenvolvimento Sustent\u00e1vel (ou Sustentabilidade) \u2013 traduzida pela introdu\u00e7\u00e3o muito recente da Qu\u00edmica Verde e Sustent\u00e1vel (QUIVES) ou Qu\u00edmica Sustent\u00e1vel (QUISUS).<\/p>\n<p style=\"text-align: justify\"><!--more--><\/p>\n<p style=\"text-align: justify\"><span style=\"color: #003300\"><a style=\"color: #003300\" href=\"http:\/\/www.scielo.br\/pdf\/qn\/v27n1\/18823.pdf\" target=\"_blank\"><strong>Modifica\u00e7\u00e3o de \u00d3leos e Gorduras por Biotransforma\u00e7\u00e3<\/strong><strong>o<\/strong>.<\/a> <\/span><\/p>\n<p style=\"text-align: justify\">Heizir F. Castro, \u00a0Adriano A. Mendes, \u00a0J\u00falio C. Santos e Cl\u00e1udio L. Aguiar.<strong>\u00a0<\/strong><em>Quim. Nova<\/em>,\u00a0<strong>2004<\/strong>, <em>27<\/em>, 146.<\/p>\n<p style=\"text-align: justify\">Este artigo de divulga\u00e7\u00e3o apresenta uma ampla discuss\u00e3o sobre a biotransforma\u00e7\u00e3o de \u00f3leos e graxas. Este \u00e9 um assunto estreitamente relacionado \u00e0 qu\u00edmica verde, pois envolve cat\u00e1lise e mat\u00e9ria-prima de fonte renov\u00e1vel, contemplando os princ\u00edpios 7 e 9.<\/p>\n<p style=\"text-align: justify\"><span style=\"color: #333333\"><!--more--><\/span><\/p>\n<p style=\"text-align: justify\"><span class=\"Apple-style-span\" style=\"color: #003300\"><a style=\"color: #003300\" href=\"http:\/\/www.scielo.br\/pdf\/qn\/v26n5\/17210.pdf\" target=\"_blank\"><strong>Qu\u00edmica Verde, Os desafios da Qu\u00edmica do Novo Mil\u00eanio<\/strong>.<\/a><\/span><\/p>\n<p style=\"text-align: justify\"><span class=\"Apple-style-span\">Alexandre G. S. Prado. <em>Quim. Nova<\/em>,\u00a0<strong>2003<\/strong>, 26, 738.\u00a0<\/span><\/p>\n<p style=\"text-align: justify\"><span class=\"Apple-style-span\">Os 12 princ\u00edpios da qu\u00edmica verde s\u00e3o apresentados, juntamente com uma s\u00e9rie de exemplos da qu\u00edmica verde em a\u00e7\u00e3o, com especial \u00eanfase em m\u00e9todos catal\u00edticos, destacando-se a cat\u00e1lise por s\u00f3lidos \u00e1cidos e b\u00e1sicos, cat\u00e1lise em sistemas bif\u00e1sicos, fotocat\u00e1lise e biocat\u00e1lise.<\/span><\/p>\n<p style=\"text-align: justify\"><span style=\"color: #333333\"><!--more--><\/span><\/p>\n<p style=\"text-align: justify\"><a style=\"color: #003300\" href=\"http:\/\/www.scielo.br\/pdf\/qn\/v25n4\/10542.pdf\" target=\"_blank\"><strong>Microondas em S\u00edntese Org\u00e2nica.<\/strong><\/a><\/p>\n<p style=\"text-align: justify\"><span class=\"Apple-style-span\">Antonio M. Sanseverino. <em>Quim Nova,<\/em> <strong>2002<\/strong>,\u00a0<em>25,\u00a0<\/em>660.\u00a0<\/span><\/p>\n<p style=\"text-align: justify\"><span class=\"Apple-style-span\">Neste artigo \u00e9 apresentado uma revis\u00e3o da literatura envolvendo o uso de microondas em s\u00edntese org\u00e2nica. Aspectos relacionados ao aumento da velocidade de rea\u00e7\u00e3o, melhores rendimentos e maior seletividade s\u00e3o discutidos e alguns exemplos apresentados.<\/span><!--more--><\/p>\n<p style=\"text-align: justify\"><a style=\"color: #003300\" href=\"http:\/\/www.scielo.br\/pdf\/qn\/v24n5\/a12v24n5.pdf\" target=\"_blank\"><strong>Rea\u00e7\u00f5es Org\u00e2nicas em Meio Aquoso<\/strong>.<\/a><\/p>\n<p style=\"text-align: justify\"><span class=\"Apple-style-span\">Flavia M. Silva e Joel Jones Jr.\u00a0<em>Quim. Nova,<\/em>\u00a0<strong>2001<\/strong>, <em>24<\/em>, 646.\u00a0<\/span><\/p>\n<p style=\"text-align: justify\"><span class=\"Apple-style-span\">Neste artigo de revis\u00e3o s\u00e3o descritos v\u00e1rios exemplos da utiliza\u00e7\u00e3o de \u00e1gua como solvente em s\u00edntese org\u00e2nica.<\/span><!--more--><\/p>\n<p style=\"text-align: justify\"><span class=\"Apple-style-span\" style=\"color: #003300\"><a style=\"color: #003300\" href=\"http:\/\/www.scielo.br\/pdf\/qn\/v23n6\/3540.pdf\" target=\"_blank\"><strong>Economia de \u00c1tomos, Engenharia Molecular e Cat\u00e1lise Organomet\u00e1lica Bif\u00e1sica: Conceitos Moleculares para Tecnologias Limpas<\/strong><\/a>.\u00a0<\/span><\/p>\n<p><span class=\"Apple-style-span\">Jairton Dupont. <em>Quim. Nova<\/em>,<strong> 2000<\/strong>,\u00a0<em>23,\u00a0<\/em>825.<\/span><\/p>\n<p><span class=\"Apple-style-span\">Este artigo discute os conceitos de economia de \u00e1tomos, engenharia molecular e cat\u00e1lise organomet\u00e1lica bif\u00e1sica, relacionamdo-os com a qu\u00edmica sustent\u00e1vel.<\/span><!--more--><\/p>\n<p><strong><span style=\"color: #003300\"><a style=\"color: #003300\" href=\"http:\/\/duke.summon.serialssolutions.com\/advanced?summonVersion=2.0#!\/search?ho=t&amp;fvf=ContentType,Journal%20Article,f%7CContentType,Magazine%20Article,f%7CContentType,Book%20Chapter,f%7CContentType,Book%20%2F%20eBook,f%7CContentType,Paper,f&amp;l=en&amp;q=A%20Review%20of%20Advancements%20in%20Green%20Chemistry%202004\" target=\"_blank\">A Review of Advancements in Green Chemistry.\u00a0<\/a><\/span><\/strong><\/p>\n<p><span class=\"Apple-style-span\" style=\"color: #333333\">\u00a0<\/span><span class=\"Apple-style-span\">Josh Johnson,\u00a0<\/span><span class=\"Apple-style-span\"><a href=\"http:\/\/www.lib.duke.edu\/chem\/chem110\/papers\/JoshJohnson.htm\" target=\"_blank\">Duke University Libraries<\/a>.<\/span><\/p>\n<p>Este artigo (em ingl\u00eas) apresenta uma vis\u00e3o geral sobre os avan\u00e7os recentes da qu\u00edmica verde com \u00eanfase na rea\u00e7\u00e3o de Diels-Alder. Foram compilados dados entre 2000 e 2004.<\/p>\n<p style=\"text-align: justify\">\n","protected":false},"excerpt":{"rendered":"<p>&nbsp; Aqui voc\u00ea encontra artigos, com breve resumo feito pela equipe WWVerde ou seu respectivo abstract, relacinados a Qu\u00edmica Verde e Sustentabilidade.\u00a0Os artigos indicados abaixo podem ser acessados gratuitamente.<\/p>\n","protected":false},"author":149,"featured_media":0,"parent":0,"menu_order":0,"comment_status":"closed","ping_status":"closed","template":"","meta":{"jetpack_post_was_ever_published":false,"footnotes":""},"class_list":["post-824","page","type-page","status-publish","hentry"],"jetpack_sharing_enabled":true,"jetpack_shortlink":"https:\/\/wp.me\/P4VNan-di","_links":{"self":[{"href":"https:\/\/wp.ufpel.edu.br\/wwverde\/wp-json\/wp\/v2\/pages\/824","targetHints":{"allow":["GET"]}}],"collection":[{"href":"https:\/\/wp.ufpel.edu.br\/wwverde\/wp-json\/wp\/v2\/pages"}],"about":[{"href":"https:\/\/wp.ufpel.edu.br\/wwverde\/wp-json\/wp\/v2\/types\/page"}],"author":[{"embeddable":true,"href":"https:\/\/wp.ufpel.edu.br\/wwverde\/wp-json\/wp\/v2\/users\/149"}],"replies":[{"embeddable":true,"href":"https:\/\/wp.ufpel.edu.br\/wwverde\/wp-json\/wp\/v2\/comments?post=824"}],"version-history":[{"count":41,"href":"https:\/\/wp.ufpel.edu.br\/wwverde\/wp-json\/wp\/v2\/pages\/824\/revisions"}],"predecessor-version":[{"id":1198,"href":"https:\/\/wp.ufpel.edu.br\/wwverde\/wp-json\/wp\/v2\/pages\/824\/revisions\/1198"}],"wp:attachment":[{"href":"https:\/\/wp.ufpel.edu.br\/wwverde\/wp-json\/wp\/v2\/media?parent=824"}],"curies":[{"name":"wp","href":"https:\/\/api.w.org\/{rel}","templated":true}]}}