{"id":751,"date":"2014-12-14T21:44:04","date_gmt":"2014-12-14T23:44:04","guid":{"rendered":"https:\/\/wp.ufpel.edu.br\/wwverde\/?page_id=751"},"modified":"2014-12-14T21:44:04","modified_gmt":"2014-12-14T23:44:04","slug":"noticias-anteriores","status":"publish","type":"page","link":"https:\/\/wp.ufpel.edu.br\/wwverde\/noticias-anteriores\/","title":{"rendered":"Not\u00edcias anteriores"},"content":{"rendered":"<p>Aqui voc\u00ea tem acesso a not\u00edcias mais antigas publicadas no site.<\/p>\n","protected":false},"excerpt":{"rendered":"<p>Aqui voc\u00ea tem acesso a not\u00edcias mais antigas publicadas no site.<\/p>\n","protected":false},"author":149,"featured_media":0,"parent":0,"menu_order":0,"comment_status":"closed","ping_status":"closed","template":"","meta":{"jetpack_post_was_ever_published":false,"footnotes":""},"class_list":["post-751","page","type-page","status-publish","hentry"],"jetpack_sharing_enabled":true,"jetpack_shortlink":"https:\/\/wp.me\/P4VNan-c7","_links":{"self":[{"href":"https:\/\/wp.ufpel.edu.br\/wwverde\/wp-json\/wp\/v2\/pages\/751","targetHints":{"allow":["GET"]}}],"collection":[{"href":"https:\/\/wp.ufpel.edu.br\/wwverde\/wp-json\/wp\/v2\/pages"}],"about":[{"href":"https:\/\/wp.ufpel.edu.br\/wwverde\/wp-json\/wp\/v2\/types\/page"}],"author":[{"embeddable":true,"href":"https:\/\/wp.ufpel.edu.br\/wwverde\/wp-json\/wp\/v2\/users\/149"}],"replies":[{"embeddable":true,"href":"https:\/\/wp.ufpel.edu.br\/wwverde\/wp-json\/wp\/v2\/comments?post=751"}],"version-history":[{"count":1,"href":"https:\/\/wp.ufpel.edu.br\/wwverde\/wp-json\/wp\/v2\/pages\/751\/revisions"}],"predecessor-version":[{"id":752,"href":"https:\/\/wp.ufpel.edu.br\/wwverde\/wp-json\/wp\/v2\/pages\/751\/revisions\/752"}],"wp:attachment":[{"href":"https:\/\/wp.ufpel.edu.br\/wwverde\/wp-json\/wp\/v2\/media?parent=751"}],"curies":[{"name":"wp","href":"https:\/\/api.w.org\/{rel}","templated":true}]}}