{"id":738,"date":"2014-12-14T21:14:28","date_gmt":"2014-12-14T23:14:28","guid":{"rendered":"https:\/\/wp.ufpel.edu.br\/wwverde\/?page_id=738"},"modified":"2015-01-01T14:56:52","modified_gmt":"2015-01-01T16:56:52","slug":"confira-aqui-algumas-fotos-do-workshop-sobre-selenio-e-telurio","status":"publish","type":"page","link":"https:\/\/wp.ufpel.edu.br\/wwverde\/confira-aqui-algumas-fotos-do-workshop-sobre-selenio-e-telurio\/","title":{"rendered":"Confira aqui algumas fotos do Workshop sobre Sel\u00eanio e Tel\u00fario"},"content":{"rendered":"<p>Confira a seguir algumas imagens do Workshop sobre S\u00ealenio e Telurio, que ocorreu nos dias 28 e 29 de novembro de 2014, no Hotel Itaimb\u00e9 em Santa Maria.<\/p>\n<p class=\"jetpack-slideshow-noscript robots-nocontent\">Este slideshow necessita de JavaScript.<\/p><div id=\"gallery-738-1-slideshow\" class=\"jetpack-slideshow-window jetpack-slideshow jetpack-slideshow-black\" data-trans=\"fade\" data-autostart=\"1\" data-gallery=\"[{&quot;src&quot;:&quot;https:\\\/\\\/i0.wp.com\\\/wp.ufpel.edu.br\\\/wwverde\\\/files\\\/2014\\\/12\\\/10433158_759936730755291_3152342237885954649_n.jpg?fit=960%2C720\\u0026ssl=1&quot;,&quot;id&quot;:&quot;881&quot;,&quot;title&quot;:&quot;WWVerde&quot;,&quot;alt&quot;:&quot;&quot;,&quot;caption&quot;:&quot;&quot;,&quot;itemprop&quot;:&quot;image&quot;},{&quot;src&quot;:&quot;https:\\\/\\\/i0.wp.com\\\/wp.ufpel.edu.br\\\/wwverde\\\/files\\\/2014\\\/12\\\/10849808_584524484982495_5133505951665619533_n.jpg?fit=960%2C719\\u0026ssl=1&quot;,&quot;id&quot;:&quot;744&quot;,&quot;title&quot;:&quot;WWVerde&quot;,&quot;alt&quot;:&quot;&quot;,&quot;caption&quot;:&quot;&quot;,&quot;itemprop&quot;:&quot;image&quot;},{&quot;src&quot;:&quot;https:\\\/\\\/i0.wp.com\\\/wp.ufpel.edu.br\\\/wwverde\\\/files\\\/2014\\\/12\\\/10846211_584523994982544_2536336055675488336_n.jpg?fit=960%2C719\\u0026ssl=1&quot;,&quot;id&quot;:&quot;743&quot;,&quot;title&quot;:&quot;WWVerde&quot;,&quot;alt&quot;:&quot;&quot;,&quot;caption&quot;:&quot;&quot;,&quot;itemprop&quot;:&quot;image&quot;},{&quot;src&quot;:&quot;https:\\\/\\\/i0.wp.com\\\/wp.ufpel.edu.br\\\/wwverde\\\/files\\\/2014\\\/12\\\/10675572_584524384982505_7278335991292083568_n.jpg?fit=960%2C719\\u0026ssl=1&quot;,&quot;id&quot;:&quot;742&quot;,&quot;title&quot;:&quot;WWVerde&quot;,&quot;alt&quot;:&quot;&quot;,&quot;caption&quot;:&quot;&quot;,&quot;itemprop&quot;:&quot;image&quot;},{&quot;src&quot;:&quot;https:\\\/\\\/i0.wp.com\\\/wp.ufpel.edu.br\\\/wwverde\\\/files\\\/2014\\\/12\\\/10407428_584524974982446_548642409557140849_n.jpg?fit=960%2C719\\u0026ssl=1&quot;,&quot;id&quot;:&quot;741&quot;,&quot;title&quot;:&quot;WWVerde&quot;,&quot;alt&quot;:&quot;&quot;,&quot;caption&quot;:&quot;&quot;,&quot;itemprop&quot;:&quot;image&quot;},{&quot;src&quot;:&quot;https:\\\/\\\/i0.wp.com\\\/wp.ufpel.edu.br\\\/wwverde\\\/files\\\/2014\\\/12\\\/10357810_584524188315858_4374195407245738422_n.jpg?fit=960%2C719\\u0026ssl=1&quot;,&quot;id&quot;:&quot;740&quot;,&quot;title&quot;:&quot;WWVerde&quot;,&quot;alt&quot;:&quot;&quot;,&quot;caption&quot;:&quot;&quot;,&quot;itemprop&quot;:&quot;image&quot;},{&quot;src&quot;:&quot;https:\\\/\\\/i0.wp.com\\\/wp.ufpel.edu.br\\\/wwverde\\\/files\\\/2014\\\/12\\\/1888744_584524101649200_9193544429709674227_n.jpg?fit=960%2C719\\u0026ssl=1&quot;,&quot;id&quot;:&quot;739&quot;,&quot;title&quot;:&quot;WWVerde&quot;,&quot;alt&quot;:&quot;&quot;,&quot;caption&quot;:&quot;&quot;,&quot;itemprop&quot;:&quot;image&quot;}]\" itemscope itemtype=\"https:\/\/schema.org\/ImageGallery\"><\/div>\n<p>&nbsp;<\/p>\n","protected":false},"excerpt":{"rendered":"<p>Confira a seguir algumas imagens do Workshop sobre S\u00ealenio e Telurio, que ocorreu nos dias 28 e 29 de novembro de 2014, no Hotel Itaimb\u00e9 em Santa Maria. &nbsp;<\/p>\n","protected":false},"author":149,"featured_media":0,"parent":0,"menu_order":0,"comment_status":"closed","ping_status":"closed","template":"","meta":{"jetpack_post_was_ever_published":false,"footnotes":""},"class_list":["post-738","page","type-page","status-publish","hentry"],"jetpack_sharing_enabled":true,"jetpack_shortlink":"https:\/\/wp.me\/P4VNan-bU","_links":{"self":[{"href":"https:\/\/wp.ufpel.edu.br\/wwverde\/wp-json\/wp\/v2\/pages\/738","targetHints":{"allow":["GET"]}}],"collection":[{"href":"https:\/\/wp.ufpel.edu.br\/wwverde\/wp-json\/wp\/v2\/pages"}],"about":[{"href":"https:\/\/wp.ufpel.edu.br\/wwverde\/wp-json\/wp\/v2\/types\/page"}],"author":[{"embeddable":true,"href":"https:\/\/wp.ufpel.edu.br\/wwverde\/wp-json\/wp\/v2\/users\/149"}],"replies":[{"embeddable":true,"href":"https:\/\/wp.ufpel.edu.br\/wwverde\/wp-json\/wp\/v2\/comments?post=738"}],"version-history":[{"count":6,"href":"https:\/\/wp.ufpel.edu.br\/wwverde\/wp-json\/wp\/v2\/pages\/738\/revisions"}],"predecessor-version":[{"id":882,"href":"https:\/\/wp.ufpel.edu.br\/wwverde\/wp-json\/wp\/v2\/pages\/738\/revisions\/882"}],"wp:attachment":[{"href":"https:\/\/wp.ufpel.edu.br\/wwverde\/wp-json\/wp\/v2\/media?parent=738"}],"curies":[{"name":"wp","href":"https:\/\/api.w.org\/{rel}","templated":true}]}}