{"id":682,"date":"2014-10-23T20:22:28","date_gmt":"2014-10-23T22:22:28","guid":{"rendered":"https:\/\/wp.ufpel.edu.br\/wwverde\/?page_id=682"},"modified":"2014-10-23T20:24:35","modified_gmt":"2014-10-23T22:24:35","slug":"publicacao-mapeia-projetos-em-quimica-verde-no-mundo","status":"publish","type":"page","link":"https:\/\/wp.ufpel.edu.br\/wwverde\/publicacao-mapeia-projetos-em-quimica-verde-no-mundo\/","title":{"rendered":"Publica\u00e7\u00e3o mapeia projetos em Qu\u00edmica Verde no mundo."},"content":{"rendered":"<p><span style=\"color: #3e454c\">Publica\u00e7\u00e3o mapeia projetos em Qu\u00edmica Verde no mundo<\/span><\/p>\n<p><br style=\"color: #3e454c\" \/><span style=\"color: #3e454c\">Saiu na revista Exame que Empresa de consultoria Elabora Consultoria, com apoio da FAPESP, preparou um comp\u00eandio, reunindo 250 iniciativas de cria\u00e7\u00e3o de produtos e processos qu\u00edmicos ambientalmente sust\u00e1veis que est\u00e3o sendo desenvolvidas em diferentes pa\u00edses.<\/span><\/p>\n<p>Confira a not\u00edcia completa clicando <a href=\"http:\/\/exame.abril.com.br\/tecnologia\/noticias\/publicacao-mapeia-projetos-em-quimica-verde-no-mundo\" target=\"_blank\">aqui<\/a>.<\/p>\n<p>&nbsp;<\/p>\n","protected":false},"excerpt":{"rendered":"<p>Publica\u00e7\u00e3o mapeia projetos em Qu\u00edmica Verde no mundo Saiu na revista Exame que Empresa de consultoria Elabora Consultoria, com apoio da FAPESP, preparou um comp\u00eandio, reunindo 250 iniciativas de cria\u00e7\u00e3o de produtos e processos qu\u00edmicos ambientalmente sust\u00e1veis que est\u00e3o sendo desenvolvidas em diferentes pa\u00edses. Confira a not\u00edcia completa clicando aqui. &nbsp;<\/p>\n","protected":false},"author":149,"featured_media":0,"parent":0,"menu_order":0,"comment_status":"closed","ping_status":"open","template":"","meta":{"jetpack_post_was_ever_published":false,"footnotes":""},"class_list":["post-682","page","type-page","status-publish","hentry"],"jetpack_sharing_enabled":true,"jetpack_shortlink":"https:\/\/wp.me\/P4VNan-b0","_links":{"self":[{"href":"https:\/\/wp.ufpel.edu.br\/wwverde\/wp-json\/wp\/v2\/pages\/682","targetHints":{"allow":["GET"]}}],"collection":[{"href":"https:\/\/wp.ufpel.edu.br\/wwverde\/wp-json\/wp\/v2\/pages"}],"about":[{"href":"https:\/\/wp.ufpel.edu.br\/wwverde\/wp-json\/wp\/v2\/types\/page"}],"author":[{"embeddable":true,"href":"https:\/\/wp.ufpel.edu.br\/wwverde\/wp-json\/wp\/v2\/users\/149"}],"replies":[{"embeddable":true,"href":"https:\/\/wp.ufpel.edu.br\/wwverde\/wp-json\/wp\/v2\/comments?post=682"}],"version-history":[{"count":3,"href":"https:\/\/wp.ufpel.edu.br\/wwverde\/wp-json\/wp\/v2\/pages\/682\/revisions"}],"predecessor-version":[{"id":687,"href":"https:\/\/wp.ufpel.edu.br\/wwverde\/wp-json\/wp\/v2\/pages\/682\/revisions\/687"}],"wp:attachment":[{"href":"https:\/\/wp.ufpel.edu.br\/wwverde\/wp-json\/wp\/v2\/media?parent=682"}],"curies":[{"name":"wp","href":"https:\/\/api.w.org\/{rel}","templated":true}]}}