{"id":652,"date":"2014-10-03T19:43:39","date_gmt":"2014-10-03T22:43:39","guid":{"rendered":"https:\/\/wp.ufpel.edu.br\/wwverde\/?page_id=652"},"modified":"2014-10-03T20:01:23","modified_gmt":"2014-10-03T23:01:23","slug":"professora-da-ufscar-recebe-premio-internacional-em-quimica-verde","status":"publish","type":"page","link":"https:\/\/wp.ufpel.edu.br\/wwverde\/professora-da-ufscar-recebe-premio-internacional-em-quimica-verde\/","title":{"rendered":"Professora da UFSCar recebe pr\u00eamio internacional em &#8216;Qu\u00edmica Verde&#8217;"},"content":{"rendered":"<p>Professora \u00a0do Departamente de Qu\u00edmica da Universidade Federal de S\u00e3o Carlos, foi premiada com o &#8220;2014 Chemrawn VII Prize for Atmospheric and Green Chemistry&#8221;. Um dos mais mais impotantes pr\u00eamios do mundo em rela\u00e7\u00e3o a Quimica Verde.<\/p>\n<p>Saiba mais clicando <a title=\"aqui\" href=\"http:\/\/www.bonde.com.br\/?id_bonde=1-12--399-20140930\">aqui<\/a><\/p>\n<p>&nbsp;<\/p>\n","protected":false},"excerpt":{"rendered":"<p>Professora \u00a0do Departamente de Qu\u00edmica da Universidade Federal de S\u00e3o Carlos, foi premiada com o &#8220;2014 Chemrawn VII Prize for Atmospheric and Green Chemistry&#8221;. Um dos mais mais impotantes pr\u00eamios do mundo em rela\u00e7\u00e3o a Quimica Verde. Saiba mais clicando aqui &nbsp;<\/p>\n","protected":false},"author":149,"featured_media":0,"parent":0,"menu_order":0,"comment_status":"closed","ping_status":"open","template":"","meta":{"jetpack_post_was_ever_published":false,"footnotes":""},"class_list":["post-652","page","type-page","status-publish","hentry"],"jetpack_sharing_enabled":true,"jetpack_shortlink":"https:\/\/wp.me\/P4VNan-aw","_links":{"self":[{"href":"https:\/\/wp.ufpel.edu.br\/wwverde\/wp-json\/wp\/v2\/pages\/652","targetHints":{"allow":["GET"]}}],"collection":[{"href":"https:\/\/wp.ufpel.edu.br\/wwverde\/wp-json\/wp\/v2\/pages"}],"about":[{"href":"https:\/\/wp.ufpel.edu.br\/wwverde\/wp-json\/wp\/v2\/types\/page"}],"author":[{"embeddable":true,"href":"https:\/\/wp.ufpel.edu.br\/wwverde\/wp-json\/wp\/v2\/users\/149"}],"replies":[{"embeddable":true,"href":"https:\/\/wp.ufpel.edu.br\/wwverde\/wp-json\/wp\/v2\/comments?post=652"}],"version-history":[{"count":2,"href":"https:\/\/wp.ufpel.edu.br\/wwverde\/wp-json\/wp\/v2\/pages\/652\/revisions"}],"predecessor-version":[{"id":655,"href":"https:\/\/wp.ufpel.edu.br\/wwverde\/wp-json\/wp\/v2\/pages\/652\/revisions\/655"}],"wp:attachment":[{"href":"https:\/\/wp.ufpel.edu.br\/wwverde\/wp-json\/wp\/v2\/media?parent=652"}],"curies":[{"name":"wp","href":"https:\/\/api.w.org\/{rel}","templated":true}]}}