{"id":592,"date":"2014-09-01T10:59:57","date_gmt":"2014-09-01T13:59:57","guid":{"rendered":"https:\/\/wp.ufpel.edu.br\/wwverde\/?page_id=592"},"modified":"2014-09-04T16:08:47","modified_gmt":"2014-09-04T19:08:47","slug":"producao-de-seda-colorida-de-uma-forma-mais-limpa","status":"publish","type":"page","link":"https:\/\/wp.ufpel.edu.br\/wwverde\/producao-de-seda-colorida-de-uma-forma-mais-limpa\/","title":{"rendered":"Produ\u00e7\u00e3o de seda colorida de uma forma mais limpa."},"content":{"rendered":"<p style=\"text-align: justify\">As industrias de tingimento de tecidos, s\u00e3o consideradas uma das \u00e1reas de maior \u00edndice de polui\u00e7\u00e3o. Uma nova tecnologia que envolve\u00a0\u00a0a gera\u00e7\u00e3o de casulos de seda intrinsecamente coloridos, reduz a necessidade de tratamento de efluentes gerados nesse processo e obtem a seda colorida de uma forma mais limpa.<\/p>\n<p>Confira a noticia completa clicando <a href=\"http:\/\/pubs.acs.org\/doi\/abs\/10.1021\/sc400355k\">aqui<\/a>.<\/p>\n","protected":false},"excerpt":{"rendered":"<p>As industrias de tingimento de tecidos, s\u00e3o consideradas uma das \u00e1reas de maior \u00edndice de polui\u00e7\u00e3o. Uma nova tecnologia que envolve\u00a0\u00a0a gera\u00e7\u00e3o de casulos de seda intrinsecamente coloridos, reduz a necessidade de tratamento de efluentes gerados nesse processo e obtem a seda colorida de uma forma mais limpa. Confira a noticia completa clicando aqui.<\/p>\n","protected":false},"author":149,"featured_media":0,"parent":0,"menu_order":0,"comment_status":"closed","ping_status":"open","template":"","meta":{"jetpack_post_was_ever_published":false,"footnotes":""},"class_list":["post-592","page","type-page","status-publish","hentry"],"jetpack_sharing_enabled":true,"jetpack_shortlink":"https:\/\/wp.me\/P4VNan-9y","_links":{"self":[{"href":"https:\/\/wp.ufpel.edu.br\/wwverde\/wp-json\/wp\/v2\/pages\/592","targetHints":{"allow":["GET"]}}],"collection":[{"href":"https:\/\/wp.ufpel.edu.br\/wwverde\/wp-json\/wp\/v2\/pages"}],"about":[{"href":"https:\/\/wp.ufpel.edu.br\/wwverde\/wp-json\/wp\/v2\/types\/page"}],"author":[{"embeddable":true,"href":"https:\/\/wp.ufpel.edu.br\/wwverde\/wp-json\/wp\/v2\/users\/149"}],"replies":[{"embeddable":true,"href":"https:\/\/wp.ufpel.edu.br\/wwverde\/wp-json\/wp\/v2\/comments?post=592"}],"version-history":[{"count":5,"href":"https:\/\/wp.ufpel.edu.br\/wwverde\/wp-json\/wp\/v2\/pages\/592\/revisions"}],"predecessor-version":[{"id":600,"href":"https:\/\/wp.ufpel.edu.br\/wwverde\/wp-json\/wp\/v2\/pages\/592\/revisions\/600"}],"wp:attachment":[{"href":"https:\/\/wp.ufpel.edu.br\/wwverde\/wp-json\/wp\/v2\/media?parent=592"}],"curies":[{"name":"wp","href":"https:\/\/api.w.org\/{rel}","templated":true}]}}