{"id":587,"date":"2014-09-01T10:47:45","date_gmt":"2014-09-01T13:47:45","guid":{"rendered":"https:\/\/wp.ufpel.edu.br\/wwverde\/?page_id=587"},"modified":"2014-12-22T14:24:03","modified_gmt":"2014-12-22T16:24:03","slug":"setor-quimico-reduziu-consumo-de-energia-em-sete-anos-diz-abiquim","status":"publish","type":"page","link":"https:\/\/wp.ufpel.edu.br\/wwverde\/setor-quimico-reduziu-consumo-de-energia-em-sete-anos-diz-abiquim\/","title":{"rendered":"Setor qu\u00edmico reduziu consumo de energia em sete anos, diz Abiquim."},"content":{"rendered":"<p style=\"color: #444444\">&#8220;A \u00a0Associa\u00e7\u00e3o Brasileira da Ind\u00fastria Qu\u00edmica (Abiquim) mostra que o setor qu\u00edmico reduziu substancialmente o consumo de energia &#8211; tanto t\u00e9rmica como el\u00e9trica &#8211; e combust\u00edveis nos \u00faltimos sete anos&#8221;.<\/p>\n<p style=\"color: #444444\">Esta \u00e9 uma noticia do dia 12 de agosto de 2014.\u00a0Confira a not\u00edcia completa clicando <a href=\"http:\/\/www.dci.com.br\/industria\/setor-quimico-reduziu-consumo-de-energia-em-sete-anos,-diz-abiquim-id409110.html\">aqui<\/a>.<\/p>\n","protected":false},"excerpt":{"rendered":"<p>&#8220;A \u00a0Associa\u00e7\u00e3o Brasileira da Ind\u00fastria Qu\u00edmica (Abiquim) mostra que o setor qu\u00edmico reduziu substancialmente o consumo de energia &#8211; tanto t\u00e9rmica como el\u00e9trica &#8211; e combust\u00edveis nos \u00faltimos sete anos&#8221;. Esta \u00e9 uma noticia do dia 12 de agosto de 2014.\u00a0Confira a not\u00edcia completa clicando aqui.<\/p>\n","protected":false},"author":149,"featured_media":762,"parent":0,"menu_order":0,"comment_status":"closed","ping_status":"closed","template":"","meta":{"jetpack_post_was_ever_published":false,"footnotes":""},"class_list":["post-587","page","type-page","status-publish","has-post-thumbnail","hentry"],"jetpack_sharing_enabled":true,"jetpack_shortlink":"https:\/\/wp.me\/P4VNan-9t","_links":{"self":[{"href":"https:\/\/wp.ufpel.edu.br\/wwverde\/wp-json\/wp\/v2\/pages\/587","targetHints":{"allow":["GET"]}}],"collection":[{"href":"https:\/\/wp.ufpel.edu.br\/wwverde\/wp-json\/wp\/v2\/pages"}],"about":[{"href":"https:\/\/wp.ufpel.edu.br\/wwverde\/wp-json\/wp\/v2\/types\/page"}],"author":[{"embeddable":true,"href":"https:\/\/wp.ufpel.edu.br\/wwverde\/wp-json\/wp\/v2\/users\/149"}],"replies":[{"embeddable":true,"href":"https:\/\/wp.ufpel.edu.br\/wwverde\/wp-json\/wp\/v2\/comments?post=587"}],"version-history":[{"count":3,"href":"https:\/\/wp.ufpel.edu.br\/wwverde\/wp-json\/wp\/v2\/pages\/587\/revisions"}],"predecessor-version":[{"id":591,"href":"https:\/\/wp.ufpel.edu.br\/wwverde\/wp-json\/wp\/v2\/pages\/587\/revisions\/591"}],"wp:featuredmedia":[{"embeddable":true,"href":"https:\/\/wp.ufpel.edu.br\/wwverde\/wp-json\/wp\/v2\/media\/762"}],"wp:attachment":[{"href":"https:\/\/wp.ufpel.edu.br\/wwverde\/wp-json\/wp\/v2\/media?parent=587"}],"curies":[{"name":"wp","href":"https:\/\/api.w.org\/{rel}","templated":true}]}}