{"id":551,"date":"2016-08-23T16:43:44","date_gmt":"2016-08-23T19:43:44","guid":{"rendered":"https:\/\/wp.ufpel.edu.br\/wwverde\/?page_id=551"},"modified":"2020-09-28T11:11:35","modified_gmt":"2020-09-28T14:11:35","slug":"o-que-e-quimica-verde-2","status":"publish","type":"page","link":"https:\/\/wp.ufpel.edu.br\/wwverde\/o-que-e-quimica-verde-2\/","title":{"rendered":"O que \u00e9 Qu\u00edmica Verde"},"content":{"rendered":"<p><a href=\"https:\/\/i0.wp.com\/wp.ufpel.edu.br\/wwverde\/files\/2014\/08\/I_QV.gif?ssl=1\"><img data-recalc-dims=\"1\" class=\"aligncenter size-full wp-image-398\" src=\"https:\/\/i0.wp.com\/wp.ufpel.edu.br\/wwverde\/files\/2014\/08\/I_QV.gif?resize=538%2C71&#038;ssl=1\" alt=\"I_QV\" width=\"538\" height=\"71\" \/><\/a><\/p>\n<p>A qu\u00edmica verde (ou\u00a0<em>green chemistry<\/em>, ou qu\u00edmica sustent\u00e1vel) foi introduzida h\u00e1 cerca de dez anos nos EUA pela\u00a0<a href=\"http:\/\/www.epa.gov\/\" target=\"_blank\" rel=\"noopener noreferrer\">EPA<\/a>\u00a0(<em>Environmental Protection Agency<\/em>), a ag\u00eancia de prote\u00e7\u00e3o ambiental daquele pa\u00eds,<sup>1<\/sup>\u00a0em colabora\u00e7\u00e3o com a\u00a0<a title=\"ACS\" href=\"http:\/\/www.acs.org\/content\/acs\/en.html\" target=\"_blank\" rel=\"noopener noreferrer\"><em>A<\/em><em>merican\u00a0<\/em><em>Chemical\u00a0Society<\/em><\/a>\u00a0(ACS) e o\u00a0<em>Green Chemistry Institute<\/em>. Esta iniciativa norte-americana vem despertando o interesse de organiza\u00e7\u00f5es governamentais e n\u00e3o-governamentais de v\u00e1rios pa\u00edses. Na Europa, Jap\u00e3o e Estados Unidos foram inclusive criados Pr\u00eamios para incentivar pesquisadores de Ind\u00fastrias e Universidades a desenvolverem tecnologias empregando os princ\u00edpios da qu\u00edmica verde.<sup>2<\/sup>\u00a0Desde 1996, quando o\u00a0<em>Presidential Green Chemistry Awards<\/em>\u00a0foi criado nos EUA, mais de uma dezena de Corpora\u00e7\u00f5es e Investigadores foram premiados.<sup>2<\/sup><\/p>\n<p>Na Europa, a\u00a0<a href=\"http:\/\/www.rsc.org\/\" target=\"_blank\" rel=\"noopener noreferrer\"><em>Royal Society of Chemistry<\/em><\/a>\u00a0(RSC), com o apoio de setores industriais e governamentais, instituiu em 2001 o\u00a0<em>U.K. Green Chemistry Awards<\/em>, para premiar empresas e jovens pesquisadores que &#8220;desenvolverem processos qu\u00edmicos, produtos e servi\u00e7os que levem a um ambiente mais sustent\u00e1vel, limpo e saud\u00e1vel&#8221;.<sup>3\u00a0<\/sup>Al\u00e9m disso, a RSC criou a\u00a0<a title=\"Green Chemistry network\" href=\"http:\/\/www.greenchemistrynetwork.org\/\" target=\"_blank\" rel=\"noopener noreferrer\"><em>Green Chemistry Network<\/em><\/a>\u00a0(GCN),<sup>3<\/sup>\u00a0com o objetivo de &#8220;promover a conscientiza\u00e7\u00e3o e facilitar a educa\u00e7\u00e3o, treinamento e pr\u00e1tica da green chemistry na ind\u00fastria, academia e escolas&#8221;. Outra importante iniciativa da RSC foi a cria\u00e7\u00e3o, em 1999, da revista\u00a0<em>Green Chemistry<\/em>, de periodicidade bimestral, dedicada \u00e0 publica\u00e7\u00e3o de artigos in\u00e9ditos que, de alguma forma contribuem para o desenvolvimento da \u00e1rea-t\u00edtulo do peri\u00f3dico.<\/p>\n<p>A qu\u00edmica verde pode ser definida como a utiliza\u00e7\u00e3o de t\u00e9cnicas qu\u00edmicas e metodologias que reduzem ou eliminam o uso de solventes e reagentes ou gera\u00e7\u00e3o de produtos e sub-produtos t\u00f3xicos, que s\u00e3o nocivos \u00e0 sa\u00fade humana ou ao ambiente. Este conceito, n\u00e3o \u00e9 novidade em aplica\u00e7\u00f5es industriais, principalmente em pa\u00edses com controle rigoroso na emiss\u00e3o de poluentes. Ao longo dos anos os princ\u00edpios da qu\u00edmica verde t\u00eam sido inseridos no meio acad\u00eamico, em atividades de ensino e pesquisa.<sup>4<\/sup><sup>,<\/sup><sup>5<\/sup><sup>,<\/sup><sup>6<\/sup><sup>,<\/sup><sup>7<\/sup><\/p>\n<p>O que hoje est\u00e1 sendo chamado de qu\u00edmica verde na verdade n\u00e3o apresenta nada de novo, uma vez que a busca um desenvolvimento auto-sustent\u00e1vel h\u00e1 anos est\u00e1 incorporada nos ideais do homem moderno. A ECO-92, o Protocolo de Kyoto e a Rio+10 s\u00e3o exemplos de iniciativas que mostram a crescente preocupa\u00e7\u00e3o mundial com as quest\u00f5es ambientais.<sup>8<\/sup>\u00a0A qu\u00edmica verde pode ser encarada como a associa\u00e7\u00e3o do desenvolvimento da qu\u00edmica \u00e0 busca da auto-sustentabilidade.<\/p>\n<p><strong>Refer\u00eancias:<\/strong><\/p>\n<p style=\"padding-left: 30px\">1. U.S. Environmental Protection Agency. Um grande n\u00famero de informa\u00e7\u00f5es pode ser conseguido no site\u00a0<a href=\"http:\/\/www.epa.gov\/epahome\/topics.html\" target=\"_blank\" rel=\"noopener noreferrer\">http:\/\/www.epa.gov\/epahome\/topics.html.<\/a><\/p>\n<p style=\"padding-left: 30px\">2. Presidencial Green Chemistry Challenge (PGCC) Awards Program. A home page da EPA apresenta uma rela\u00e7\u00e3o completa dos projetos premiados desde 1996:\u00a0<a href=\"http:\/\/www.epa.gov\/greenchemistry\/pubs\/pgcc\/presgcc.html\" target=\"_blank\" rel=\"noopener noreferrer\">http:\/\/www.epa.gov\/greenchemistry\/pubs\/pgcc\/presgcc.html<em>.<\/em><\/a><\/p>\n<p style=\"padding-left: 30px\">3. Detalhes sobre a premia\u00e7\u00e3o e informa\u00e7\u00f5es sobre o programa de incentivo \u00e0 Green Chemistry da RSC est\u00e3o dispon\u00edveis em:\u00a0<a href=\"http:\/\/www.chemsoc.org\/networks\/gcn\/awards.htm\" target=\"_blank\" rel=\"noopener noreferrer\">http:\/\/www.chemsoc.org\/networks\/gcn\/awards.htm<\/a><\/p>\n<p style=\"padding-left: 30px\">4. Collins, T.\u00a0<em>Science<\/em>\u00a0<strong>2001<\/strong>,\u00a0<em>291<\/em>, 48.<\/p>\n<p style=\"padding-left: 30px\">5. Collins, T.J.\u00a0<em>J. Chem.\u00a0<\/em><em>Educ<\/em>.\u00a0<strong>1995<\/strong>,\u00a0<em>72<\/em>, 965.<\/p>\n<p style=\"padding-left: 30px\">6. Cann, M.C.; Connelly, M.E.\u00a0<em>Real World Cases in Green Chemistry<\/em>, American Chemical Society: Washington, DC, <strong>2000<\/strong>.<\/p>\n<p style=\"padding-left: 30px\">7. a) Singh, M.M.; Szafran, Z.; Pike, R.M.\u00a0<em>J. Chem. Educ<\/em>.\u00a0<strong>1999<\/strong>, <em>76<\/em>, 1684; b) Cann, M.C.\u00a0<em>J. Chem.\u00a0<\/em><em>Educ<\/em>.<strong>\u00a0<\/strong><strong>1999<\/strong>,\u00a0<em>76<\/em>, 1639.<\/p>\n<p style=\"padding-left: 30px\">8. Eissen, M.; Metzger, J.O.; Schmidt, E.; Schneidewind, U.\u00a0<em>Angew.\u00a0<\/em><em>Chem. Int. Ed.<\/em><strong>2002<\/strong>,\u00a0<em>41<\/em>, 414.<\/p>\n","protected":false},"excerpt":{"rendered":"<p>A qu\u00edmica verde (ou\u00a0green chemistry, ou qu\u00edmica sustent\u00e1vel) foi introduzida h\u00e1 cerca de dez anos nos EUA pela\u00a0EPA\u00a0(Environmental Protection Agency), a ag\u00eancia de prote\u00e7\u00e3o ambiental daquele pa\u00eds,1\u00a0em colabora\u00e7\u00e3o com a\u00a0American\u00a0Chemical\u00a0Society\u00a0(ACS) e o\u00a0Green Chemistry Institute. Esta iniciativa norte-americana vem despertando o interesse de organiza\u00e7\u00f5es governamentais e n\u00e3o-governamentais de v\u00e1rios pa\u00edses. Na Europa, Jap\u00e3o e Estados Unidos [&hellip;]<\/p>\n","protected":false},"author":149,"featured_media":0,"parent":0,"menu_order":0,"comment_status":"closed","ping_status":"closed","template":"","meta":{"jetpack_post_was_ever_published":false,"footnotes":""},"class_list":["post-551","page","type-page","status-publish","hentry"],"jetpack_sharing_enabled":true,"jetpack_shortlink":"https:\/\/wp.me\/P4VNan-8T","_links":{"self":[{"href":"https:\/\/wp.ufpel.edu.br\/wwverde\/wp-json\/wp\/v2\/pages\/551","targetHints":{"allow":["GET"]}}],"collection":[{"href":"https:\/\/wp.ufpel.edu.br\/wwverde\/wp-json\/wp\/v2\/pages"}],"about":[{"href":"https:\/\/wp.ufpel.edu.br\/wwverde\/wp-json\/wp\/v2\/types\/page"}],"author":[{"embeddable":true,"href":"https:\/\/wp.ufpel.edu.br\/wwverde\/wp-json\/wp\/v2\/users\/149"}],"replies":[{"embeddable":true,"href":"https:\/\/wp.ufpel.edu.br\/wwverde\/wp-json\/wp\/v2\/comments?post=551"}],"version-history":[{"count":6,"href":"https:\/\/wp.ufpel.edu.br\/wwverde\/wp-json\/wp\/v2\/pages\/551\/revisions"}],"predecessor-version":[{"id":1356,"href":"https:\/\/wp.ufpel.edu.br\/wwverde\/wp-json\/wp\/v2\/pages\/551\/revisions\/1356"}],"wp:attachment":[{"href":"https:\/\/wp.ufpel.edu.br\/wwverde\/wp-json\/wp\/v2\/media?parent=551"}],"curies":[{"name":"wp","href":"https:\/\/api.w.org\/{rel}","templated":true}]}}