{"id":349,"date":"2014-08-04T15:53:58","date_gmt":"2014-08-04T18:53:58","guid":{"rendered":"https:\/\/wp.ufpel.edu.br\/wwverde\/?page_id=349"},"modified":"2020-09-28T11:13:10","modified_gmt":"2020-09-28T14:13:10","slug":"links","status":"publish","type":"page","link":"https:\/\/wp.ufpel.edu.br\/wwverde\/links\/","title":{"rendered":"Links"},"content":{"rendered":"<p><a href=\"https:\/\/i0.wp.com\/wp.ufpel.edu.br\/wwverde\/files\/2014\/08\/I_Links.gif?ssl=1\"><img data-recalc-dims=\"1\" class=\"aligncenter size-full wp-image-395\" src=\"https:\/\/i0.wp.com\/wp.ufpel.edu.br\/wwverde\/files\/2014\/08\/I_Links.gif?resize=538%2C71&#038;ssl=1\" alt=\"I_Links\" width=\"538\" height=\"71\" \/><\/a><\/p>\n<p>Se voc\u00ea conhece outros web sites que poderiam ser inclu\u00eddos, contate-nos pelo email:<span style=\"color: #404040\">\u00a0wwverde@gmail.com<\/span><\/p>\n<p><span style=\"color: #008000\"><strong><em>Organiza\u00e7\u00f5es Governamentais<\/em><\/strong><\/span><\/p>\n<p><span style=\"color: #008000\"><strong>Brasil<\/strong><\/span><\/p>\n<p>Funda\u00e7\u00e3o Estadual de Prote\u00e7\u00e3o Ambiental Henrique Luiz Roessler (<a title=\"FEPAM\" href=\"http:\/\/www.fepam.rs.gov.br\/\" target=\"_blank\" rel=\"noopener noreferrer\">FEPAM<\/a>)<\/p>\n<p>Companhia Estadual de Tecnologia e Saneamento B\u00e1sico e de Defesa do Meio Ambiente (<a href=\"http:\/\/www.cetesb.sp.gov.br\/\" target=\"_blank\" rel=\"noopener noreferrer\">CETESB<\/a>)<\/p>\n<p><span style=\"color: #008000\"><strong>Estados Unidos<\/strong><\/span><\/p>\n<p>U.S. Environmental Protection Agency (<a href=\"http:\/\/www.epa.gov\/\" target=\"_blank\" rel=\"noopener noreferrer\">EPA<\/a>)<br \/>\n<a href=\"http:\/\/www.epa.gov\/greenchemistry\/\" target=\"_blank\" rel=\"noopener noreferrer\">Green Chemistry Program<\/a><br \/>\n<a href=\"http:\/\/www.epa.gov\/opptintr\/greenengineering\/\" target=\"_blank\" rel=\"noopener noreferrer\">Green Engineering Program<\/a><br \/>\n<a href=\"http:\/\/www.epa.gov\/opptintr\/dfe\/\" target=\"_blank\" rel=\"noopener noreferrer\">Design for the Environment Program<\/a><br \/>\n<a href=\"http:\/\/www.epa.gov\/ncer\/rfa\/archive\/grants\/96\/96nsfepa.html\" target=\"_blank\" rel=\"noopener noreferrer\">EPA\/NSF Partnership for Environmental Research: Technology for a Sustainable Environment<\/a><\/p>\n<p>U.S. Chemical Safety &amp; Hazard Investigation Board (<a title=\"CSB\" href=\"http:\/\/www.csb.gov\/\" target=\"_blank\" rel=\"noopener noreferrer\">CSB<\/a>)<\/p>\n<p><span style=\"color: #008000\"><strong>Reino Unido<\/strong><\/span><\/p>\n<p>Institute of Applied Catalysis (<a href=\"http:\/\/www.iac.org.uk\/\" target=\"_blank\" rel=\"noopener noreferrer\">IAC<\/a>)<\/p>\n<p><span style=\"color: #008000\"><strong><em>Organiza\u00e7\u00f5es n\u00e3o governamentais<\/em><\/strong><\/span><\/p>\n<p><span style=\"color: #008000\"><strong>Brasil<\/strong><\/span><\/p>\n<p>Sociedade Brasileira de Qu\u00edmica (<a href=\"http:\/\/www.sbq.org.br\/\" target=\"_blank\" rel=\"noopener noreferrer\">SBQ<\/a>)<\/p>\n<p><span style=\"color: #008000\"><strong>Estados Unidos<\/strong><\/span><\/p>\n<p>American Chemical Society (<a href=\"http:\/\/www.acs.org\/portal\/Chemistry\" target=\"_blank\" rel=\"noopener noreferrer\">ACS<\/a>)<br \/>\n<a href=\"http:\/\/iecdivision.sites.acs.org\/gcesubdivision.htm\" target=\"_blank\" rel=\"noopener noreferrer\">Green Chemistry and Engineering Subdivision<\/a><\/p>\n<p><span style=\"color: #008000\"><strong>Jap\u00e3o<\/strong><\/span><\/p>\n<p><a href=\"http:\/\/www.gscn.net\/indexE.html\" target=\"_blank\" rel=\"noopener noreferrer\">Green and Sustainable Chemistry Network<\/a><\/p>\n<p>Japan Chemical Innovation Institute (<a href=\"http:\/\/www.jcii.or.jp\/menu_e.html\" target=\"_blank\" rel=\"noopener noreferrer\">JCII<\/a>)<\/p>\n<p><span style=\"color: #008000\"><strong>Reino Unido<\/strong><\/span><\/p>\n<p>Royal Society of Chemistry (<a href=\"http:\/\/www.rsc.org\/\" target=\"_blank\" rel=\"noopener noreferrer\">RSC<\/a>)<br \/>\n<a href=\"http:\/\/www.greenchemistrynetwork.org\/\" target=\"_blank\" rel=\"noopener noreferrer\">Green Chemistry Network<\/a><br \/>\n<a href=\"http:\/\/www.rsc.org\/membership\/networking\/interestgroups\/environmental\/index.asp\" target=\"_blank\" rel=\"noopener noreferrer\">Environmental Chemistry Group<\/a><\/p>\n<p><span style=\"color: #008000\"><em><strong>Peri\u00f3dicos<\/strong><\/em><\/span><\/p>\n<p><a href=\"http:\/\/pubs.rsc.org\/en\/journals\/journalissues\/gc\" target=\"_blank\" rel=\"noopener noreferrer\">Green Chemistry Journal<\/a><\/p>\n<p><a href=\"http:\/\/pubs.rsc.org\/en\/journals\/journalissues\/em\" target=\"_blank\" rel=\"noopener noreferrer\">Journal of Environmental Monitoring<\/a><\/p>\n<p><a href=\"http:\/\/www.springer.com\/environment\/journal\/11356\" target=\"_blank\" rel=\"noopener noreferrer\">Environmental Science and Pollution Research Journals<\/a><\/p>\n<p><a href=\"http:\/\/www.springerlink.com\/content\/103074\/\" target=\"_blank\" rel=\"noopener noreferrer\">Clean Products and Processes<\/a><\/p>\n<p><a href=\"http:\/\/www.earthscan.co.uk\/tabid\/478\/Default.aspx\" target=\"_blank\" rel=\"noopener noreferrer\">EarthScan, Publications on Environmentally Sustainable Development<\/a><\/p>\n<p><span style=\"color: #008000\"><em><strong>Recursos did\u00e1ticos<\/strong><\/em><\/span><\/p>\n<p>American Chemical Society\u00a0<a title=\"ACS\" href=\"http:\/\/www.acs.org\/content\/acs\/en.html\" target=\"_blank\" rel=\"noopener noreferrer\">(ACS)<\/a><br \/>\n<a href=\"http:\/\/cmetim.ning.com\/\" target=\"_blank\" rel=\"noopener noreferrer\">Green Chemistry Education<\/a><br \/>\n<a href=\"http:\/\/www.acs.org\/content\/acs\/en\/education\/resources.html\" target=\"_blank\" rel=\"noopener noreferrer\">Educational Resources<\/a><\/p>\n<p>Royal Society of Chemistry (<a href=\"http:\/\/www.rsc.org\/\" target=\"_blank\" rel=\"noopener noreferrer\">RSC<\/a>)<br \/>\n<a href=\"http:\/\/www.rsc.org\/Membership\/Networking\/InterestGroups\/EducationDivision\/index.asp\" target=\"_blank\" rel=\"noopener noreferrer\">RSC Education Division<\/a><\/p>\n<p><a href=\"http:\/\/academic.scranton.edu\/faculty\/cannm1\/dreyfusmodules.html\" target=\"_blank\" rel=\"noopener noreferrer\">Greening Across The Chemistry Curriculum<\/a><\/p>\n<p>Interuniversity Consortium Chemistry for the Environmente (<a href=\"http:\/\/www.incaweb.org\/\" target=\"_blank\" rel=\"noopener noreferrer\">INCA<\/a>)<\/p>\n<p>Chemical Industry Education Centre\u00a0(<a href=\"http:\/\/www.nationalstemcentre.org.uk\/elibrary\/collection\/202\/chemical-industry-education-centre\" target=\"_blank\" rel=\"noopener noreferrer\">UK<\/a>)<\/p>\n<p>&nbsp;<\/p>\n","protected":false},"excerpt":{"rendered":"<p>Se voc\u00ea conhece outros web sites que poderiam ser inclu\u00eddos, contate-nos pelo email:\u00a0wwverde@gmail.com Organiza\u00e7\u00f5es Governamentais Brasil Funda\u00e7\u00e3o Estadual de Prote\u00e7\u00e3o Ambiental Henrique Luiz Roessler (FEPAM) Companhia Estadual de Tecnologia e Saneamento B\u00e1sico e de Defesa do Meio Ambiente (CETESB) Estados Unidos U.S. Environmental Protection Agency (EPA) Green Chemistry Program Green Engineering Program Design for the [&hellip;]<\/p>\n","protected":false},"author":149,"featured_media":0,"parent":0,"menu_order":0,"comment_status":"closed","ping_status":"closed","template":"","meta":{"jetpack_post_was_ever_published":false,"footnotes":""},"class_list":["post-349","page","type-page","status-publish","hentry"],"jetpack_sharing_enabled":true,"jetpack_shortlink":"https:\/\/wp.me\/P4VNan-5D","_links":{"self":[{"href":"https:\/\/wp.ufpel.edu.br\/wwverde\/wp-json\/wp\/v2\/pages\/349","targetHints":{"allow":["GET"]}}],"collection":[{"href":"https:\/\/wp.ufpel.edu.br\/wwverde\/wp-json\/wp\/v2\/pages"}],"about":[{"href":"https:\/\/wp.ufpel.edu.br\/wwverde\/wp-json\/wp\/v2\/types\/page"}],"author":[{"embeddable":true,"href":"https:\/\/wp.ufpel.edu.br\/wwverde\/wp-json\/wp\/v2\/users\/149"}],"replies":[{"embeddable":true,"href":"https:\/\/wp.ufpel.edu.br\/wwverde\/wp-json\/wp\/v2\/comments?post=349"}],"version-history":[{"count":14,"href":"https:\/\/wp.ufpel.edu.br\/wwverde\/wp-json\/wp\/v2\/pages\/349\/revisions"}],"predecessor-version":[{"id":1358,"href":"https:\/\/wp.ufpel.edu.br\/wwverde\/wp-json\/wp\/v2\/pages\/349\/revisions\/1358"}],"wp:attachment":[{"href":"https:\/\/wp.ufpel.edu.br\/wwverde\/wp-json\/wp\/v2\/media?parent=349"}],"curies":[{"name":"wp","href":"https:\/\/api.w.org\/{rel}","templated":true}]}}