{"id":346,"date":"2014-08-04T15:45:20","date_gmt":"2014-08-04T18:45:20","guid":{"rendered":"https:\/\/wp.ufpel.edu.br\/wwverde\/?page_id=346"},"modified":"2020-09-28T11:13:51","modified_gmt":"2020-09-28T14:13:51","slug":"artigos","status":"publish","type":"page","link":"https:\/\/wp.ufpel.edu.br\/wwverde\/artigos\/","title":{"rendered":"Artigos"},"content":{"rendered":"<p><a href=\"https:\/\/i0.wp.com\/wp.ufpel.edu.br\/wwverde\/files\/2014\/08\/I_Artigos.gif?ssl=1\"><img data-recalc-dims=\"1\" class=\"aligncenter size-full wp-image-391\" src=\"https:\/\/i0.wp.com\/wp.ufpel.edu.br\/wwverde\/files\/2014\/08\/I_Artigos.gif?resize=538%2C72&#038;ssl=1\" alt=\"I_Artigos\" width=\"538\" height=\"72\" \/><\/a><\/p>\n<p style=\"text-align: justify\"><span style=\"color: #333333\">Nesta se\u00e7\u00e3o a WWVerde disponibiliza artigos on line de colaboradores e links para artigos que podem ser acessados livremente pela internet. Os artigos aqui selecionados tratam, em maior ou menor grau, de t\u00f3picos realacionados aos 12 princ\u00edpios da qu\u00edmica verde.<span class=\"Apple-style-span\"> Estes artigos foram selecionados de maneira que o leitor possa ter acesso \u00e0 bibliografia b\u00e1sica da qu\u00edmica verde (Princ\u00edpios, hist\u00f3ria&#8230;) at\u00e9 t\u00f3picos avan\u00e7ados, como cat\u00e1lise, biocat\u00e1lise, l\u00edquidos i\u00f4nicos e outros solventes verdes.<\/span><\/span><\/p>\n<p style=\"text-align: justify\"><span style=\"color: #333333\"><em>Alguns artigos possuem extens\u00e3o pdf. Para l\u00ea-los \u00e9 necess\u00e1rio o programa Adobe Acrobat Reader. Para fazer download e instal\u00e1-lo clique no \u00edcone ao lado.<\/em><span style=\"color: #333333\"><a href=\"http:\/\/www.adobe.com.br\/products\/acrobat\/readstep2.html\" target=\"_blank\" rel=\"noopener noreferrer\"><img data-recalc-dims=\"1\" src=\"https:\/\/i0.wp.com\/www.ufpel.tche.br\/iqg\/wwverde\/imagens\/getacro.gif?resize=88%2C31\" alt=\"\" width=\"88\" height=\"31\" border=\"0\" \/><\/a><\/span><\/span><\/p>\n","protected":false},"excerpt":{"rendered":"<p>Nesta se\u00e7\u00e3o a WWVerde disponibiliza artigos on line de colaboradores e links para artigos que podem ser acessados livremente pela internet. Os artigos aqui selecionados tratam, em maior ou menor grau, de t\u00f3picos realacionados aos 12 princ\u00edpios da qu\u00edmica verde. Estes artigos foram selecionados de maneira que o leitor possa ter acesso \u00e0 bibliografia b\u00e1sica [&hellip;]<\/p>\n","protected":false},"author":149,"featured_media":0,"parent":0,"menu_order":0,"comment_status":"closed","ping_status":"closed","template":"","meta":{"jetpack_post_was_ever_published":false,"footnotes":""},"class_list":["post-346","page","type-page","status-publish","hentry"],"jetpack_sharing_enabled":true,"jetpack_shortlink":"https:\/\/wp.me\/P4VNan-5A","_links":{"self":[{"href":"https:\/\/wp.ufpel.edu.br\/wwverde\/wp-json\/wp\/v2\/pages\/346","targetHints":{"allow":["GET"]}}],"collection":[{"href":"https:\/\/wp.ufpel.edu.br\/wwverde\/wp-json\/wp\/v2\/pages"}],"about":[{"href":"https:\/\/wp.ufpel.edu.br\/wwverde\/wp-json\/wp\/v2\/types\/page"}],"author":[{"embeddable":true,"href":"https:\/\/wp.ufpel.edu.br\/wwverde\/wp-json\/wp\/v2\/users\/149"}],"replies":[{"embeddable":true,"href":"https:\/\/wp.ufpel.edu.br\/wwverde\/wp-json\/wp\/v2\/comments?post=346"}],"version-history":[{"count":54,"href":"https:\/\/wp.ufpel.edu.br\/wwverde\/wp-json\/wp\/v2\/pages\/346\/revisions"}],"predecessor-version":[{"id":1359,"href":"https:\/\/wp.ufpel.edu.br\/wwverde\/wp-json\/wp\/v2\/pages\/346\/revisions\/1359"}],"wp:attachment":[{"href":"https:\/\/wp.ufpel.edu.br\/wwverde\/wp-json\/wp\/v2\/media?parent=346"}],"curies":[{"name":"wp","href":"https:\/\/api.w.org\/{rel}","templated":true}]}}