{"id":1590,"date":"2023-02-09T18:40:15","date_gmt":"2023-02-09T21:40:15","guid":{"rendered":"https:\/\/wp.ufpel.edu.br\/wwverde\/?page_id=1590"},"modified":"2023-02-09T18:40:15","modified_gmt":"2023-02-09T21:40:15","slug":"2023-2","status":"publish","type":"page","link":"https:\/\/wp.ufpel.edu.br\/wwverde\/2023-2\/","title":{"rendered":"2023"},"content":{"rendered":"<div id=\"attachment_1591\" style=\"width: 1090px\" class=\"wp-caption aligncenter\"><img data-recalc-dims=\"1\" aria-describedby=\"caption-attachment-1591\" class=\"size-full wp-image-1591\" src=\"https:\/\/i0.wp.com\/wp.ufpel.edu.br\/wwverde\/files\/2023\/02\/IMG-20220724-WA00072.jpg?resize=1080%2C1080&#038;ssl=1\" alt=\"\" width=\"1080\" height=\"1080\" srcset=\"https:\/\/i0.wp.com\/wp.ufpel.edu.br\/wwverde\/files\/2023\/02\/IMG-20220724-WA00072.jpg?w=1080&amp;ssl=1 1080w, https:\/\/i0.wp.com\/wp.ufpel.edu.br\/wwverde\/files\/2023\/02\/IMG-20220724-WA00072.jpg?resize=400%2C400&amp;ssl=1 400w, https:\/\/i0.wp.com\/wp.ufpel.edu.br\/wwverde\/files\/2023\/02\/IMG-20220724-WA00072.jpg?resize=1024%2C1024&amp;ssl=1 1024w, https:\/\/i0.wp.com\/wp.ufpel.edu.br\/wwverde\/files\/2023\/02\/IMG-20220724-WA00072.jpg?resize=200%2C200&amp;ssl=1 200w, https:\/\/i0.wp.com\/wp.ufpel.edu.br\/wwverde\/files\/2023\/02\/IMG-20220724-WA00072.jpg?resize=768%2C768&amp;ssl=1 768w\" sizes=\"(max-width: 1000px) 100vw, 1000px\" \/><p id=\"caption-attachment-1591\" class=\"wp-caption-text\">A partir de hoje, faremos uma s\u00e9rie de publica\u00e7\u00f5es abordando os 12 Princ\u00edpios da Qu\u00edmica Verde.<br \/>Conhe\u00e7a um pouco mais sobre a Qu\u00edmica PARA o Ambiente!<\/p><\/div>\n","protected":false},"excerpt":{"rendered":"","protected":false},"author":149,"featured_media":0,"parent":0,"menu_order":0,"comment_status":"closed","ping_status":"closed","template":"","meta":{"jetpack_post_was_ever_published":false,"footnotes":""},"class_list":["post-1590","page","type-page","status-publish","hentry"],"jetpack_sharing_enabled":true,"jetpack_shortlink":"https:\/\/wp.me\/P4VNan-pE","_links":{"self":[{"href":"https:\/\/wp.ufpel.edu.br\/wwverde\/wp-json\/wp\/v2\/pages\/1590","targetHints":{"allow":["GET"]}}],"collection":[{"href":"https:\/\/wp.ufpel.edu.br\/wwverde\/wp-json\/wp\/v2\/pages"}],"about":[{"href":"https:\/\/wp.ufpel.edu.br\/wwverde\/wp-json\/wp\/v2\/types\/page"}],"author":[{"embeddable":true,"href":"https:\/\/wp.ufpel.edu.br\/wwverde\/wp-json\/wp\/v2\/users\/149"}],"replies":[{"embeddable":true,"href":"https:\/\/wp.ufpel.edu.br\/wwverde\/wp-json\/wp\/v2\/comments?post=1590"}],"version-history":[{"count":1,"href":"https:\/\/wp.ufpel.edu.br\/wwverde\/wp-json\/wp\/v2\/pages\/1590\/revisions"}],"predecessor-version":[{"id":1592,"href":"https:\/\/wp.ufpel.edu.br\/wwverde\/wp-json\/wp\/v2\/pages\/1590\/revisions\/1592"}],"wp:attachment":[{"href":"https:\/\/wp.ufpel.edu.br\/wwverde\/wp-json\/wp\/v2\/media?parent=1590"}],"curies":[{"name":"wp","href":"https:\/\/api.w.org\/{rel}","templated":true}]}}