{"id":1469,"date":"2020-11-04T14:48:55","date_gmt":"2020-11-04T17:48:55","guid":{"rendered":"https:\/\/wp.ufpel.edu.br\/wwverde\/?page_id=1469"},"modified":"2020-11-04T14:48:55","modified_gmt":"2020-11-04T17:48:55","slug":"plasticos-biodegradaveis-sim-os-bioplasticos-tambem-chamados-de-biopolimeros","status":"publish","type":"page","link":"https:\/\/wp.ufpel.edu.br\/wwverde\/plasticos-biodegradaveis-sim-os-bioplasticos-tambem-chamados-de-biopolimeros\/","title":{"rendered":"Pl\u00e1sticos biodegrad\u00e1veis? Sim, os biopl\u00e1sticos, tamb\u00e9m chamados de biopol\u00edmeros!"},"content":{"rendered":"<p style=\"text-align: justify\"><span style=\"font-family: 'times new roman', times, serif;font-size: 14pt\"><img data-recalc-dims=\"1\" class=\"wp-image-1470 alignright\" src=\"https:\/\/i0.wp.com\/wp.ufpel.edu.br\/wwverde\/files\/2020\/11\/290_mini-24.jpg?resize=382%2C201&#038;ssl=1\" alt=\"\" width=\"382\" height=\"201\" srcset=\"https:\/\/i0.wp.com\/wp.ufpel.edu.br\/wwverde\/files\/2020\/11\/290_mini-24.jpg?w=1200&amp;ssl=1 1200w, https:\/\/i0.wp.com\/wp.ufpel.edu.br\/wwverde\/files\/2020\/11\/290_mini-24.jpg?resize=400%2C210&amp;ssl=1 400w, https:\/\/i0.wp.com\/wp.ufpel.edu.br\/wwverde\/files\/2020\/11\/290_mini-24.jpg?resize=1024%2C538&amp;ssl=1 1024w, https:\/\/i0.wp.com\/wp.ufpel.edu.br\/wwverde\/files\/2020\/11\/290_mini-24.jpg?resize=768%2C403&amp;ssl=1 768w\" sizes=\"(max-width: 382px) 100vw, 382px\" \/>A preocupa\u00e7\u00e3o com o meio ambiente tem crescido cada vez mais e, alternativas verdes t\u00eam ganho espa\u00e7o tamb\u00e9m no meio industrial. Pl\u00e1sticos biodegrad\u00e1veis e fabricados a partir de fontes renov\u00e1veis s\u00e3o as principais caracter\u00edsticas do produto que tem sido escolhido pelas empresas, j\u00e1 que tem aumentado o n\u00famero de pa\u00edses que est\u00e3o banindo o uso de pl\u00e1sticos descart\u00e1veis n\u00e3o biodegrad\u00e1veis.<\/span><\/p>\n<p><span style=\"font-family: 'times new roman', times, serif;font-size: 14pt\">Acesse a mat\u00e9ria completa <a href=\"https:\/\/revistapesquisa.fapesp.br\/a-promessa-dos-bioplasticos\/?fbclid=IwAR1a1Iye40fo_Vzu3mN_SSpLmbejg3mwF4EzLbYAAFdgpJID-aGia69HaLc\">aqui<\/a>.<\/span><\/p>\n","protected":false},"excerpt":{"rendered":"<p>A preocupa\u00e7\u00e3o com o meio ambiente tem crescido cada vez mais e, alternativas verdes t\u00eam ganho espa\u00e7o tamb\u00e9m no meio industrial. Pl\u00e1sticos biodegrad\u00e1veis e fabricados a partir de fontes renov\u00e1veis s\u00e3o as principais caracter\u00edsticas do produto que tem sido escolhido pelas empresas, j\u00e1 que tem aumentado o n\u00famero de pa\u00edses que est\u00e3o banindo o uso [&hellip;]<\/p>\n","protected":false},"author":149,"featured_media":0,"parent":0,"menu_order":0,"comment_status":"closed","ping_status":"closed","template":"","meta":{"jetpack_post_was_ever_published":false,"footnotes":""},"class_list":["post-1469","page","type-page","status-publish","hentry"],"jetpack_sharing_enabled":true,"jetpack_shortlink":"https:\/\/wp.me\/P4VNan-nH","_links":{"self":[{"href":"https:\/\/wp.ufpel.edu.br\/wwverde\/wp-json\/wp\/v2\/pages\/1469","targetHints":{"allow":["GET"]}}],"collection":[{"href":"https:\/\/wp.ufpel.edu.br\/wwverde\/wp-json\/wp\/v2\/pages"}],"about":[{"href":"https:\/\/wp.ufpel.edu.br\/wwverde\/wp-json\/wp\/v2\/types\/page"}],"author":[{"embeddable":true,"href":"https:\/\/wp.ufpel.edu.br\/wwverde\/wp-json\/wp\/v2\/users\/149"}],"replies":[{"embeddable":true,"href":"https:\/\/wp.ufpel.edu.br\/wwverde\/wp-json\/wp\/v2\/comments?post=1469"}],"version-history":[{"count":1,"href":"https:\/\/wp.ufpel.edu.br\/wwverde\/wp-json\/wp\/v2\/pages\/1469\/revisions"}],"predecessor-version":[{"id":1471,"href":"https:\/\/wp.ufpel.edu.br\/wwverde\/wp-json\/wp\/v2\/pages\/1469\/revisions\/1471"}],"wp:attachment":[{"href":"https:\/\/wp.ufpel.edu.br\/wwverde\/wp-json\/wp\/v2\/media?parent=1469"}],"curies":[{"name":"wp","href":"https:\/\/api.w.org\/{rel}","templated":true}]}}