{"id":1462,"date":"2020-11-04T14:24:07","date_gmt":"2020-11-04T17:24:07","guid":{"rendered":"https:\/\/wp.ufpel.edu.br\/wwverde\/?page_id=1462"},"modified":"2020-11-04T15:37:55","modified_gmt":"2020-11-04T18:37:55","slug":"materias","status":"publish","type":"page","link":"https:\/\/wp.ufpel.edu.br\/wwverde\/materias\/","title":{"rendered":"Mat\u00e9rias"},"content":{"rendered":"<p><span style=\"font-family: 'times new roman', times, serif;font-size: 14pt\">Esta se\u00e7\u00e3o foi criada para o compartilhamento de mat\u00e9rias do ano de 2020 relacionadas com a Qu\u00edmica Verde.<\/span><\/p>\n","protected":false},"excerpt":{"rendered":"<p>Esta se\u00e7\u00e3o foi criada para o compartilhamento de mat\u00e9rias do ano de 2020 relacionadas com a Qu\u00edmica Verde.<\/p>\n","protected":false},"author":149,"featured_media":0,"parent":0,"menu_order":0,"comment_status":"closed","ping_status":"closed","template":"","meta":{"jetpack_post_was_ever_published":false,"footnotes":""},"class_list":["post-1462","page","type-page","status-publish","hentry"],"jetpack_sharing_enabled":true,"jetpack_shortlink":"https:\/\/wp.me\/P4VNan-nA","_links":{"self":[{"href":"https:\/\/wp.ufpel.edu.br\/wwverde\/wp-json\/wp\/v2\/pages\/1462","targetHints":{"allow":["GET"]}}],"collection":[{"href":"https:\/\/wp.ufpel.edu.br\/wwverde\/wp-json\/wp\/v2\/pages"}],"about":[{"href":"https:\/\/wp.ufpel.edu.br\/wwverde\/wp-json\/wp\/v2\/types\/page"}],"author":[{"embeddable":true,"href":"https:\/\/wp.ufpel.edu.br\/wwverde\/wp-json\/wp\/v2\/users\/149"}],"replies":[{"embeddable":true,"href":"https:\/\/wp.ufpel.edu.br\/wwverde\/wp-json\/wp\/v2\/comments?post=1462"}],"version-history":[{"count":3,"href":"https:\/\/wp.ufpel.edu.br\/wwverde\/wp-json\/wp\/v2\/pages\/1462\/revisions"}],"predecessor-version":[{"id":1487,"href":"https:\/\/wp.ufpel.edu.br\/wwverde\/wp-json\/wp\/v2\/pages\/1462\/revisions\/1487"}],"wp:attachment":[{"href":"https:\/\/wp.ufpel.edu.br\/wwverde\/wp-json\/wp\/v2\/media?parent=1462"}],"curies":[{"name":"wp","href":"https:\/\/api.w.org\/{rel}","templated":true}]}}