{"id":1439,"date":"2020-10-21T19:58:40","date_gmt":"2020-10-21T22:58:40","guid":{"rendered":"https:\/\/wp.ufpel.edu.br\/wwverde\/?page_id=1439"},"modified":"2020-11-04T14:56:37","modified_gmt":"2020-11-04T17:56:37","slug":"a-mecanoquimica-sendo-usada-para-capturar-o-dioxido-de-carbono","status":"publish","type":"page","link":"https:\/\/wp.ufpel.edu.br\/wwverde\/a-mecanoquimica-sendo-usada-para-capturar-o-dioxido-de-carbono\/","title":{"rendered":"A mecanoqu\u00edmica sendo usada para capturar o di\u00f3xido de carbono"},"content":{"rendered":"<p style=\"text-align: justify\"><span style=\"font-family: 'times new roman', times, serif;font-size: 14pt\">Pesquisadores da Universidade de Montpellier, na Fran\u00e7a, desenvolveram um processo utilizando a mecanoqu\u00edmica \u2013 acelera\u00e7\u00e3o de rea\u00e7\u00f5es qu\u00edmicas utilizando o atrito e for\u00e7as mec\u00e2nicas como fonte de energia \u2013 para capturar de forma revers\u00edvel o di\u00f3xido de carbono atrav\u00e9s da rea\u00e7\u00e3o com o amino\u00e1cido lisina. O procedimento \u00e9 simples, emprega um moinho de bolas como reator, a lisina, e di\u00f3xido de carbono sob press\u00e3o. Essa metodologia tem a vantagem de n\u00e3o utilizar solventes, evitando desperd\u00edcio e purifica\u00e7\u00f5es e, a forma\u00e7\u00e3o do produto desse procedimento, o carbamato, \u00e9 totalmente revers\u00edvel. O projeto foi ovacionado pela especialista em captura de carbono, Susana Garc\u00eda, da Universidade de Heriot-Watt, no Reino unido, onde ela declara que \u201cIsso \u00e9 promissor, porque nossa depend\u00eancia atual de solventes \u00e9 insustent\u00e1vel &#8230; problem\u00e1tica e perigosa.\u201d Al\u00e9m disso, essa \u00e9 uma maneira bastante interessante de sequestrar o principal g\u00e1s do efeito estufa.<\/span><\/p>\n<p><img data-recalc-dims=\"1\" class=\"\" src=\"https:\/\/i0.wp.com\/pubs.acs.org\/na101\/home\/literatum\/publisher\/achs\/journals\/content\/ascecg\/2020\/ascecg.2020.8.issue-35\/acssuschemeng.0c00217\/20200901\/images\/medium\/sc0c00217_0009.gif?resize=551%2C303&#038;ssl=1\" width=\"551\" height=\"303\" \/><\/p>\n<p style=\"text-align: justify\"><span style=\"font-family: 'times new roman', times, serif;font-size: 14pt\">Acesse o artigo na \u00edntegra <a href=\"https:\/\/doi.org\/10.1021\/acssuschemeng.0c00217\">aqui<\/a>.<\/span><\/p>\n<p style=\"text-align: justify\"><span style=\"font-family: 'times new roman', times, serif;font-size: 14pt\">Acesse a mat\u00e9ria <a href=\"https:\/\/www.chemistryworld.com\/news\/mechanochemistry-shakes-up-carbon-capture-with-simple-way-to-trap-gas\/4012621.article?fbclid=IwAR1ty_ZxKw7r5Mo89taU6tjxwKLD9dC0wCsPOQiRNTGFJ5RXCJxM7JKw57A\">aqui<\/a>.<\/span><\/p>\n","protected":false},"excerpt":{"rendered":"<p>Pesquisadores da Universidade de Montpellier, na Fran\u00e7a, desenvolveram um processo utilizando a mecanoqu\u00edmica \u2013 acelera\u00e7\u00e3o de rea\u00e7\u00f5es qu\u00edmicas utilizando o atrito e for\u00e7as mec\u00e2nicas como fonte de energia \u2013 para capturar de forma revers\u00edvel o di\u00f3xido de carbono atrav\u00e9s da rea\u00e7\u00e3o com o amino\u00e1cido lisina. O procedimento \u00e9 simples, emprega um moinho de bolas como [&hellip;]<\/p>\n","protected":false},"author":149,"featured_media":0,"parent":0,"menu_order":0,"comment_status":"closed","ping_status":"closed","template":"","meta":{"jetpack_post_was_ever_published":false,"footnotes":""},"class_list":["post-1439","page","type-page","status-publish","hentry"],"jetpack_sharing_enabled":true,"jetpack_shortlink":"https:\/\/wp.me\/P4VNan-nd","_links":{"self":[{"href":"https:\/\/wp.ufpel.edu.br\/wwverde\/wp-json\/wp\/v2\/pages\/1439","targetHints":{"allow":["GET"]}}],"collection":[{"href":"https:\/\/wp.ufpel.edu.br\/wwverde\/wp-json\/wp\/v2\/pages"}],"about":[{"href":"https:\/\/wp.ufpel.edu.br\/wwverde\/wp-json\/wp\/v2\/types\/page"}],"author":[{"embeddable":true,"href":"https:\/\/wp.ufpel.edu.br\/wwverde\/wp-json\/wp\/v2\/users\/149"}],"replies":[{"embeddable":true,"href":"https:\/\/wp.ufpel.edu.br\/wwverde\/wp-json\/wp\/v2\/comments?post=1439"}],"version-history":[{"count":5,"href":"https:\/\/wp.ufpel.edu.br\/wwverde\/wp-json\/wp\/v2\/pages\/1439\/revisions"}],"predecessor-version":[{"id":1479,"href":"https:\/\/wp.ufpel.edu.br\/wwverde\/wp-json\/wp\/v2\/pages\/1439\/revisions\/1479"}],"wp:attachment":[{"href":"https:\/\/wp.ufpel.edu.br\/wwverde\/wp-json\/wp\/v2\/media?parent=1439"}],"curies":[{"name":"wp","href":"https:\/\/api.w.org\/{rel}","templated":true}]}}