{"id":1432,"date":"2020-10-18T17:51:57","date_gmt":"2020-10-18T20:51:57","guid":{"rendered":"https:\/\/wp.ufpel.edu.br\/wwverde\/?page_id=1432"},"modified":"2020-11-04T15:03:19","modified_gmt":"2020-11-04T18:03:19","slug":"etanol-de-segunda-geracao-cada-vez-mais-proximo","status":"publish","type":"page","link":"https:\/\/wp.ufpel.edu.br\/wwverde\/etanol-de-segunda-geracao-cada-vez-mais-proximo\/","title":{"rendered":"Etanol de segunda gera\u00e7\u00e3o cada vez mais pr\u00f3ximo"},"content":{"rendered":"<p style=\"text-align: justify\"><span style=\"font-family: arial, helvetica, sans-serif\"><img data-recalc-dims=\"1\" class=\"wp-image-1433 alignright\" src=\"https:\/\/i0.wp.com\/wp.ufpel.edu.br\/wwverde\/files\/2020\/10\/WhatsApp-Image-2020-10-08-at-15.36.17.jpeg?resize=451%2C237&#038;ssl=1\" alt=\"\" width=\"451\" height=\"237\" srcset=\"https:\/\/i0.wp.com\/wp.ufpel.edu.br\/wwverde\/files\/2020\/10\/WhatsApp-Image-2020-10-08-at-15.36.17.jpeg?w=685&amp;ssl=1 685w, https:\/\/i0.wp.com\/wp.ufpel.edu.br\/wwverde\/files\/2020\/10\/WhatsApp-Image-2020-10-08-at-15.36.17.jpeg?resize=400%2C210&amp;ssl=1 400w\" sizes=\"(max-width: 451px) 100vw, 451px\" \/><span style=\"font-family: 'times new roman', times, serif;font-size: 14pt\">Por meio de t\u00e9cnicas de engenharia gen\u00e9tica, pesquisadores brasileiros desenvolveram um fungo capaz de produzir um coquetel de enzimas que degrada a biomassa. As enzimas atuam de forma coordenada na cis\u00e3o e na convers\u00e3o de carboidratos da palha e do baga\u00e7o da cana-de-a\u00e7\u00facar em a\u00e7\u00facares simples, que podem sofrer fermenta\u00e7\u00e3o e se transformar em biocombust\u00edvel.<\/span><\/span><br \/>\n<span style=\"font-family: 'times new roman', times, serif;font-size: 14pt\">Essa descoberta abre caminho para maior aproveitamento dos res\u00edduos a<span class=\"text_exposed_show\">groindustriais na fabrica\u00e7\u00e3o de biocombust\u00edveis, j\u00e1 que o desenvolvimento de um coquetel de enzimas representa um dos principais desafios para a produ\u00e7\u00e3o do etanol de segunda gera\u00e7\u00e3o.<br \/>\nO fungo foi modificado por meio de t\u00e9cnicas de edi\u00e7\u00e3o gen\u00e9rica conhecida como CRISPR\/Cas9.<\/span><\/span><\/p>\n<p style=\"text-align: justify\"><span style=\"font-family: 'times new roman', times, serif;font-size: 14pt\">Acesse o artigo na \u00edntegra <a href=\"https:\/\/doi.org\/10.1186\/s13068-020-01732-w\">aqui<\/a>.<\/span><\/p>\n<p style=\"text-align: justify\"><span style=\"font-family: 'times new roman', times, serif;font-size: 14pt\">Acesse a mat\u00e9ria <a href=\"https:\/\/agencia.fapesp.br\/coquetel-enzimatico-desenvolvido-no-brasil-potencializa-producao-de-etanol-de-segunda-geracao\/34318\/?fbclid=IwAR3OeTpzOJobHgcNh7j4AMrj38U-NYEQi5EmUNPfmwIVsURqyr4_ZunQWUg\">aqui<\/a>.<\/span><\/p>\n","protected":false},"excerpt":{"rendered":"<p>Por meio de t\u00e9cnicas de engenharia gen\u00e9tica, pesquisadores brasileiros desenvolveram um fungo capaz de produzir um coquetel de enzimas que degrada a biomassa. As enzimas atuam de forma coordenada na cis\u00e3o e na convers\u00e3o de carboidratos da palha e do baga\u00e7o da cana-de-a\u00e7\u00facar em a\u00e7\u00facares simples, que podem sofrer fermenta\u00e7\u00e3o e se transformar em biocombust\u00edvel. [&hellip;]<\/p>\n","protected":false},"author":149,"featured_media":0,"parent":0,"menu_order":0,"comment_status":"closed","ping_status":"closed","template":"","meta":{"jetpack_post_was_ever_published":false,"footnotes":""},"class_list":["post-1432","page","type-page","status-publish","hentry"],"jetpack_sharing_enabled":true,"jetpack_shortlink":"https:\/\/wp.me\/P4VNan-n6","_links":{"self":[{"href":"https:\/\/wp.ufpel.edu.br\/wwverde\/wp-json\/wp\/v2\/pages\/1432","targetHints":{"allow":["GET"]}}],"collection":[{"href":"https:\/\/wp.ufpel.edu.br\/wwverde\/wp-json\/wp\/v2\/pages"}],"about":[{"href":"https:\/\/wp.ufpel.edu.br\/wwverde\/wp-json\/wp\/v2\/types\/page"}],"author":[{"embeddable":true,"href":"https:\/\/wp.ufpel.edu.br\/wwverde\/wp-json\/wp\/v2\/users\/149"}],"replies":[{"embeddable":true,"href":"https:\/\/wp.ufpel.edu.br\/wwverde\/wp-json\/wp\/v2\/comments?post=1432"}],"version-history":[{"count":3,"href":"https:\/\/wp.ufpel.edu.br\/wwverde\/wp-json\/wp\/v2\/pages\/1432\/revisions"}],"predecessor-version":[{"id":1482,"href":"https:\/\/wp.ufpel.edu.br\/wwverde\/wp-json\/wp\/v2\/pages\/1432\/revisions\/1482"}],"wp:attachment":[{"href":"https:\/\/wp.ufpel.edu.br\/wwverde\/wp-json\/wp\/v2\/media?parent=1432"}],"curies":[{"name":"wp","href":"https:\/\/api.w.org\/{rel}","templated":true}]}}