{"id":1396,"date":"2020-10-05T15:53:11","date_gmt":"2020-10-05T18:53:11","guid":{"rendered":"https:\/\/wp.ufpel.edu.br\/wwverde\/?page_id=1396"},"modified":"2020-11-04T15:29:32","modified_gmt":"2020-11-04T18:29:32","slug":"artigos-2","status":"publish","type":"page","link":"https:\/\/wp.ufpel.edu.br\/wwverde\/artigos-2\/","title":{"rendered":"Artigos"},"content":{"rendered":"<p style=\"text-align: justify\"><span style=\"font-family: 'times new roman', times, serif;font-size: 14pt\">Esta se\u00e7\u00e3o foi criada para o compartilhamento de artigos do ano de 2020 relacionados com a Qu\u00edmica Verde.<\/span><\/p>\n","protected":false},"excerpt":{"rendered":"<p>Esta se\u00e7\u00e3o foi criada para o compartilhamento de artigos do ano de 2020 relacionados com a Qu\u00edmica Verde.<\/p>\n","protected":false},"author":149,"featured_media":0,"parent":0,"menu_order":0,"comment_status":"closed","ping_status":"closed","template":"","meta":{"jetpack_post_was_ever_published":false,"footnotes":""},"class_list":["post-1396","page","type-page","status-publish","hentry"],"jetpack_sharing_enabled":true,"jetpack_shortlink":"https:\/\/wp.me\/P4VNan-mw","_links":{"self":[{"href":"https:\/\/wp.ufpel.edu.br\/wwverde\/wp-json\/wp\/v2\/pages\/1396","targetHints":{"allow":["GET"]}}],"collection":[{"href":"https:\/\/wp.ufpel.edu.br\/wwverde\/wp-json\/wp\/v2\/pages"}],"about":[{"href":"https:\/\/wp.ufpel.edu.br\/wwverde\/wp-json\/wp\/v2\/types\/page"}],"author":[{"embeddable":true,"href":"https:\/\/wp.ufpel.edu.br\/wwverde\/wp-json\/wp\/v2\/users\/149"}],"replies":[{"embeddable":true,"href":"https:\/\/wp.ufpel.edu.br\/wwverde\/wp-json\/wp\/v2\/comments?post=1396"}],"version-history":[{"count":3,"href":"https:\/\/wp.ufpel.edu.br\/wwverde\/wp-json\/wp\/v2\/pages\/1396\/revisions"}],"predecessor-version":[{"id":1484,"href":"https:\/\/wp.ufpel.edu.br\/wwverde\/wp-json\/wp\/v2\/pages\/1396\/revisions\/1484"}],"wp:attachment":[{"href":"https:\/\/wp.ufpel.edu.br\/wwverde\/wp-json\/wp\/v2\/media?parent=1396"}],"curies":[{"name":"wp","href":"https:\/\/api.w.org\/{rel}","templated":true}]}}