{"id":1110,"date":"2015-09-08T17:37:25","date_gmt":"2015-09-08T20:37:25","guid":{"rendered":"https:\/\/wp.ufpel.edu.br\/wwverde\/?page_id=1110"},"modified":"2015-09-08T17:37:25","modified_gmt":"2015-09-08T20:37:25","slug":"campinas-realiza-encontro-nacional-sobre-quimica-verde","status":"publish","type":"page","link":"https:\/\/wp.ufpel.edu.br\/wwverde\/campinas-realiza-encontro-nacional-sobre-quimica-verde\/","title":{"rendered":"Campinas realiza encontro nacional sobre Qu\u00edmica Verde"},"content":{"rendered":"<p>Entre os dias 19 e 20 de outubro ocorre o 5\u00ba Encontro da Escola Brasileira de Qu\u00edmica Verde, que tem como tema este ano a biomassa como mat\u00e9ria-prima para a ind\u00fastria qu\u00edmica renovavel. O evento \u00e9 realizado pelo CTBE (Laborat\u00f3rio Nacional de Ci\u00eancia e Tecnologia do Bioetanol).<\/p>\n<p>Confira a not\u00edcia completa clicando <a href=\"http:\/\/cartacampinas.com.br\/2015\/09\/campinas-realiza-encontro-nacional-sobre-quimica-verde-voce-sabe-o-que-e\/\" target=\"_blank\">aqui<\/a>.<\/p>\n<p>&nbsp;<\/p>\n","protected":false},"excerpt":{"rendered":"<p>Entre os dias 19 e 20 de outubro ocorre o 5\u00ba Encontro da Escola Brasileira de Qu\u00edmica Verde, que tem como tema este ano a biomassa como mat\u00e9ria-prima para a ind\u00fastria qu\u00edmica renovavel. O evento \u00e9 realizado pelo CTBE (Laborat\u00f3rio Nacional de Ci\u00eancia e Tecnologia do Bioetanol). Confira a not\u00edcia completa clicando aqui. &nbsp;<\/p>\n","protected":false},"author":149,"featured_media":0,"parent":0,"menu_order":0,"comment_status":"closed","ping_status":"closed","template":"","meta":{"jetpack_post_was_ever_published":false,"footnotes":""},"class_list":["post-1110","page","type-page","status-publish","hentry"],"jetpack_sharing_enabled":true,"jetpack_shortlink":"https:\/\/wp.me\/P4VNan-hU","_links":{"self":[{"href":"https:\/\/wp.ufpel.edu.br\/wwverde\/wp-json\/wp\/v2\/pages\/1110","targetHints":{"allow":["GET"]}}],"collection":[{"href":"https:\/\/wp.ufpel.edu.br\/wwverde\/wp-json\/wp\/v2\/pages"}],"about":[{"href":"https:\/\/wp.ufpel.edu.br\/wwverde\/wp-json\/wp\/v2\/types\/page"}],"author":[{"embeddable":true,"href":"https:\/\/wp.ufpel.edu.br\/wwverde\/wp-json\/wp\/v2\/users\/149"}],"replies":[{"embeddable":true,"href":"https:\/\/wp.ufpel.edu.br\/wwverde\/wp-json\/wp\/v2\/comments?post=1110"}],"version-history":[{"count":1,"href":"https:\/\/wp.ufpel.edu.br\/wwverde\/wp-json\/wp\/v2\/pages\/1110\/revisions"}],"predecessor-version":[{"id":1111,"href":"https:\/\/wp.ufpel.edu.br\/wwverde\/wp-json\/wp\/v2\/pages\/1110\/revisions\/1111"}],"wp:attachment":[{"href":"https:\/\/wp.ufpel.edu.br\/wwverde\/wp-json\/wp\/v2\/media?parent=1110"}],"curies":[{"name":"wp","href":"https:\/\/api.w.org\/{rel}","templated":true}]}}