{"id":1099,"date":"2015-08-10T21:46:06","date_gmt":"2015-08-11T00:46:06","guid":{"rendered":"https:\/\/wp.ufpel.edu.br\/wwverde\/?page_id=1099"},"modified":"2015-08-10T21:46:06","modified_gmt":"2015-08-11T00:46:06","slug":"descoberto-por-pesquisadores-material-que-transforma-co2-em-combustivel","status":"publish","type":"page","link":"https:\/\/wp.ufpel.edu.br\/wwverde\/descoberto-por-pesquisadores-material-que-transforma-co2-em-combustivel\/","title":{"rendered":"Descoberto por pesquisadores material que transforma CO2 em combust\u00edvel"},"content":{"rendered":"<p>Pesquisadores\u00a0do Departamento de Energia dos Estados Unidos publicaram recentemente um trabalho no Jornal \u00a0da Sociedade Americana de Qu\u00edmica, onde desenvolvem um material capaz de capturar o CO2 presente na atmosfera transformando-o em metanol. \u00a0Este novo material baseia-se em pequenos grupos de quatro \u00e1tomos de cobre, unidos por uma camada fina de \u00f3xido de alum\u00ednio.<\/p>\n<p>Confira o artigo publicado clicando na imagem abaixo:<\/p>\n<p><a href=\"http:\/\/pubs.acs.org\/doi\/abs\/10.1021\/jacs.5b03668?journalCode=jacsat\" target=\"_blank\"><img data-recalc-dims=\"1\" class=\"alignleft  wp-image-1100\" src=\"https:\/\/i0.wp.com\/wp.ufpel.edu.br\/wwverde\/files\/2015\/08\/ja-2015-036688_0004.gif?resize=445%2C321&#038;ssl=1\" alt=\"CO2\" width=\"445\" height=\"321\" srcset=\"https:\/\/i0.wp.com\/wp.ufpel.edu.br\/wwverde\/files\/2015\/08\/ja-2015-036688_0004.gif?resize=212%2C153&amp;ssl=1 212w, https:\/\/i0.wp.com\/wp.ufpel.edu.br\/wwverde\/files\/2015\/08\/ja-2015-036688_0004.gif?resize=424%2C307&amp;ssl=1 424w\" sizes=\"(max-width: 445px) 100vw, 445px\" \/><\/a><\/p>\n","protected":false},"excerpt":{"rendered":"<p>Pesquisadores\u00a0do Departamento de Energia dos Estados Unidos publicaram recentemente um trabalho no Jornal \u00a0da Sociedade Americana de Qu\u00edmica, onde desenvolvem um material capaz de capturar o CO2 presente na atmosfera transformando-o em metanol. \u00a0Este novo material baseia-se em pequenos grupos de quatro \u00e1tomos de cobre, unidos por uma camada fina de \u00f3xido de alum\u00ednio. Confira [&hellip;]<\/p>\n","protected":false},"author":149,"featured_media":762,"parent":0,"menu_order":0,"comment_status":"closed","ping_status":"closed","template":"","meta":{"jetpack_post_was_ever_published":false,"footnotes":""},"class_list":["post-1099","page","type-page","status-publish","has-post-thumbnail","hentry"],"jetpack_sharing_enabled":true,"jetpack_shortlink":"https:\/\/wp.me\/P4VNan-hJ","_links":{"self":[{"href":"https:\/\/wp.ufpel.edu.br\/wwverde\/wp-json\/wp\/v2\/pages\/1099","targetHints":{"allow":["GET"]}}],"collection":[{"href":"https:\/\/wp.ufpel.edu.br\/wwverde\/wp-json\/wp\/v2\/pages"}],"about":[{"href":"https:\/\/wp.ufpel.edu.br\/wwverde\/wp-json\/wp\/v2\/types\/page"}],"author":[{"embeddable":true,"href":"https:\/\/wp.ufpel.edu.br\/wwverde\/wp-json\/wp\/v2\/users\/149"}],"replies":[{"embeddable":true,"href":"https:\/\/wp.ufpel.edu.br\/wwverde\/wp-json\/wp\/v2\/comments?post=1099"}],"version-history":[{"count":1,"href":"https:\/\/wp.ufpel.edu.br\/wwverde\/wp-json\/wp\/v2\/pages\/1099\/revisions"}],"predecessor-version":[{"id":1101,"href":"https:\/\/wp.ufpel.edu.br\/wwverde\/wp-json\/wp\/v2\/pages\/1099\/revisions\/1101"}],"wp:featuredmedia":[{"embeddable":true,"href":"https:\/\/wp.ufpel.edu.br\/wwverde\/wp-json\/wp\/v2\/media\/762"}],"wp:attachment":[{"href":"https:\/\/wp.ufpel.edu.br\/wwverde\/wp-json\/wp\/v2\/media?parent=1099"}],"curies":[{"name":"wp","href":"https:\/\/api.w.org\/{rel}","templated":true}]}}