{"id":1090,"date":"2015-08-09T20:15:51","date_gmt":"2015-08-09T23:15:51","guid":{"rendered":"https:\/\/wp.ufpel.edu.br\/wwverde\/?page_id=1090"},"modified":"2015-08-09T20:15:51","modified_gmt":"2015-08-09T23:15:51","slug":"apresentacoes-20151","status":"publish","type":"page","link":"https:\/\/wp.ufpel.edu.br\/wwverde\/apresentacoes-20151\/","title":{"rendered":"Apresenta\u00e7\u00f5es 2015\/1"},"content":{"rendered":"<p>Neste semestre, as aulas de Qu\u00edmica Verda na UFPEL foram ministradas pelo professor Juliano Roehrs. Na disciplina os alunos foram dividos em grupos onde que cada grupo, ficou respons\u00e1vel por um ano e seus respectivos vencedores do Pr\u00eamio Presidencial Desafio da Qu\u00edmica Verde da EPA. Os trabalhos foram apresentados em forma de slides e discutidos em sala de aula.<\/p>\n<p>&nbsp;<\/p>\n<p class=\"jetpack-slideshow-noscript robots-nocontent\">Este slideshow necessita de JavaScript.<\/p><div id=\"gallery-1090-1-slideshow\" class=\"jetpack-slideshow-window jetpack-slideshow jetpack-slideshow-black\" data-trans=\"fade\" data-autostart=\"1\" data-gallery=\"[{&quot;src&quot;:&quot;https:\\\/\\\/i0.wp.com\\\/wp.ufpel.edu.br\\\/wwverde\\\/files\\\/2015\\\/08\\\/11355615_890590831013914_816640696_n-1.jpg?fit=960%2C540\\u0026ssl=1&quot;,&quot;id&quot;:&quot;1091&quot;,&quot;title&quot;:&quot;11355615_890590831013914_816640696_n (1)&quot;,&quot;alt&quot;:&quot;&quot;,&quot;caption&quot;:&quot;&quot;,&quot;itemprop&quot;:&quot;image&quot;},{&quot;src&quot;:&quot;https:\\\/\\\/i0.wp.com\\\/wp.ufpel.edu.br\\\/wwverde\\\/files\\\/2015\\\/08\\\/11356339_890590777680586_1901786622_n.jpg?fit=960%2C540\\u0026ssl=1&quot;,&quot;id&quot;:&quot;1093&quot;,&quot;title&quot;:&quot;11356339_890590777680586_1901786622_n&quot;,&quot;alt&quot;:&quot;&quot;,&quot;caption&quot;:&quot;&quot;,&quot;itemprop&quot;:&quot;image&quot;},{&quot;src&quot;:&quot;https:\\\/\\\/i0.wp.com\\\/wp.ufpel.edu.br\\\/wwverde\\\/files\\\/2015\\\/08\\\/20150808191830.jpg?fit=720%2C507\\u0026ssl=1&quot;,&quot;id&quot;:&quot;1094&quot;,&quot;title&quot;:&quot;20150808191830&quot;,&quot;alt&quot;:&quot;&quot;,&quot;caption&quot;:&quot;&quot;,&quot;itemprop&quot;:&quot;image&quot;},{&quot;src&quot;:&quot;https:\\\/\\\/i0.wp.com\\\/wp.ufpel.edu.br\\\/wwverde\\\/files\\\/2015\\\/08\\\/20150808191900.jpg?fit=1280%2C720\\u0026ssl=1&quot;,&quot;id&quot;:&quot;1095&quot;,&quot;title&quot;:&quot;20150808191900&quot;,&quot;alt&quot;:&quot;&quot;,&quot;caption&quot;:&quot;&quot;,&quot;itemprop&quot;:&quot;image&quot;},{&quot;src&quot;:&quot;https:\\\/\\\/i0.wp.com\\\/wp.ufpel.edu.br\\\/wwverde\\\/files\\\/2015\\\/08\\\/20150808191904.jpg?fit=720%2C1280\\u0026ssl=1&quot;,&quot;id&quot;:&quot;1096&quot;,&quot;title&quot;:&quot;20150808191904&quot;,&quot;alt&quot;:&quot;&quot;,&quot;caption&quot;:&quot;&quot;,&quot;itemprop&quot;:&quot;image&quot;}]\" itemscope itemtype=\"https:\/\/schema.org\/ImageGallery\"><\/div>\n","protected":false},"excerpt":{"rendered":"<p>Neste semestre, as aulas de Qu\u00edmica Verda na UFPEL foram ministradas pelo professor Juliano Roehrs. Na disciplina os alunos foram dividos em grupos onde que cada grupo, ficou respons\u00e1vel por um ano e seus respectivos vencedores do Pr\u00eamio Presidencial Desafio da Qu\u00edmica Verde da EPA. Os trabalhos foram apresentados em forma de slides e discutidos [&hellip;]<\/p>\n","protected":false},"author":149,"featured_media":0,"parent":0,"menu_order":0,"comment_status":"closed","ping_status":"closed","template":"","meta":{"jetpack_post_was_ever_published":false,"footnotes":""},"class_list":["post-1090","page","type-page","status-publish","hentry"],"jetpack_sharing_enabled":true,"jetpack_shortlink":"https:\/\/wp.me\/P4VNan-hA","_links":{"self":[{"href":"https:\/\/wp.ufpel.edu.br\/wwverde\/wp-json\/wp\/v2\/pages\/1090","targetHints":{"allow":["GET"]}}],"collection":[{"href":"https:\/\/wp.ufpel.edu.br\/wwverde\/wp-json\/wp\/v2\/pages"}],"about":[{"href":"https:\/\/wp.ufpel.edu.br\/wwverde\/wp-json\/wp\/v2\/types\/page"}],"author":[{"embeddable":true,"href":"https:\/\/wp.ufpel.edu.br\/wwverde\/wp-json\/wp\/v2\/users\/149"}],"replies":[{"embeddable":true,"href":"https:\/\/wp.ufpel.edu.br\/wwverde\/wp-json\/wp\/v2\/comments?post=1090"}],"version-history":[{"count":1,"href":"https:\/\/wp.ufpel.edu.br\/wwverde\/wp-json\/wp\/v2\/pages\/1090\/revisions"}],"predecessor-version":[{"id":1097,"href":"https:\/\/wp.ufpel.edu.br\/wwverde\/wp-json\/wp\/v2\/pages\/1090\/revisions\/1097"}],"wp:attachment":[{"href":"https:\/\/wp.ufpel.edu.br\/wwverde\/wp-json\/wp\/v2\/media?parent=1090"}],"curies":[{"name":"wp","href":"https:\/\/api.w.org\/{rel}","templated":true}]}}