{"id":1016,"date":"2015-07-15T23:14:18","date_gmt":"2015-07-16T02:14:18","guid":{"rendered":"https:\/\/wp.ufpel.edu.br\/wwverde\/?page_id=1016"},"modified":"2015-07-15T23:25:39","modified_gmt":"2015-07-16T02:25:39","slug":"presidential-green-chemistry-challenge","status":"publish","type":"page","link":"https:\/\/wp.ufpel.edu.br\/wwverde\/presidential-green-chemistry-challenge\/","title":{"rendered":"Presidential Green Chemistry Challenge"},"content":{"rendered":"<p>Anualmente, promovido pela EPA (United States Environmental Protection Agency), s\u00e3o escolhidos trabalhos dentro do ramo da Qu\u00edmica Verde para serem premiados. Para este ano, a EPA anunciou uma nova categoria que cont\u00e9m um especifico benef\u00edcio ambiental, essa nova categoria \u00e9 voltada para mudan\u00e7as clim\u00e1ticas!<\/p>\n<p>Saiba mais sobre o Presidential Green Chemistry Challenge no site da <a href=\"http:\/\/www2.epa.gov\/green-chemistry\/information-about-presidential-green-chemistry-challenge\" target=\"_blank\">EPA<\/a>.<\/p>\n<p>&nbsp;<\/p>\n","protected":false},"excerpt":{"rendered":"<p>Anualmente, promovido pela EPA (United States Environmental Protection Agency), s\u00e3o escolhidos trabalhos dentro do ramo da Qu\u00edmica Verde para serem premiados. Para este ano, a EPA anunciou uma nova categoria que cont\u00e9m um especifico benef\u00edcio ambiental, essa nova categoria \u00e9 voltada para mudan\u00e7as clim\u00e1ticas! Saiba mais sobre o Presidential Green Chemistry Challenge no site da [&hellip;]<\/p>\n","protected":false},"author":149,"featured_media":0,"parent":0,"menu_order":0,"comment_status":"closed","ping_status":"closed","template":"","meta":{"jetpack_post_was_ever_published":false,"footnotes":""},"class_list":["post-1016","page","type-page","status-publish","hentry"],"jetpack_sharing_enabled":true,"jetpack_shortlink":"https:\/\/wp.me\/P4VNan-go","_links":{"self":[{"href":"https:\/\/wp.ufpel.edu.br\/wwverde\/wp-json\/wp\/v2\/pages\/1016","targetHints":{"allow":["GET"]}}],"collection":[{"href":"https:\/\/wp.ufpel.edu.br\/wwverde\/wp-json\/wp\/v2\/pages"}],"about":[{"href":"https:\/\/wp.ufpel.edu.br\/wwverde\/wp-json\/wp\/v2\/types\/page"}],"author":[{"embeddable":true,"href":"https:\/\/wp.ufpel.edu.br\/wwverde\/wp-json\/wp\/v2\/users\/149"}],"replies":[{"embeddable":true,"href":"https:\/\/wp.ufpel.edu.br\/wwverde\/wp-json\/wp\/v2\/comments?post=1016"}],"version-history":[{"count":3,"href":"https:\/\/wp.ufpel.edu.br\/wwverde\/wp-json\/wp\/v2\/pages\/1016\/revisions"}],"predecessor-version":[{"id":1020,"href":"https:\/\/wp.ufpel.edu.br\/wwverde\/wp-json\/wp\/v2\/pages\/1016\/revisions\/1020"}],"wp:attachment":[{"href":"https:\/\/wp.ufpel.edu.br\/wwverde\/wp-json\/wp\/v2\/media?parent=1016"}],"curies":[{"name":"wp","href":"https:\/\/api.w.org\/{rel}","templated":true}]}}