{"id":59,"date":"2025-12-09T14:13:52","date_gmt":"2025-12-09T17:13:52","guid":{"rendered":"https:\/\/wp.ufpel.edu.br\/wpa2026\/?page_id=59"},"modified":"2026-04-27T11:01:37","modified_gmt":"2026-04-27T14:01:37","slug":"local","status":"publish","type":"page","link":"https:\/\/wp.ufpel.edu.br\/wpa2026\/local\/","title":{"rendered":"Local"},"content":{"rendered":"<p><strong>XIV Edi\u00e7\u00e3o &#8211; WPA 2026<\/strong><\/p>\n<p><strong>Local do evento: Campus Cap\u00e3o do Le\u00e3o \u2013 UFPel \u2013 Pelotas \u2013 RS<\/strong><\/p>\n<p>Acesse o mapa do campus Cap\u00e3o do Le\u00e3o no link abaixo<\/p>\n<p><a href=\"http:\/\/Campus Universit\u00e1rio, S\/N - CEP 96160-000 Cap\u00e3o do Le\u00e3o, RS - Brasil\">http:\/\/Campus Universit\u00e1rio, S\/N &#8211; CEP 96160-000 Cap\u00e3o do Le\u00e3o, RS &#8211; Brasil<\/a><\/p>\n<p><img loading=\"lazy\" decoding=\"async\" class=\"wp-image-177 aligncenter\" src=\"https:\/\/wp.ufpel.edu.br\/wpa2026\/files\/2025\/12\/ufpel-e1765456212945.jpg\" alt=\"\" width=\"424\" height=\"378\" srcset=\"https:\/\/wp.ufpel.edu.br\/wpa2026\/files\/2025\/12\/ufpel-e1765456212945.jpg 753w, https:\/\/wp.ufpel.edu.br\/wpa2026\/files\/2025\/12\/ufpel-e1765456212945-400x356.jpg 400w, https:\/\/wp.ufpel.edu.br\/wpa2026\/files\/2025\/12\/ufpel-e1765456212945-337x300.jpg 337w\" sizes=\"auto, (max-width: 424px) 100vw, 424px\" \/><\/p>\n<p><strong>Local palestras t\u00e9cnicas: Audit\u00f3rio \u201cWilson de Oliveira&#8221; -Faculdade de Agronomia Eliseu Maciel (FAEM) &#8211; UFPel &#8211; Pelotas &#8211; RS<\/strong><\/p>\n<div><img loading=\"lazy\" decoding=\"async\" class=\" wp-image-175 aligncenter\" src=\"https:\/\/wp.ufpel.edu.br\/wpa2026\/files\/2025\/12\/auditorio.jpeg\" alt=\"\" width=\"483\" height=\"225\" \/><\/div>\n<p><strong>Local das atividades pr\u00e1ticas: Laborat\u00f3rios do Centro de Ci\u00eancias Qu\u00edmicas, Farmac\u00eauticas e de Alimentos (CCQFA) &#8211; UFPel<\/strong><\/p>\n<p><img loading=\"lazy\" decoding=\"async\" class=\" wp-image-179 aligncenter\" src=\"https:\/\/wp.ufpel.edu.br\/wpa2026\/files\/2025\/12\/WPA-ideias-10-1-400x225.png\" alt=\"\" width=\"595\" height=\"359\" \/><\/p>\n","protected":false},"excerpt":{"rendered":"<p>XIV Edi\u00e7\u00e3o &#8211; WPA 2026 Local do evento: Campus Cap\u00e3o do Le\u00e3o \u2013 UFPel \u2013 Pelotas \u2013 RS Acesse o mapa do campus Cap\u00e3o do Le\u00e3o no link abaixo http:\/\/Campus Universit\u00e1rio, S\/N &#8211; CEP 96160-000 Cap\u00e3o do Le\u00e3o, RS &#8211; &hellip; <a href=\"https:\/\/wp.ufpel.edu.br\/wpa2026\/local\/\">Continue lendo <span class=\"meta-nav\">&rarr;<\/span><\/a><\/p>\n","protected":false},"author":1545,"featured_media":0,"parent":0,"menu_order":0,"comment_status":"closed","ping_status":"closed","template":"","meta":{"footnotes":""},"class_list":["post-59","page","type-page","status-publish","hentry"],"_links":{"self":[{"href":"https:\/\/wp.ufpel.edu.br\/wpa2026\/wp-json\/wp\/v2\/pages\/59","targetHints":{"allow":["GET"]}}],"collection":[{"href":"https:\/\/wp.ufpel.edu.br\/wpa2026\/wp-json\/wp\/v2\/pages"}],"about":[{"href":"https:\/\/wp.ufpel.edu.br\/wpa2026\/wp-json\/wp\/v2\/types\/page"}],"author":[{"embeddable":true,"href":"https:\/\/wp.ufpel.edu.br\/wpa2026\/wp-json\/wp\/v2\/users\/1545"}],"replies":[{"embeddable":true,"href":"https:\/\/wp.ufpel.edu.br\/wpa2026\/wp-json\/wp\/v2\/comments?post=59"}],"version-history":[{"count":4,"href":"https:\/\/wp.ufpel.edu.br\/wpa2026\/wp-json\/wp\/v2\/pages\/59\/revisions"}],"predecessor-version":[{"id":1256,"href":"https:\/\/wp.ufpel.edu.br\/wpa2026\/wp-json\/wp\/v2\/pages\/59\/revisions\/1256"}],"wp:attachment":[{"href":"https:\/\/wp.ufpel.edu.br\/wpa2026\/wp-json\/wp\/v2\/media?parent=59"}],"curies":[{"name":"wp","href":"https:\/\/api.w.org\/{rel}","templated":true}]}}