{"id":501,"date":"2026-03-30T09:57:50","date_gmt":"2026-03-30T12:57:50","guid":{"rendered":"https:\/\/wp.ufpel.edu.br\/wpa2026\/?page_id=501"},"modified":"2026-04-23T16:15:35","modified_gmt":"2026-04-23T19:15:35","slug":"comite-cientifico","status":"publish","type":"page","link":"https:\/\/wp.ufpel.edu.br\/wpa2026\/comite-cientifico\/","title":{"rendered":"Comit\u00ea Cient\u00edfico"},"content":{"rendered":"<h1>Comit\u00ea Cient\u00edfico<\/h1>\n<ul>\n<li><strong>Cassiana Seimi Nomura (DQ\/USP)<\/strong><\/li>\n<li><strong>Cezar Augusto Bizzi (DQ\/UFSM)<\/strong><\/li>\n<li><strong>Cl\u00e9sia Cristina Nascentes (DQ\/UFMG)<\/strong><\/li>\n<li><strong>Daniel Lazaro Gallindo Borges (DQ\/UFSC)<\/strong><\/li>\n<li><strong>\u00c9der Lisandro de Moraes Flores (DAQUI\/UTFPR)<\/strong><\/li>\n<li><strong>Ednei Gilberto Primel (DQ\/FURG)<\/strong><\/li>\n<li><strong>\u00c9rico Marlon de Moraes Flores (DQ\/UFSM)<\/strong><\/li>\n<li><strong>F\u00e1bio Andrei Duarte (DQ\/UFSM)<\/strong><\/li>\n<li><strong>Fabio Rodrigo Piovezani Rocha (CENA\/USP)<\/strong><\/li>\n<li><strong>Francisco Jos\u00e9 Krug (CENA\/USP)<\/strong><\/li>\n<li><strong>Gisele Simone Lopes (DQA\/UFC)<\/strong><\/li>\n<li><strong>Joaquim de Ara\u00fajo Nobrega (DQ\/UFSCar)<\/strong><\/li>\n<li><strong>Jos\u00e9 Anchieta Gomes Neto (IQ\/UNESP)<\/strong><\/li>\n<li><strong>Juliana Naozuka (UNIFESP)<\/strong><\/li>\n<li><strong>Juliano Smanioto Barin (DTCA\/UFSM)<\/strong><\/li>\n<li><strong>Let\u00edcia Malta Costa (DQ\/UFMG)<\/strong><\/li>\n<li><strong>M\u00e1rcia Foster Mesko (DQ\/UFPel)<\/strong><\/li>\n<li><strong>Maciel Santos Luz (IPT)<\/strong><\/li>\n<li><strong>Marco Aur\u00e9lio Zezzi Arruda (UNICAMP)<\/strong><\/li>\n<li><strong>Maria das Gra\u00e7as Andrade Korn (IQ\/UFBA)<\/strong><\/li>\n<li><strong>Maria do Carmo Hespanhol (DQ\/UFV)<\/strong><\/li>\n<li><strong>Maria Tereza W. D. Carneiro Lima (CCE\/UFES)<\/strong><\/li>\n<li><strong>Mauro Korn (DQ\/UNEB)<\/strong><\/li>\n<li><strong>Paola de Azevedo Mello (DQ\/UFSM)<\/strong><\/li>\n<li><strong>Renato Zanella (DQ\/UFSM)<\/strong><\/li>\n<li><strong>Rochele Sogari Picoloto (DQ\/UFSM)<\/strong><\/li>\n<li><strong>Wanessa Melchert Mattos (CENA\/USP)<\/strong><\/li>\n<li><strong>Wladiana Oliveira Matos (DQA\/UFC)<\/strong><\/li>\n<\/ul>\n<div id=\"gtx-trans\" style=\"position: absolute; left: -25px; top: 0px;\">\n<div class=\"gtx-trans-icon\"><\/div>\n<\/div>\n","protected":false},"excerpt":{"rendered":"<p>Comit\u00ea Cient\u00edfico Cassiana Seimi Nomura (DQ\/USP) Cezar Augusto Bizzi (DQ\/UFSM) Cl\u00e9sia Cristina Nascentes (DQ\/UFMG) Daniel Lazaro Gallindo Borges (DQ\/UFSC) \u00c9der Lisandro de Moraes Flores (DAQUI\/UTFPR) Ednei Gilberto Primel (DQ\/FURG) \u00c9rico Marlon de Moraes Flores (DQ\/UFSM) F\u00e1bio Andrei Duarte (DQ\/UFSM) Fabio &hellip; <a href=\"https:\/\/wp.ufpel.edu.br\/wpa2026\/comite-cientifico\/\">Continue lendo <span class=\"meta-nav\">&rarr;<\/span><\/a><\/p>\n","protected":false},"author":1545,"featured_media":0,"parent":0,"menu_order":0,"comment_status":"closed","ping_status":"closed","template":"","meta":{"footnotes":""},"class_list":["post-501","page","type-page","status-publish","hentry"],"_links":{"self":[{"href":"https:\/\/wp.ufpel.edu.br\/wpa2026\/wp-json\/wp\/v2\/pages\/501","targetHints":{"allow":["GET"]}}],"collection":[{"href":"https:\/\/wp.ufpel.edu.br\/wpa2026\/wp-json\/wp\/v2\/pages"}],"about":[{"href":"https:\/\/wp.ufpel.edu.br\/wpa2026\/wp-json\/wp\/v2\/types\/page"}],"author":[{"embeddable":true,"href":"https:\/\/wp.ufpel.edu.br\/wpa2026\/wp-json\/wp\/v2\/users\/1545"}],"replies":[{"embeddable":true,"href":"https:\/\/wp.ufpel.edu.br\/wpa2026\/wp-json\/wp\/v2\/comments?post=501"}],"version-history":[{"count":4,"href":"https:\/\/wp.ufpel.edu.br\/wpa2026\/wp-json\/wp\/v2\/pages\/501\/revisions"}],"predecessor-version":[{"id":1169,"href":"https:\/\/wp.ufpel.edu.br\/wpa2026\/wp-json\/wp\/v2\/pages\/501\/revisions\/1169"}],"wp:attachment":[{"href":"https:\/\/wp.ufpel.edu.br\/wpa2026\/wp-json\/wp\/v2\/media?parent=501"}],"curies":[{"name":"wp","href":"https:\/\/api.w.org\/{rel}","templated":true}]}}