{"id":275,"date":"2026-02-19T13:44:57","date_gmt":"2026-02-19T16:44:57","guid":{"rendered":"https:\/\/wp.ufpel.edu.br\/wpa2026\/?page_id=275"},"modified":"2026-04-08T17:58:04","modified_gmt":"2026-04-08T20:58:04","slug":"hospedagens","status":"publish","type":"page","link":"https:\/\/wp.ufpel.edu.br\/wpa2026\/hospedagens\/","title":{"rendered":"Hospedagens"},"content":{"rendered":"<h1 style=\"text-align: center;\">Confira abaixo algumas sugest\u00f5es de hospedagens na nossa Princesa do Sul!<\/h1>\n<h2 style=\"text-align: justify;\">Preparamos as melhores op\u00e7\u00f5es de hospedagem em Pelotas para os participantes do WPA 2026, com desconto especial!<br \/>\nConfira abaixo os endere\u00e7os e contatos dos hot\u00e9is parceiros. Para obter o desconto especial, basta informar sua participa\u00e7\u00e3o no evento durante a reserva.<\/h2>\n<h1>\ud83c\udfe8 Curi Palace Hotel<\/h1>\n<p>Single R$ 263 (di\u00e1ria)<br \/>\nDuplo R$ 330 (di\u00e1ria)<br \/>\nTriplo R$ 457 (di\u00e1ria)<br \/>\n\ud83d\udccd Rua General Os\u00f3rio, 1279 \u2013 Centro, Pelotas\/RS<br \/>\n\ud83d\udcde Telefone: +55 (53) 3227-7377 | +55 (53) 3026-7171<br \/>\n\ud83d\udcf1 WhatsApp: +55 (53) 98117-0011<br \/>\n\ud83d\udce7 reservas@curipalacehotel.com.br<\/p>\n<p>\ud83c\udf10 <a href=\"https:\/\/www.curipalacehotel.com.br\/\">https:\/\/www.curipalacehotel.com.br\/<\/a><\/p>\n<h1>\ud83c\udfe8 Jacques Georges Business Hotel<\/h1>\n<p>Single R$ 249 (di\u00e1ria)<br \/>\nDuplo R$ 320 (di\u00e1ria)<br \/>\nTriplo R$ 420 (di\u00e1ria)<br \/>\n\ud83d\udccd Rua Gon\u00e7alves Chaves, 512 \u2013 Centro, Pelotas\/RS<br \/>\n\ud83d\udcde Telefone: +55 (53) 3284-9000<br \/>\n\ud83d\udce7 jghotel@jghotel.com.br<\/p>\n<p>\ud83c\udf10 <a href=\"https:\/\/jghotel.com.br\/jghotel-business\/\">https:\/\/jghotel.com.br\/jghotel-business\/<\/a><\/p>\n<h1>\ud83c\udfe8 Hot\u00e9is Manta<\/h1>\n<p>Single R$ 205 (di\u00e1ria)<br \/>\nDuplo R$ 302 (di\u00e1ria)<br \/>\nTriplo R$ 420 (di\u00e1ria)<br \/>\n\ud83d\udccd Rua General Neto, 1131 \u2013 Centro, Pelotas\/RS<br \/>\n\ud83d\udcde Telefone\/WhatsApp: +55 (53) 3225-2411<br \/>\n\ud83d\udce7 reservas@hoteismanta.com.br<\/p>\n<p>\ud83c\udf10 <a href=\"https:\/\/www.hoteismanta.com.br\/\">https:\/\/www.hoteismanta.com.br\/<\/a><\/p>\n<p><strong>Outras op\u00e7\u00f5es (sem desconto para participantes):<\/strong><\/p>\n<p><strong>Ibis Pelotas<\/strong><\/p>\n<p>Avenida Dom Joaquim, 1458, Pelotas, CEP 96020260.<\/p>\n<p><strong>Hotel Alles Blau<\/strong><\/p>\n<p>Rua Sete de Setembro 354, Pelotas, CEP 96015-300.<\/p>\n<p><strong>Jacques Georges Tower<\/strong><\/p>\n<p>Rua Almirante Barroso, 2069, Pelotas, CEP 96010-280.<\/p>\n<p><strong>M Tower Hotel<\/strong><\/p>\n<p>Rua Felix da Cunha 213, Pelotas, CEP 96010-000.<\/p>\n<p style=\"text-align: center;\">\n","protected":false},"excerpt":{"rendered":"<p>Confira abaixo algumas sugest\u00f5es de hospedagens na nossa Princesa do Sul! Preparamos as melhores op\u00e7\u00f5es de hospedagem em Pelotas para os participantes do WPA 2026, com desconto especial! Confira abaixo os endere\u00e7os e contatos dos hot\u00e9is parceiros. Para obter o &hellip; <a href=\"https:\/\/wp.ufpel.edu.br\/wpa2026\/hospedagens\/\">Continue lendo <span class=\"meta-nav\">&rarr;<\/span><\/a><\/p>\n","protected":false},"author":1545,"featured_media":0,"parent":0,"menu_order":0,"comment_status":"closed","ping_status":"closed","template":"","meta":{"footnotes":""},"class_list":["post-275","page","type-page","status-publish","hentry"],"_links":{"self":[{"href":"https:\/\/wp.ufpel.edu.br\/wpa2026\/wp-json\/wp\/v2\/pages\/275","targetHints":{"allow":["GET"]}}],"collection":[{"href":"https:\/\/wp.ufpel.edu.br\/wpa2026\/wp-json\/wp\/v2\/pages"}],"about":[{"href":"https:\/\/wp.ufpel.edu.br\/wpa2026\/wp-json\/wp\/v2\/types\/page"}],"author":[{"embeddable":true,"href":"https:\/\/wp.ufpel.edu.br\/wpa2026\/wp-json\/wp\/v2\/users\/1545"}],"replies":[{"embeddable":true,"href":"https:\/\/wp.ufpel.edu.br\/wpa2026\/wp-json\/wp\/v2\/comments?post=275"}],"version-history":[{"count":3,"href":"https:\/\/wp.ufpel.edu.br\/wpa2026\/wp-json\/wp\/v2\/pages\/275\/revisions"}],"predecessor-version":[{"id":769,"href":"https:\/\/wp.ufpel.edu.br\/wpa2026\/wp-json\/wp\/v2\/pages\/275\/revisions\/769"}],"wp:attachment":[{"href":"https:\/\/wp.ufpel.edu.br\/wpa2026\/wp-json\/wp\/v2\/media?parent=275"}],"curies":[{"name":"wp","href":"https:\/\/api.w.org\/{rel}","templated":true}]}}