{"id":229,"date":"2026-02-17T16:11:08","date_gmt":"2026-02-17T19:11:08","guid":{"rendered":"https:\/\/wp.ufpel.edu.br\/wpa2026\/?page_id=229"},"modified":"2026-04-25T15:24:34","modified_gmt":"2026-04-25T18:24:34","slug":"sobre-pelotas","status":"publish","type":"page","link":"https:\/\/wp.ufpel.edu.br\/wpa2026\/sobre-pelotas\/","title":{"rendered":"Sobre Pelotas"},"content":{"rendered":"<p style=\"text-align: justify;\" data-start=\"109\" data-end=\"514\">Localizada no sul do <span class=\"hover:entity-accent entity-underline inline cursor-pointer align-baseline\"><span class=\"whitespace-normal\">Brasil<\/span><\/span>, no estado do <span class=\"hover:entity-accent entity-underline inline cursor-pointer align-baseline\"><span class=\"whitespace-normal\">Rio Grande do Sul<\/span><\/span>, e conhecida como &#8221;Princesa do Sul&#8221;, a cidade de <span class=\"hover:entity-accent entity-underline inline cursor-pointer align-baseline\"><span class=\"whitespace-normal\">Pelotas<\/span><\/span> \u00e9 um verdadeiro patrim\u00f4nio cultural e hist\u00f3rico. Conhecida por sua rica arquitetura preservada, tradi\u00e7\u00e3o doceira e forte influ\u00eancia das antigas charqueadas, Pelotas encanta moradores e visitantes com seu charme singular e atmosfera acolhedora.<\/p>\n<p style=\"text-align: justify;\">Fundada em 1812, seu desenvolvimento foi impulsionado pela produ\u00e7\u00e3o de charque entre os anos de 1830 e 1870, que a consolidou como um importante centro econ\u00f4mico no s\u00e9culo XIX. A produ\u00e7\u00e3o extensiva da \u00e9poca era totalmente ateada ao trabalho de pessoas negras escravizadas que desencadeou contextos hist\u00f3ricos marcantes tanto na forma\u00e7\u00e3o social quanto cultural da cidade.<\/p>\n<p style=\"text-align: justify;\">Com mais de 300 mil habitantes, Pelotas est\u00e1 localizada a cerca de 255 km da capital estadual (Porto Alegre) e \u00e9 reconhecida como o principal polo produtor de p\u00eassego do pa\u00eds, liderando o fornecimento para a ind\u00fastria de conservas. Essa tradi\u00e7\u00e3o fortalece a agroind\u00fastria local e contribui significativamente para a economia regional, juntamente com a produ\u00e7\u00e3o de arroz, leite e alimentos processados.<\/p>\n<p style=\"text-align: justify;\">Pelotas tamb\u00e9m \u00e9 conhecida como a \u201cCapital Nacional do Doce\u201d, t\u00edtulo que reflete sua tradicional produ\u00e7\u00e3o doceira e sua forte identidade cultural, expressa em festivais, eventos e na vida acad\u00eamica e art\u00edstica da cidade.<\/p>\n<p style=\"text-align: justify;\">A cidade tamb\u00e9m se destaca como centro cultural, cient\u00edfico e educacional, sendo ber\u00e7o de importantes nomes como Jo\u00e3o Sim\u00f5es Lopes Neto e Lobo da Costa. No campo cient\u00edfico, pesquisas conduzidas na Universidade Federal de Pelotas, especialmente pelo epidemiologista Cesar Victora, contribu\u00edram para consolidar a recomenda\u00e7\u00e3o do aleitamento materno exclusivo at\u00e9 os seis meses, com impacto internacional em pol\u00edticas de sa\u00fade.<\/p>\n<p style=\"text-align: justify;\" data-start=\"516\" data-end=\"884\">Caminhar pelo centro hist\u00f3rico \u00e9 como voltar no tempo: casar\u00f5es imponentes, pra\u00e7as arborizadas e pr\u00e9dios hist\u00f3ricos revelam a import\u00e2ncia econ\u00f4mica e cultural que a cidade teve no s\u00e9culo XIX. Al\u00e9m disso, Pelotas se destaca por seus eventos culturais, universidades, gastronomia t\u00edpica e pela proximidade com a charmosa Praia do Laranjal, \u00e0s margens da Lagoa dos Patos.<\/p>\n<p style=\"text-align: center;\" data-start=\"516\" data-end=\"884\">Seja bem-vinda (o) \u00e0 Princesa do Sul!<\/p>\n","protected":false},"excerpt":{"rendered":"<p>Localizada no sul do Brasil, no estado do Rio Grande do Sul, e conhecida como &#8221;Princesa do Sul&#8221;, a cidade de Pelotas \u00e9 um verdadeiro patrim\u00f4nio cultural e hist\u00f3rico. Conhecida por sua rica arquitetura preservada, tradi\u00e7\u00e3o doceira e forte influ\u00eancia &hellip; <a href=\"https:\/\/wp.ufpel.edu.br\/wpa2026\/sobre-pelotas\/\">Continue lendo <span class=\"meta-nav\">&rarr;<\/span><\/a><\/p>\n","protected":false},"author":1545,"featured_media":0,"parent":0,"menu_order":0,"comment_status":"closed","ping_status":"closed","template":"","meta":{"footnotes":""},"class_list":["post-229","page","type-page","status-publish","hentry"],"_links":{"self":[{"href":"https:\/\/wp.ufpel.edu.br\/wpa2026\/wp-json\/wp\/v2\/pages\/229","targetHints":{"allow":["GET"]}}],"collection":[{"href":"https:\/\/wp.ufpel.edu.br\/wpa2026\/wp-json\/wp\/v2\/pages"}],"about":[{"href":"https:\/\/wp.ufpel.edu.br\/wpa2026\/wp-json\/wp\/v2\/types\/page"}],"author":[{"embeddable":true,"href":"https:\/\/wp.ufpel.edu.br\/wpa2026\/wp-json\/wp\/v2\/users\/1545"}],"replies":[{"embeddable":true,"href":"https:\/\/wp.ufpel.edu.br\/wpa2026\/wp-json\/wp\/v2\/comments?post=229"}],"version-history":[{"count":4,"href":"https:\/\/wp.ufpel.edu.br\/wpa2026\/wp-json\/wp\/v2\/pages\/229\/revisions"}],"predecessor-version":[{"id":1181,"href":"https:\/\/wp.ufpel.edu.br\/wpa2026\/wp-json\/wp\/v2\/pages\/229\/revisions\/1181"}],"wp:attachment":[{"href":"https:\/\/wp.ufpel.edu.br\/wpa2026\/wp-json\/wp\/v2\/media?parent=229"}],"curies":[{"name":"wp","href":"https:\/\/api.w.org\/{rel}","templated":true}]}}