{"id":168,"date":"2025-12-11T09:04:42","date_gmt":"2025-12-11T12:04:42","guid":{"rendered":"https:\/\/wp.ufpel.edu.br\/wpa2026\/?page_id=168"},"modified":"2026-04-08T17:58:16","modified_gmt":"2026-04-08T20:58:16","slug":"inscreva-se-2","status":"publish","type":"page","link":"https:\/\/wp.ufpel.edu.br\/wpa2026\/inscreva-se-2\/","title":{"rendered":"Inscreva-se"},"content":{"rendered":"<h1 style=\"text-align: justify;\"><strong>Inscri\u00e7\u00f5es XIV WPA \u2013 te\u00f3rico\/pr\u00e1tico incluindo jaleco e livro \u201cM\u00e9todos de Preparo de Amostras*\u201d<\/strong><\/h1>\n<h2><strong>*<\/strong>M\u00e9todos de preparo de amostras para an\u00e1lise elementar, 2016, Editado por: Francisco Jos\u00e9 Krug e F\u00e1bio Rodrigo Piovezani Rocha, EDIT-SBQ, 572 p\u00e1ginas.<\/h2>\n<p><img loading=\"lazy\" decoding=\"async\" class=\"alignnone size-full wp-image-261\" src=\"https:\/\/wp.ufpel.edu.br\/wpa2026\/files\/2026\/02\/programacao-1.jpeg\" alt=\"\" width=\"1599\" height=\"899\" srcset=\"https:\/\/wp.ufpel.edu.br\/wpa2026\/files\/2026\/02\/programacao-1.jpeg 1599w, https:\/\/wp.ufpel.edu.br\/wpa2026\/files\/2026\/02\/programacao-1-400x225.jpeg 400w, https:\/\/wp.ufpel.edu.br\/wpa2026\/files\/2026\/02\/programacao-1-1024x576.jpeg 1024w, https:\/\/wp.ufpel.edu.br\/wpa2026\/files\/2026\/02\/programacao-1-768x432.jpeg 768w, https:\/\/wp.ufpel.edu.br\/wpa2026\/files\/2026\/02\/programacao-1-1536x864.jpeg 1536w, https:\/\/wp.ufpel.edu.br\/wpa2026\/files\/2026\/02\/programacao-1-500x281.jpeg 500w\" sizes=\"auto, (max-width: 1599px) 100vw, 1599px\" \/><\/p>\n<p>* Grupos de 5 estudantes da mesma institui\u00e7\u00e3o t\u00eam direito a 20% de desconto.<\/p>\n<h2 style=\"text-align: center;\"><strong>Inscri\u00e7\u00f5es XIV WPA \u2013 te\u00f3rico SEM jaleco e SEM livro \u201cM\u00e9todos de Preparo de Amostras\u201d<\/strong><\/h2>\n<p><img loading=\"lazy\" decoding=\"async\" class=\"alignnone size-full wp-image-262\" src=\"https:\/\/wp.ufpel.edu.br\/wpa2026\/files\/2026\/02\/programacao-2.jpeg\" alt=\"\" width=\"1599\" height=\"899\" srcset=\"https:\/\/wp.ufpel.edu.br\/wpa2026\/files\/2026\/02\/programacao-2.jpeg 1599w, https:\/\/wp.ufpel.edu.br\/wpa2026\/files\/2026\/02\/programacao-2-400x225.jpeg 400w, https:\/\/wp.ufpel.edu.br\/wpa2026\/files\/2026\/02\/programacao-2-1024x576.jpeg 1024w, https:\/\/wp.ufpel.edu.br\/wpa2026\/files\/2026\/02\/programacao-2-768x432.jpeg 768w, https:\/\/wp.ufpel.edu.br\/wpa2026\/files\/2026\/02\/programacao-2-1536x864.jpeg 1536w, https:\/\/wp.ufpel.edu.br\/wpa2026\/files\/2026\/02\/programacao-2-500x281.jpeg 500w\" sizes=\"auto, (max-width: 1599px) 100vw, 1599px\" \/><\/p>\n<h2>Para realizar sua inscri\u00e7\u00e3o acesse o<em> link<\/em> abaixo:<br \/>\n<a href=\"https:\/\/docs.google.com\/forms\/d\/e\/1FAIpQLSd4wmIS-dlShyFngz8RYWv5zbKydJxRez1CEj0SPhyNg91ikw\/viewform\">INSCRI\u00c7\u00c3O<\/a><\/h2>\n","protected":false},"excerpt":{"rendered":"<p>Inscri\u00e7\u00f5es XIV WPA \u2013 te\u00f3rico\/pr\u00e1tico incluindo jaleco e livro \u201cM\u00e9todos de Preparo de Amostras*\u201d *M\u00e9todos de preparo de amostras para an\u00e1lise elementar, 2016, Editado por: Francisco Jos\u00e9 Krug e F\u00e1bio Rodrigo Piovezani Rocha, EDIT-SBQ, 572 p\u00e1ginas. * Grupos de 5 &hellip; <a href=\"https:\/\/wp.ufpel.edu.br\/wpa2026\/inscreva-se-2\/\">Continue lendo <span class=\"meta-nav\">&rarr;<\/span><\/a><\/p>\n","protected":false},"author":1545,"featured_media":0,"parent":0,"menu_order":0,"comment_status":"closed","ping_status":"closed","template":"","meta":{"footnotes":""},"class_list":["post-168","page","type-page","status-publish","hentry"],"_links":{"self":[{"href":"https:\/\/wp.ufpel.edu.br\/wpa2026\/wp-json\/wp\/v2\/pages\/168","targetHints":{"allow":["GET"]}}],"collection":[{"href":"https:\/\/wp.ufpel.edu.br\/wpa2026\/wp-json\/wp\/v2\/pages"}],"about":[{"href":"https:\/\/wp.ufpel.edu.br\/wpa2026\/wp-json\/wp\/v2\/types\/page"}],"author":[{"embeddable":true,"href":"https:\/\/wp.ufpel.edu.br\/wpa2026\/wp-json\/wp\/v2\/users\/1545"}],"replies":[{"embeddable":true,"href":"https:\/\/wp.ufpel.edu.br\/wpa2026\/wp-json\/wp\/v2\/comments?post=168"}],"version-history":[{"count":4,"href":"https:\/\/wp.ufpel.edu.br\/wpa2026\/wp-json\/wp\/v2\/pages\/168\/revisions"}],"predecessor-version":[{"id":770,"href":"https:\/\/wp.ufpel.edu.br\/wpa2026\/wp-json\/wp\/v2\/pages\/168\/revisions\/770"}],"wp:attachment":[{"href":"https:\/\/wp.ufpel.edu.br\/wpa2026\/wp-json\/wp\/v2\/media?parent=168"}],"curies":[{"name":"wp","href":"https:\/\/api.w.org\/{rel}","templated":true}]}}