{"id":144,"date":"2018-03-20T10:56:56","date_gmt":"2018-03-20T13:56:56","guid":{"rendered":"https:\/\/wp.ufpel.edu.br\/workshopppgbbio\/?page_id=144"},"modified":"2018-06-03T20:38:36","modified_gmt":"2018-06-03T23:38:36","slug":"contact","status":"publish","type":"page","link":"https:\/\/wp.ufpel.edu.br\/workshopppgbbio\/contact\/","title":{"rendered":"CONTACT"},"content":{"rendered":"<p>Workshop e-mail: workshopppgbbio@gmail.com<\/p>\n<p>&nbsp;<\/p>\n<p><a href=\"https:\/\/wp.ufpel.edu.br\/ppgbbio\/en\/\">Biochemistry and Bioprospecting Postgraduate Program (PPGBBio)<\/a><\/p>\n<p>Phone:\u00a0+ 55 53 32757454<\/p>\n<p><a href=\"mailto:ppgbbio@gmail.com\">e-mail: ppgbbio@gmail.com<\/a><\/p>\n<p>Address:\u00a0Universidade Federal de Pelotas \u2013 Campus Universit\u00e1rio Cap\u00e3o do Le\u00e3o, s\/n\u00ba; CEP 96010-900; Caixa Postal 354; Pelotas-RS<\/p>\n<p>&nbsp;<\/p>\n","protected":false},"excerpt":{"rendered":"<p>Workshop e-mail: workshopppgbbio@gmail.com &nbsp; Biochemistry and Bioprospecting Postgraduate Program (PPGBBio) Phone:\u00a0+ 55 53 32757454 e-mail: ppgbbio@gmail.com Address:\u00a0Universidade Federal de Pelotas \u2013 Campus Universit\u00e1rio Cap\u00e3o do Le\u00e3o, s\/n\u00ba; CEP 96010-900; Caixa Postal 354; Pelotas-RS &nbsp;<\/p>\n","protected":false},"author":824,"featured_media":0,"parent":0,"menu_order":0,"comment_status":"closed","ping_status":"closed","template":"","meta":{"footnotes":""},"class_list":["post-144","page","type-page","status-publish","hentry","nodate","item-wrap"],"_links":{"self":[{"href":"https:\/\/wp.ufpel.edu.br\/workshopppgbbio\/wp-json\/wp\/v2\/pages\/144","targetHints":{"allow":["GET"]}}],"collection":[{"href":"https:\/\/wp.ufpel.edu.br\/workshopppgbbio\/wp-json\/wp\/v2\/pages"}],"about":[{"href":"https:\/\/wp.ufpel.edu.br\/workshopppgbbio\/wp-json\/wp\/v2\/types\/page"}],"author":[{"embeddable":true,"href":"https:\/\/wp.ufpel.edu.br\/workshopppgbbio\/wp-json\/wp\/v2\/users\/824"}],"replies":[{"embeddable":true,"href":"https:\/\/wp.ufpel.edu.br\/workshopppgbbio\/wp-json\/wp\/v2\/comments?post=144"}],"version-history":[{"count":4,"href":"https:\/\/wp.ufpel.edu.br\/workshopppgbbio\/wp-json\/wp\/v2\/pages\/144\/revisions"}],"predecessor-version":[{"id":409,"href":"https:\/\/wp.ufpel.edu.br\/workshopppgbbio\/wp-json\/wp\/v2\/pages\/144\/revisions\/409"}],"wp:attachment":[{"href":"https:\/\/wp.ufpel.edu.br\/workshopppgbbio\/wp-json\/wp\/v2\/media?parent=144"}],"curies":[{"name":"wp","href":"https:\/\/api.w.org\/{rel}","templated":true}]}}