{"id":131,"date":"2018-03-20T09:37:09","date_gmt":"2018-03-20T12:37:09","guid":{"rendered":"https:\/\/wp.ufpel.edu.br\/workshopppgbbio\/?page_id=131"},"modified":"2018-06-02T19:53:29","modified_gmt":"2018-06-02T22:53:29","slug":"scientific-committee","status":"publish","type":"page","link":"https:\/\/wp.ufpel.edu.br\/workshopppgbbio\/scientific-committee\/","title":{"rendered":"SCIENTIFIC COMMITTEE"},"content":{"rendered":"<div>\n<p style=\"text-align: left\">Prof. Dr. C\u00e9sar Augusto Br\u00fcning<\/p>\n<p style=\"text-align: left\">Prof. Dr. Cl\u00e1udio Martin Pereira de Pereira<\/p>\n<p style=\"text-align: left\">Prof. Dr. Cristiani Folharini Bortolatto<\/p>\n<p style=\"text-align: left\">Prof. Dr. Ethel Antunes Wilhelm<\/p>\n<div style=\"text-align: left\">\n<p>Prof. Dr. Francieli Moro Stefanello<\/p>\n<p>Prof. Dr. Giana Cognato<\/p>\n<p>Prof. Dr. Geonir Machado Siqueira<\/p>\n<p>Prof. Dr. Giovana Duzzo Gamaro<\/p>\n<p>Prof. Dr. Izabel Cristina Cust\u00f3dio de Souza<\/p>\n<p>Prof. Dr. M\u00e1rcia Foster Mesko<\/p>\n<p>Prof. Dr. Rafael Lund<\/p>\n<p>Prof. Dr. Rodrigo de Almeida Vaucher<\/p>\n<p>Prof. Dr. Roselia Spanevello<\/p>\n<p>Prof. Dr. Wilson Cunico<\/p>\n<p>Dr. Priscila Tessmer Scaglioni<\/p>\n<\/div>\n<\/div>\n","protected":false},"excerpt":{"rendered":"<p>Prof. Dr. C\u00e9sar Augusto Br\u00fcning Prof. Dr. Cl\u00e1udio Martin Pereira de Pereira Prof. Dr. Cristiani Folharini Bortolatto Prof. Dr. Ethel Antunes Wilhelm Prof. Dr. Francieli Moro Stefanello Prof. Dr. Giana Cognato Prof. Dr. Geonir Machado Siqueira Prof. Dr. Giovana Duzzo Gamaro Prof. Dr. Izabel Cristina Cust\u00f3dio de Souza Prof. Dr. M\u00e1rcia Foster Mesko Prof. Dr. &hellip; <\/p>\n<p><a class=\"more-link btn\" href=\"https:\/\/wp.ufpel.edu.br\/workshopppgbbio\/scientific-committee\/\">Continue reading<\/a><\/p>\n","protected":false},"author":824,"featured_media":0,"parent":0,"menu_order":0,"comment_status":"closed","ping_status":"closed","template":"","meta":{"footnotes":""},"class_list":["post-131","page","type-page","status-publish","hentry","nodate","item-wrap"],"_links":{"self":[{"href":"https:\/\/wp.ufpel.edu.br\/workshopppgbbio\/wp-json\/wp\/v2\/pages\/131","targetHints":{"allow":["GET"]}}],"collection":[{"href":"https:\/\/wp.ufpel.edu.br\/workshopppgbbio\/wp-json\/wp\/v2\/pages"}],"about":[{"href":"https:\/\/wp.ufpel.edu.br\/workshopppgbbio\/wp-json\/wp\/v2\/types\/page"}],"author":[{"embeddable":true,"href":"https:\/\/wp.ufpel.edu.br\/workshopppgbbio\/wp-json\/wp\/v2\/users\/824"}],"replies":[{"embeddable":true,"href":"https:\/\/wp.ufpel.edu.br\/workshopppgbbio\/wp-json\/wp\/v2\/comments?post=131"}],"version-history":[{"count":8,"href":"https:\/\/wp.ufpel.edu.br\/workshopppgbbio\/wp-json\/wp\/v2\/pages\/131\/revisions"}],"predecessor-version":[{"id":405,"href":"https:\/\/wp.ufpel.edu.br\/workshopppgbbio\/wp-json\/wp\/v2\/pages\/131\/revisions\/405"}],"wp:attachment":[{"href":"https:\/\/wp.ufpel.edu.br\/workshopppgbbio\/wp-json\/wp\/v2\/media?parent=131"}],"curies":[{"name":"wp","href":"https:\/\/api.w.org\/{rel}","templated":true}]}}