{"id":185,"date":"2011-05-10T23:49:31","date_gmt":"2011-05-11T02:49:31","guid":{"rendered":"https:\/\/wp.ufpel.edu.br\/workschopbatata\/"},"modified":"2011-05-10T23:55:15","modified_gmt":"2011-05-11T02:55:15","slug":"local-4","status":"publish","type":"page","link":"https:\/\/wp.ufpel.edu.br\/workschopbatata\/local-4\/","title":{"rendered":"Local"},"content":{"rendered":"<p style=\"text-align: justify\"><span style=\"color: #0000ff\"><strong>Local do evento<\/strong><\/span><\/p>\n<p style=\"text-align: justify\">O evento ser\u00e1 realizado na Faculdade de Agronomia Eliseu Maciel \u2013 FAEM-UFPEL, localizado no Campus Universit\u00e1rio (Cap\u00e3o do Le\u00e3o).<\/p>\n<p style=\"text-align: justify\">\n<p style=\"text-align: justify\">\n<p style=\"text-align: center\"><span style=\"color: #ff0000\">FOTO<\/span><\/p>\n<p style=\"text-align: justify\">\n<p style=\"text-align: justify\">\n<p style=\"text-align: justify\">Pelotas \u00e9 uma cidade localizada no sul do Rio Grande do Sul, conhecida em todo pa\u00eds como a \u201cCapital Nacional do Doce\u201d e tamb\u00e9m p\u00f3lo da Metade Sul do Estado. Conta com lindas paisagens naturais, rica arquitetura, deliciosa gastronomia colonial e uma variada composi\u00e7\u00e3o \u00e9tnica, o que a torna uma cidade hospitaleira. Outra de suas riquezas s\u00e3o as \u00e1guas que banham suas praias, j\u00e1 que Pelotas se localiza um ponto estrat\u00e9gico entre a Laguna dos Patos e o Oceano Atl\u00e2ntico.<\/p>\n<p style=\"text-align: justify\">Conhe\u00e7a mais sobre Pelotas: <a href=\"http:\/\/www.ufpel.tche.br\/pelotas\" target=\"_blank\">http:\/\/www.ufpel.tche.br\/pelotas<\/a><\/p>\n<p style=\"text-align: justify\"><strong><span style=\"color: #0000ff\">Como chegar?<\/span><br \/>\n<\/strong><\/p>\n","protected":false},"excerpt":{"rendered":"<p>Local do evento O evento ser\u00e1 realizado na Faculdade de Agronomia Eliseu Maciel \u2013 FAEM-UFPEL, localizado no Campus Universit\u00e1rio (Cap\u00e3o do Le\u00e3o). FOTO Pelotas \u00e9 uma cidade localizada no sul do Rio Grande do Sul, conhecida em todo pa\u00eds como a \u201cCapital Nacional do Doce\u201d e tamb\u00e9m p\u00f3lo da Metade Sul do Estado. Conta com &hellip; <\/p>\n<p><a class=\"more-link btn\" href=\"https:\/\/wp.ufpel.edu.br\/workschopbatata\/local-4\/\">Continue lendo<\/a><\/p>\n","protected":false},"author":107,"featured_media":0,"parent":0,"menu_order":0,"comment_status":"closed","ping_status":"open","template":"","meta":{"footnotes":""},"class_list":["post-185","page","type-page","status-publish","hentry","nodate","item-wrap"],"_links":{"self":[{"href":"https:\/\/wp.ufpel.edu.br\/workschopbatata\/wp-json\/wp\/v2\/pages\/185","targetHints":{"allow":["GET"]}}],"collection":[{"href":"https:\/\/wp.ufpel.edu.br\/workschopbatata\/wp-json\/wp\/v2\/pages"}],"about":[{"href":"https:\/\/wp.ufpel.edu.br\/workschopbatata\/wp-json\/wp\/v2\/types\/page"}],"author":[{"embeddable":true,"href":"https:\/\/wp.ufpel.edu.br\/workschopbatata\/wp-json\/wp\/v2\/users\/107"}],"replies":[{"embeddable":true,"href":"https:\/\/wp.ufpel.edu.br\/workschopbatata\/wp-json\/wp\/v2\/comments?post=185"}],"version-history":[{"count":5,"href":"https:\/\/wp.ufpel.edu.br\/workschopbatata\/wp-json\/wp\/v2\/pages\/185\/revisions"}],"predecessor-version":[{"id":191,"href":"https:\/\/wp.ufpel.edu.br\/workschopbatata\/wp-json\/wp\/v2\/pages\/185\/revisions\/191"}],"wp:attachment":[{"href":"https:\/\/wp.ufpel.edu.br\/workschopbatata\/wp-json\/wp\/v2\/media?parent=185"}],"curies":[{"name":"wp","href":"https:\/\/api.w.org\/{rel}","templated":true}]}}