{"id":149,"date":"2011-05-10T23:07:32","date_gmt":"2011-05-11T02:07:32","guid":{"rendered":"https:\/\/wp.ufpel.edu.br\/workschopbatata\/"},"modified":"2011-05-11T00:17:24","modified_gmt":"2011-05-11T03:17:24","slug":"inscricoes-2","status":"publish","type":"page","link":"https:\/\/wp.ufpel.edu.br\/workschopbatata\/inscricoes-2\/","title":{"rendered":"Inscri\u00e7\u00f5es"},"content":{"rendered":"<p style=\"text-align: justify\"><strong>Valores v\u00e1lidos at\u00e9 02 de setembro de 2011<\/strong><\/p>\n<p style=\"text-align: justify\">&#8211; Estudantes do T\u00e9cnico \u2013 R$ 25,00<br \/>\n&#8211; Estudantes de Gradua\u00e7\u00e3o \u2013 R$ 25,00<br \/>\n&#8211; P\u00f3s-Gradua\u00e7\u00e3o \u2013 R$ 60,00<br \/>\n&#8211; Profissionais \u2013 R$ 80,00<br \/>\n&#8211; Produtores \u2013 R$ 80,00<\/p>\n<p style=\"text-align: justify\"><strong>Valores para inscri\u00e7\u00e3o ap\u00f3s 02 de setembro de 2011<\/strong><\/p>\n<p style=\"text-align: justify\">&#8211; Estudantes do T\u00e9cnico \u2013 R$ 45,00<br \/>\n&#8211; Estudantes de Gradua\u00e7\u00e3o \u2013 R$ 45,00<br \/>\n&#8211; P\u00f3s-Gradua\u00e7\u00e3o \u2013 R$ 80,00<br \/>\n&#8211; Profissionais \u2013 R$ 100,00<br \/>\n&#8211; Produtores \u2013 R$ 100,00<\/p>\n<p style=\"text-align: justify\">\n<p style=\"text-align: justify\">O pagamento dever\u00e1 ser efetuado atrav\u00e9s de dep\u00f3sito banc\u00e1rio em nome da <strong>Funda\u00e7\u00e3o de Apoio \u00e0 Pesquisa e Desenvolvimento Agropecu\u00e1rio Edmundo Gastal \u2013 FAPEG<\/strong>, na conta:<br \/>\n<strong>Banco do Brasil<\/strong><br \/>\n<strong>Ag\u00eancia<br \/>\nConta Corrente<\/strong><\/p>\n<p style=\"text-align: justify\">A inscri\u00e7\u00e3o ser\u00e1 validada ap\u00f3s o recebimento do comprovante de dep\u00f3sito, que dever\u00e1 ser encaminhado via e-mail para <span style=\"color: #ff0000\">agroenergia.2010@cpact.embrapa.br<\/span>, ou via fax: (53) 3275 8220, informando o nome completo do inscrito.<\/p>\n","protected":false},"excerpt":{"rendered":"<p>Valores v\u00e1lidos at\u00e9 02 de setembro de 2011 &#8211; Estudantes do T\u00e9cnico \u2013 R$ 25,00 &#8211; Estudantes de Gradua\u00e7\u00e3o \u2013 R$ 25,00 &#8211; P\u00f3s-Gradua\u00e7\u00e3o \u2013 R$ 60,00 &#8211; Profissionais \u2013 R$ 80,00 &#8211; Produtores \u2013 R$ 80,00 Valores para inscri\u00e7\u00e3o ap\u00f3s 02 de setembro de 2011 &#8211; Estudantes do T\u00e9cnico \u2013 R$ 45,00 &#8211; Estudantes &hellip; <\/p>\n<p><a class=\"more-link btn\" href=\"https:\/\/wp.ufpel.edu.br\/workschopbatata\/inscricoes-2\/\">Continue lendo<\/a><\/p>\n","protected":false},"author":107,"featured_media":0,"parent":0,"menu_order":0,"comment_status":"closed","ping_status":"open","template":"","meta":{"footnotes":""},"class_list":["post-149","page","type-page","status-publish","hentry","nodate","item-wrap"],"_links":{"self":[{"href":"https:\/\/wp.ufpel.edu.br\/workschopbatata\/wp-json\/wp\/v2\/pages\/149","targetHints":{"allow":["GET"]}}],"collection":[{"href":"https:\/\/wp.ufpel.edu.br\/workschopbatata\/wp-json\/wp\/v2\/pages"}],"about":[{"href":"https:\/\/wp.ufpel.edu.br\/workschopbatata\/wp-json\/wp\/v2\/types\/page"}],"author":[{"embeddable":true,"href":"https:\/\/wp.ufpel.edu.br\/workschopbatata\/wp-json\/wp\/v2\/users\/107"}],"replies":[{"embeddable":true,"href":"https:\/\/wp.ufpel.edu.br\/workschopbatata\/wp-json\/wp\/v2\/comments?post=149"}],"version-history":[{"count":9,"href":"https:\/\/wp.ufpel.edu.br\/workschopbatata\/wp-json\/wp\/v2\/pages\/149\/revisions"}],"predecessor-version":[{"id":197,"href":"https:\/\/wp.ufpel.edu.br\/workschopbatata\/wp-json\/wp\/v2\/pages\/149\/revisions\/197"}],"wp:attachment":[{"href":"https:\/\/wp.ufpel.edu.br\/workschopbatata\/wp-json\/wp\/v2\/media?parent=149"}],"curies":[{"name":"wp","href":"https:\/\/api.w.org\/{rel}","templated":true}]}}