{"id":91,"date":"2018-08-30T09:24:21","date_gmt":"2018-08-30T12:24:21","guid":{"rendered":"https:\/\/wp.ufpel.edu.br\/wernersauter\/?page_id=91"},"modified":"2018-10-22T10:10:55","modified_gmt":"2018-10-22T13:10:55","slug":"mecanica-quantica-i","status":"publish","type":"page","link":"https:\/\/wp.ufpel.edu.br\/wernersauter\/atividades-docentes\/mecanica-quantica-i\/","title":{"rendered":"Mec\u00e2nica Qu\u00e2ntica I"},"content":{"rendered":"<h1>PROGRAMA:<\/h1>\n<h2 class=\"western\" align=\"justify\"><span style=\"font-size: small\">UNIDADE 1:<\/span><\/h2>\n<p class=\"western\" align=\"justify\"><span style=\"font-size: small\">Equa\u00e7\u00e3o de Schr\u00f6dinger: <\/span><\/p>\n<p class=\"western\" align=\"justify\"><span style=\"font-size: small\">&#8211; obten\u00e7\u00e3o, a interpreta\u00e7\u00e3o da fun\u00e7\u00e3o de onda<\/span><\/p>\n<p class=\"western\" align=\"justify\"><span style=\"font-size: small\">&#8211; a equa\u00e7\u00e3o de Schr\u00f6dinger independente do tempo e as propriedades matem\u00e1ticas das fun\u00e7\u00f5es de onda autovalores<\/span><\/p>\n<p class=\"western\" align=\"justify\"><span style=\"font-size: small\">&#8211; Valores esperados e operadores<\/span><\/p>\n<p class=\"western\" align=\"justify\"><span style=\"font-size: small\">&#8211; O limite cl\u00e1ssico da mec\u00e2nica ondulat\u00f3ria. Propriedades gerais.<\/span><\/p>\n<h2 class=\"western\" align=\"justify\"><span style=\"font-size: small\">UNIDADE 2:<\/span><\/h2>\n<p class=\"western\" align=\"justify\"><span style=\"font-size: small\">Solu\u00e7\u00f5es da equa\u00e7\u00e3o de Schr\u00f6dinger:<\/span><\/p>\n<p class=\"western\" align=\"justify\"><span style=\"font-size: small\">&#8211; Part\u00edcula livre<\/span><\/p>\n<p class=\"western\" align=\"justify\"><span style=\"font-size: small\">&#8211; Potencial degrau e barreira de potencial<\/span><\/p>\n<p class=\"western\" align=\"justify\"><span style=\"font-size: small\">&#8211; Po\u00e7os de potencial e oscilador harm\u00f4nico. Fun\u00e7\u00e3o de Dirac.<\/span><\/p>\n<h2 class=\"western\" align=\"justify\"><span style=\"font-size: small\">UNIDADE 3:<\/span><\/h2>\n<p class=\"western\" align=\"justify\"><span style=\"font-size: small\">&#8211; A equa\u00e7\u00e3o de Schr\u00f6dinger em tr\u00eas dimens\u00f5es<\/span><\/p>\n<p class=\"western\" align=\"justify\"><span style=\"font-size: small\">&#8211; As solu\u00e7\u00f5es da equa\u00e7\u00e3o de Schr\u00f6dinger em 3D: autofun\u00e7\u00f5es, autovalores, n\u00fameros qu\u00e2nticos e degenerec\u00eancia<\/span><\/p>\n<p class=\"western\" align=\"justify\"><span style=\"font-size: small\">&#8211; A equa\u00e7\u00e3o de Schr\u00f6dinger para um \u00e1tomo de um \u00fanico el\u00e9tron<\/span><\/p>\n<p class=\"western\" align=\"justify\"><span style=\"font-size: small\">&#8211; Momento angular e momento angular de um \u00e1tomo de um \u00fanico el\u00e9tron.<\/span><\/p>\n<p class=\"western\" align=\"justify\"><span style=\"font-size: small\">&#8211; O Spin e a intera\u00e7\u00e3o Spin-\u00d3rbita<\/span><\/p>\n<h1 align=\"justify\">AVALIA\u00c7\u00d5ES:<\/h1>\n<p>P1 &#8211; 13\/09<\/p>\n<p>P2 &#8211; 18\/10<\/p>\n<p>P3 &#8211; 06\/12<\/p>\n<p>REC. &#8211; 13\/12<\/p>\n<p>Exame Final &#8211; 18\/12<\/p>\n<h1>LISTAS:<\/h1>\n<p><a href=\"https:\/\/wp.ufpel.edu.br\/wernersauter\/files\/2018\/08\/lista1.pdf\">Lista1<\/a><\/p>\n<p><a href=\"https:\/\/wp.ufpel.edu.br\/wernersauter\/files\/2018\/10\/lista2.pdf\">Lista2<\/a><\/p>\n<p><a href=\"https:\/\/wp.ufpel.edu.br\/wernersauter\/files\/2018\/10\/lista3.pdf\">Lista3<\/a><\/p>\n<p>&nbsp;<\/p>\n","protected":false},"excerpt":{"rendered":"<p>PROGRAMA: UNIDADE 1: Equa\u00e7\u00e3o de Schr\u00f6dinger: &#8211; obten\u00e7\u00e3o, a interpreta\u00e7\u00e3o da fun\u00e7\u00e3o de onda &#8211; a equa\u00e7\u00e3o de Schr\u00f6dinger independente do tempo e as propriedades matem\u00e1ticas das fun\u00e7\u00f5es de onda autovalores &#8211; Valores esperados e operadores &#8211; O limite cl\u00e1ssico da mec\u00e2nica ondulat\u00f3ria. Propriedades gerais. UNIDADE 2: Solu\u00e7\u00f5es da equa\u00e7\u00e3o de Schr\u00f6dinger: &#8211; Part\u00edcula livre [&hellip;]<\/p>\n","protected":false},"author":502,"featured_media":0,"parent":47,"menu_order":0,"comment_status":"closed","ping_status":"closed","template":"","meta":{"footnotes":""},"class_list":["post-91","page","type-page","status-publish","hentry"],"_links":{"self":[{"href":"https:\/\/wp.ufpel.edu.br\/wernersauter\/wp-json\/wp\/v2\/pages\/91","targetHints":{"allow":["GET"]}}],"collection":[{"href":"https:\/\/wp.ufpel.edu.br\/wernersauter\/wp-json\/wp\/v2\/pages"}],"about":[{"href":"https:\/\/wp.ufpel.edu.br\/wernersauter\/wp-json\/wp\/v2\/types\/page"}],"author":[{"embeddable":true,"href":"https:\/\/wp.ufpel.edu.br\/wernersauter\/wp-json\/wp\/v2\/users\/502"}],"replies":[{"embeddable":true,"href":"https:\/\/wp.ufpel.edu.br\/wernersauter\/wp-json\/wp\/v2\/comments?post=91"}],"version-history":[{"count":5,"href":"https:\/\/wp.ufpel.edu.br\/wernersauter\/wp-json\/wp\/v2\/pages\/91\/revisions"}],"predecessor-version":[{"id":107,"href":"https:\/\/wp.ufpel.edu.br\/wernersauter\/wp-json\/wp\/v2\/pages\/91\/revisions\/107"}],"up":[{"embeddable":true,"href":"https:\/\/wp.ufpel.edu.br\/wernersauter\/wp-json\/wp\/v2\/pages\/47"}],"wp:attachment":[{"href":"https:\/\/wp.ufpel.edu.br\/wernersauter\/wp-json\/wp\/v2\/media?parent=91"}],"curies":[{"name":"wp","href":"https:\/\/api.w.org\/{rel}","templated":true}]}}