{"id":67,"date":"2017-10-23T20:09:07","date_gmt":"2017-10-23T22:09:07","guid":{"rendered":"https:\/\/wp.ufpel.edu.br\/wernersauter\/?page_id=67"},"modified":"2018-08-30T09:19:21","modified_gmt":"2018-08-30T12:19:21","slug":"atividades-de-pesquisa","status":"publish","type":"page","link":"https:\/\/wp.ufpel.edu.br\/wernersauter\/atividades-de-pesquisa\/","title":{"rendered":"Atividades de Pesquisa"},"content":{"rendered":"<p>\u00c1reas de pesquisa em F\u00edsica de Part\u00edculas de Altas Energias:<\/p>\n<ul>\n<li>Estudo e aplica\u00e7\u00f5es das equa\u00e7\u00f5es de evolu\u00e7\u00e3o em <a href=\"https:\/\/en.wikipedia.org\/wiki\/Quantum_chromodynamics\" target=\"_blank\" rel=\"noopener\">Cromodin\u00e2mica Qu\u00e2ntica<\/a> (QCD): <a href=\"http:\/\/www.scholarpedia.org\/article\/QCD_evolution_equations_for_parton_densities\" target=\"_blank\" rel=\"noopener\">DGLAP<\/a>, <a href=\"http:\/\/cerncourier.com\/cws\/article\/cern\/43194\" target=\"_blank\" rel=\"noopener\">BFKL<\/a>, BK, &#8230;<\/li>\n<li>Teoria e fenomenologia do <a href=\"http:\/\/www.scholarpedia.org\/article\/Landshoff-Nachtmann_pomeron\" target=\"_blank\" rel=\"noopener\">Pomeron<\/a><\/li>\n<li>Produ\u00e7\u00e3o central difrativa de estados massivos em colis\u00f5es hadr\u00f4nicas<\/li>\n<li>Produ\u00e7\u00e3o el\u00e1stica de <a href=\"https:\/\/en.wikipedia.org\/wiki\/Vector_meson\" target=\"_blank\" rel=\"noopener\">m\u00e9sons vetoriais massivos<\/a><\/li>\n<li>Comportamento no infravermelho da QCD<\/li>\n<li><a href=\"https:\/\/en.wikipedia.org\/wiki\/Physics_beyond_the_Standard_Model\" target=\"_blank\" rel=\"noopener\">F\u00edsica al\u00e9m do Modelo Padr\u00e3o<\/a>: <a href=\"https:\/\/en.wikipedia.org\/wiki\/Extra_dimensions\" target=\"_blank\" rel=\"noopener\">dimens\u00f5es extras<\/a>, <a href=\"https:\/\/en.wikipedia.org\/wiki\/Dirac_monopole\" target=\"_blank\" rel=\"noopener\">monopolos magn\u00e9ticos<\/a>, <a href=\"https:\/\/en.wikipedia.org\/wiki\/Dark_matter\" target=\"_blank\" rel=\"noopener\">Mat\u00e9ria e Energia Escura<\/a>, etc.<\/li>\n<li><a href=\"https:\/\/en.wikipedia.org\/wiki\/Dirac_bracket\" target=\"_blank\" rel=\"noopener\">Sistemas vinculados<\/a><\/li>\n<\/ul>\n<p><a href=\"https:\/\/inspirehep.net\/search?ln=pt&amp;p=find+a+w+sauter&amp;of=hb&amp;action_search=Pesquisar&amp;sf=earliestdate&amp;so=d\" target=\"_blank\" rel=\"noopener\">Produ\u00e7\u00e3o Cient\u00edfica<\/a><\/p>\n<p>Alunos sob Orienta\u00e7\u00e3o:<\/p>\n<ul>\n<li>Jean Torres Reis (Doutorado) &#8211; Produ\u00e7\u00e3o central de quark\/antiquark em colis\u00f5es hadr\u00f4nicas<\/li>\n<li>Cesar Krumreich (Doutorado) &#8211; Aplica\u00e7\u00f5es fenomenol\u00f3gicas da Eq. BFKL com acoplamento din\u00e2mico<\/li>\n<li>Gilvana Coelho Penedo (Mestrado) &#8211; Solu\u00e7\u00e3o num\u00e9rica via Transformada de Laplace da Eq. GLR\/MQ<\/li>\n<li>Felipe Soares Spiess (Gradua\u00e7\u00e3o &#8211; IC) &#8211; M\u00e9todo de f\u00f3tons equivalentes<\/li>\n<li>Eduardo Mossmann (Gradua\u00e7\u00e3o &#8211; IC) &#8211; Mat\u00e9ria e energia escura<\/li>\n<\/ul>\n","protected":false},"excerpt":{"rendered":"<p>\u00c1reas de pesquisa em F\u00edsica de Part\u00edculas de Altas Energias: Estudo e aplica\u00e7\u00f5es das equa\u00e7\u00f5es de evolu\u00e7\u00e3o em Cromodin\u00e2mica Qu\u00e2ntica (QCD): DGLAP, BFKL, BK, &#8230; Teoria e fenomenologia do Pomeron Produ\u00e7\u00e3o central difrativa de estados massivos em colis\u00f5es hadr\u00f4nicas Produ\u00e7\u00e3o el\u00e1stica de m\u00e9sons vetoriais massivos Comportamento no infravermelho da QCD F\u00edsica al\u00e9m do Modelo Padr\u00e3o: [&hellip;]<\/p>\n","protected":false},"author":502,"featured_media":0,"parent":0,"menu_order":0,"comment_status":"closed","ping_status":"closed","template":"","meta":{"footnotes":""},"class_list":["post-67","page","type-page","status-publish","hentry"],"_links":{"self":[{"href":"https:\/\/wp.ufpel.edu.br\/wernersauter\/wp-json\/wp\/v2\/pages\/67","targetHints":{"allow":["GET"]}}],"collection":[{"href":"https:\/\/wp.ufpel.edu.br\/wernersauter\/wp-json\/wp\/v2\/pages"}],"about":[{"href":"https:\/\/wp.ufpel.edu.br\/wernersauter\/wp-json\/wp\/v2\/types\/page"}],"author":[{"embeddable":true,"href":"https:\/\/wp.ufpel.edu.br\/wernersauter\/wp-json\/wp\/v2\/users\/502"}],"replies":[{"embeddable":true,"href":"https:\/\/wp.ufpel.edu.br\/wernersauter\/wp-json\/wp\/v2\/comments?post=67"}],"version-history":[{"count":7,"href":"https:\/\/wp.ufpel.edu.br\/wernersauter\/wp-json\/wp\/v2\/pages\/67\/revisions"}],"predecessor-version":[{"id":98,"href":"https:\/\/wp.ufpel.edu.br\/wernersauter\/wp-json\/wp\/v2\/pages\/67\/revisions\/98"}],"wp:attachment":[{"href":"https:\/\/wp.ufpel.edu.br\/wernersauter\/wp-json\/wp\/v2\/media?parent=67"}],"curies":[{"name":"wp","href":"https:\/\/api.w.org\/{rel}","templated":true}]}}