{"id":47,"date":"2017-10-21T17:38:10","date_gmt":"2017-10-21T19:38:10","guid":{"rendered":"https:\/\/wp.ufpel.edu.br\/wernersauter\/?page_id=47"},"modified":"2018-08-30T09:15:07","modified_gmt":"2018-08-30T12:15:07","slug":"atividades-docentes","status":"publish","type":"page","link":"https:\/\/wp.ufpel.edu.br\/wernersauter\/atividades-docentes\/","title":{"rendered":"Atividades docentes"},"content":{"rendered":"<h4>Disciplinas Ministradas (cursos de Gradua\u00e7\u00e3o):<\/h4>\n<pre><a href=\"http:\/\/institucional.ufpel.edu.br\/disciplinas\/id\/4661\">0090113<\/a> - F\u00edsica B\u00e1sica I\r\n<a href=\"http:\/\/institucional.ufpel.edu.br\/disciplinas\/id\/4663\">0090115<\/a> - F\u00edsica B\u00e1sica III\r\n<a href=\"http:\/\/institucional.ufpel.edu.br\/disciplinas\/id\/2803\">0090117<\/a> - F\u00edsica B\u00e1sica e Experimental I\r\n<a href=\"http:\/\/institucional.ufpel.edu.br\/disciplinas\/id\/19117\">0090161<\/a> - F\u00edsica Geral A\r\n0090026 - F\u00edsica Geral I\r\n0090015 - F\u00edsica Geral e Experimental I\r\n0090016 - F\u00edsica Geral e Experimental II\r\n<a href=\"https:\/\/institucional.ufpel.edu.br\/disciplinas\/cod\/0090103\">0090103<\/a> - Introdu\u00e7\u00e3o \u00e0 Relatividade\r\n<a href=\"http:\/\/institucional.ufpel.edu.br\/disciplinas\/id\/13520\">0090166<\/a> - Introdu\u00e7\u00e3o \u00e0 F\u00edsica Moderna\r\n0090022 - Mec\u00e2nica Cl\u00e1ssica II\r\n<a href=\"https:\/\/institucional.ufpel.edu.br\/disciplinas\/cod\/0090130\">0090130<\/a> - <a href=\"https:\/\/wp.ufpel.edu.br\/wernersauter\/?page_id=91&amp;preview=true\">Mec\u00e2nica Qu\u00e2ntica I<\/a>\r\n<a href=\"http:\/\/institucional.ufpel.edu.br\/disciplinas\/id\/13525\">0090169<\/a> - T\u00f3picos de F\u00edsica Contempor\u00e2nea<\/pre>\n<h4>Disciplinas Ministradas (cursos de P\u00f3s-gradua\u00e7\u00e3o):<\/h4>\n<pre><a href=\"http:\/\/institucional.ufpel.edu.br\/disciplinas\/id\/11441\">0098139<\/a> - Mec\u00e2nica Qu\u00e2ntica\r\n<a href=\"http:\/\/institucional.ufpel.edu.br\/disciplinas\/id\/11427\">0098150<\/a> - Semin\u00e1rios de F\u00edsica de Part\u00edculas e H\u00e1drons\r\n<a href=\"http:\/\/institucional.ufpel.edu.br\/disciplinas\/id\/11445\">0098142<\/a> - Teoria Qu\u00e2ntica de Campos\r\n<a href=\"http:\/\/institucional.ufpel.edu.br\/disciplinas\/id\/17630\">0090143<\/a> - Teoria Qu\u00e2ntica de Campos II<\/pre>\n","protected":false},"excerpt":{"rendered":"<p>Disciplinas Ministradas (cursos de Gradua\u00e7\u00e3o): 0090113 &#8211; F\u00edsica B\u00e1sica I 0090115 &#8211; F\u00edsica B\u00e1sica III 0090117 &#8211; F\u00edsica B\u00e1sica e Experimental I 0090161 &#8211; F\u00edsica Geral A 0090026 &#8211; F\u00edsica Geral I 0090015 &#8211; F\u00edsica Geral e Experimental I 0090016 &#8211; F\u00edsica Geral e Experimental II 0090103 &#8211; Introdu\u00e7\u00e3o \u00e0 Relatividade 0090166 &#8211; Introdu\u00e7\u00e3o \u00e0 [&hellip;]<\/p>\n","protected":false},"author":502,"featured_media":0,"parent":0,"menu_order":0,"comment_status":"closed","ping_status":"closed","template":"","meta":{"footnotes":""},"class_list":["post-47","page","type-page","status-publish","hentry"],"_links":{"self":[{"href":"https:\/\/wp.ufpel.edu.br\/wernersauter\/wp-json\/wp\/v2\/pages\/47","targetHints":{"allow":["GET"]}}],"collection":[{"href":"https:\/\/wp.ufpel.edu.br\/wernersauter\/wp-json\/wp\/v2\/pages"}],"about":[{"href":"https:\/\/wp.ufpel.edu.br\/wernersauter\/wp-json\/wp\/v2\/types\/page"}],"author":[{"embeddable":true,"href":"https:\/\/wp.ufpel.edu.br\/wernersauter\/wp-json\/wp\/v2\/users\/502"}],"replies":[{"embeddable":true,"href":"https:\/\/wp.ufpel.edu.br\/wernersauter\/wp-json\/wp\/v2\/comments?post=47"}],"version-history":[{"count":20,"href":"https:\/\/wp.ufpel.edu.br\/wernersauter\/wp-json\/wp\/v2\/pages\/47\/revisions"}],"predecessor-version":[{"id":97,"href":"https:\/\/wp.ufpel.edu.br\/wernersauter\/wp-json\/wp\/v2\/pages\/47\/revisions\/97"}],"wp:attachment":[{"href":"https:\/\/wp.ufpel.edu.br\/wernersauter\/wp-json\/wp\/v2\/media?parent=47"}],"curies":[{"name":"wp","href":"https:\/\/api.w.org\/{rel}","templated":true}]}}