{"id":14,"date":"2017-10-21T14:07:27","date_gmt":"2017-10-21T16:07:27","guid":{"rendered":"https:\/\/wp.ufpel.edu.br\/wernersauter\/?page_id=14"},"modified":"2023-05-29T08:48:54","modified_gmt":"2023-05-29T11:48:54","slug":"informacoes","status":"publish","type":"page","link":"https:\/\/wp.ufpel.edu.br\/wernersauter\/","title":{"rendered":"Identifica\u00e7\u00e3o"},"content":{"rendered":"<p><a href=\"https:\/\/wp.ufpel.edu.br\/wernersauter\/files\/2017\/10\/C.jpg\"><img class=\"size-full wp-image-75 alignleft\" src=\"https:\/\/wp.ufpel.edu.br\/wernersauter\/files\/2017\/10\/C.jpg\" alt=\"\" width=\"255\" height=\"323\" \/><\/a><\/p>\n<p>Professor Associado do <a href=\"https:\/\/wp.ufpel.edu.br\/depfis\/\" target=\"_blank\" rel=\"noopener\">Departamento de F\u00edsica<\/a><\/p>\n<p>Docente permanente e orientador no <a href=\"https:\/\/wp.ufpel.edu.br\/pgfisica\/\" target=\"_blank\" rel=\"noopener\">Programa de P\u00f3s-gradua\u00e7\u00e3o em F\u00edsica<\/a><\/p>\n<p>Pesquisador do <a href=\"https:\/\/wp.ufpel.edu.br\/game\/\" target=\"_blank\" rel=\"noopener\">Grupo de Altas e M\u00e9dias Energias<\/a> (G.A.M.E.)<\/p>\n<p><a href=\"http:\/\/lattes.cnpq.br\/9834064292823626\" target=\"_blank\" rel=\"noopener\">Curriculum Lattes<\/a><\/p>\n<p>&nbsp;<\/p>\n<p>&nbsp;<\/p>\n<p>&nbsp;<\/p>\n","protected":false},"excerpt":{"rendered":"<p>Professor Associado do Departamento de F\u00edsica Docente permanente e orientador no Programa de P\u00f3s-gradua\u00e7\u00e3o em F\u00edsica Pesquisador do Grupo de Altas e M\u00e9dias Energias (G.A.M.E.) Curriculum Lattes &nbsp; &nbsp; &nbsp;<\/p>\n","protected":false},"author":502,"featured_media":0,"parent":0,"menu_order":0,"comment_status":"closed","ping_status":"closed","template":"","meta":{"footnotes":""},"class_list":["post-14","page","type-page","status-publish","hentry"],"_links":{"self":[{"href":"https:\/\/wp.ufpel.edu.br\/wernersauter\/wp-json\/wp\/v2\/pages\/14","targetHints":{"allow":["GET"]}}],"collection":[{"href":"https:\/\/wp.ufpel.edu.br\/wernersauter\/wp-json\/wp\/v2\/pages"}],"about":[{"href":"https:\/\/wp.ufpel.edu.br\/wernersauter\/wp-json\/wp\/v2\/types\/page"}],"author":[{"embeddable":true,"href":"https:\/\/wp.ufpel.edu.br\/wernersauter\/wp-json\/wp\/v2\/users\/502"}],"replies":[{"embeddable":true,"href":"https:\/\/wp.ufpel.edu.br\/wernersauter\/wp-json\/wp\/v2\/comments?post=14"}],"version-history":[{"count":24,"href":"https:\/\/wp.ufpel.edu.br\/wernersauter\/wp-json\/wp\/v2\/pages\/14\/revisions"}],"predecessor-version":[{"id":110,"href":"https:\/\/wp.ufpel.edu.br\/wernersauter\/wp-json\/wp\/v2\/pages\/14\/revisions\/110"}],"wp:attachment":[{"href":"https:\/\/wp.ufpel.edu.br\/wernersauter\/wp-json\/wp\/v2\/media?parent=14"}],"curies":[{"name":"wp","href":"https:\/\/api.w.org\/{rel}","templated":true}]}}