{"id":96,"date":"2013-01-13T09:28:55","date_gmt":"2013-01-13T11:28:55","guid":{"rendered":"https:\/\/wp.ufpel.edu.br\/weit\/?page_id=96"},"modified":"2013-10-12T00:45:50","modified_gmt":"2013-10-12T03:45:50","slug":"programacao-social","status":"publish","type":"page","link":"https:\/\/wp.ufpel.edu.br\/weit\/weit2013\/programacao\/programacao-social\/","title":{"rendered":"Programa\u00e7\u00e3o Social"},"content":{"rendered":"<h5><span style=\"font-size: 2em\">Jantar de Confraterniza\u00e7\u00e3o<\/span><\/h5>\n<p>&nbsp;<\/p>\n<p><strong>Data: <\/strong>Quarta-feira, 16 de Outubro de 2013<br \/>\n<strong>Local:\u00a0<\/strong>LA INVERNADA<br \/>\n<strong>Hor\u00e1rio:\u00a0<\/strong>21 horas<br \/>\n<strong>Endere\u00e7o: \u00a0<\/strong>Av. Jo\u00e3o Oliveira, 49 (RS-734 p\/ Cassino), km 11<br \/>\n<strong>Fone:<\/strong> \u00a0(53) 3236-5700<\/p>\n<p><strong>Card\u00e1pio:\u00a0<\/strong><\/p>\n<div id=\":3lk\">\n<ul>\n<li>lingui\u00e7a fina;<\/li>\n<li>provolone na grelha;<\/li>\n<li>polenta palito c parmes\u00e3o;<\/li>\n<li>entrecot;<\/li>\n<li>costela em tiras;<\/li>\n<li>l\u00e1 Invernada (alface americana, r\u00facula, ma\u00e7\u00e3 em tiras, lascas de\u00a0parmes\u00e3o e nozes);<\/li>\n<li>mista (alface, tomate, cebola, cenoura, beterraba, pepino e palmito);<\/li>\n<li>batata Su\u00ed\u00e7a.<\/li>\n<\/ul>\n<\/div>\n<div><strong>Valor:<\/strong> R$\u00a045,00 por pessoa. As bebidas devem ser pagas a parte.<\/div>\n<p><small>Click no <a style=\"color: #0000ff;text-align: left\" href=\"https:\/\/www.google.com\/maps\/ms?msa=0&amp;msid=214075577453217393172.0004e882ed5ea453f389b&amp;ie=UTF8&amp;t=m&amp;ll=-32.101626,-52.165318&amp;spn=0.01745,0.027466&amp;z=15&amp;source=embed\">link<\/a> para ver no mapa<\/small><\/p>\n","protected":false},"excerpt":{"rendered":"<p>Jantar de Confraterniza\u00e7\u00e3o &nbsp; Data: Quarta-feira, 16 de Outubro de 2013 Local:\u00a0LA INVERNADA Hor\u00e1rio:\u00a021 horas Endere\u00e7o: \u00a0Av. Jo\u00e3o Oliveira, 49 (RS-734 p\/ Cassino), km 11 Fone: \u00a0(53) 3236-5700 Card\u00e1pio:\u00a0 lingui\u00e7a fina; provolone na grelha; polenta palito c parmes\u00e3o; entrecot; costela em tiras; l\u00e1 Invernada (alface americana, r\u00facula, ma\u00e7\u00e3 em tiras, lascas de\u00a0parmes\u00e3o e nozes); mista [&hellip;]<\/p>\n","protected":false},"author":234,"featured_media":0,"parent":86,"menu_order":6,"comment_status":"closed","ping_status":"closed","template":"","meta":{"footnotes":""},"class_list":["post-96","page","type-page","status-publish","hentry"],"_links":{"self":[{"href":"https:\/\/wp.ufpel.edu.br\/weit\/wp-json\/wp\/v2\/pages\/96","targetHints":{"allow":["GET"]}}],"collection":[{"href":"https:\/\/wp.ufpel.edu.br\/weit\/wp-json\/wp\/v2\/pages"}],"about":[{"href":"https:\/\/wp.ufpel.edu.br\/weit\/wp-json\/wp\/v2\/types\/page"}],"author":[{"embeddable":true,"href":"https:\/\/wp.ufpel.edu.br\/weit\/wp-json\/wp\/v2\/users\/234"}],"replies":[{"embeddable":true,"href":"https:\/\/wp.ufpel.edu.br\/weit\/wp-json\/wp\/v2\/comments?post=96"}],"version-history":[{"count":12,"href":"https:\/\/wp.ufpel.edu.br\/weit\/wp-json\/wp\/v2\/pages\/96\/revisions"}],"predecessor-version":[{"id":511,"href":"https:\/\/wp.ufpel.edu.br\/weit\/wp-json\/wp\/v2\/pages\/96\/revisions\/511"}],"up":[{"embeddable":true,"href":"https:\/\/wp.ufpel.edu.br\/weit\/wp-json\/wp\/v2\/pages\/86"}],"wp:attachment":[{"href":"https:\/\/wp.ufpel.edu.br\/weit\/wp-json\/wp\/v2\/media?parent=96"}],"curies":[{"name":"wp","href":"https:\/\/api.w.org\/{rel}","templated":true}]}}