{"id":86,"date":"2013-03-27T08:46:38","date_gmt":"2013-03-27T11:46:38","guid":{"rendered":"https:\/\/wp.ufpel.edu.br\/weit\/?page_id=86"},"modified":"2013-10-12T18:47:29","modified_gmt":"2013-10-12T21:47:29","slug":"programacao","status":"publish","type":"page","link":"https:\/\/wp.ufpel.edu.br\/weit\/weit2013\/programacao\/","title":{"rendered":"Programa\u00e7\u00e3o"},"content":{"rendered":"<p style=\"text-align: center\"><a href=\"https:\/\/docs.google.com\/file\/d\/0BxBmwH9WIFY8RHlhT19ERENrLTA\/edit?usp=sharing\" target=\"_blank\"><strong>Sess\u00f5es T\u00e9cnicas e Programa Final (vers\u00e3o PDF)<\/strong><\/a><\/p>\n<table style=\"text-align: left;width: 100%;height: 100%;background-color: black;margin-left: auto;margin-right: auto\" border=\"0\" cellspacing=\"1\" cellpadding=\"1\">\n<tbody>\n<tr style=\"background-color: white\">\n<td style=\"background-color: #006600;width: 25%\"><\/td>\n<td style=\"text-align: center;background-color: #006600;font-weight: bold;color: white;width: 25%\">Ter<br \/>\n(15\/10)<\/td>\n<td style=\"text-align: center;background-color: #006600;font-weight: bold;color: white;width: 25%\">Qua<br \/>\n(16\/10)<\/td>\n<td style=\"text-align: center;background-color: #006600;font-weight: bold;color: white;width: 25%\">Qui<br \/>\n(17\/10)<\/td>\n<\/tr>\n<tr style=\"background-color: white\">\n<td style=\"text-align: center;background-color: #006600;color: white;font-weight: bold\">08:30-09:00<\/td>\n<td style=\"text-align: center;background-color: #ccccff\">Credenciamento<br \/>\n<em>(inicia \u00e0s 8:00)<\/em><\/td>\n<td style=\"text-align: center;background-color: #ffcccc\" rowspan=\"2\" colspan=\"1\">Minicurso #1<\/td>\n<td style=\"text-align: center;background-color: #ff99ff\" rowspan=\"2\" colspan=\"1\">Palestra #2<\/td>\n<\/tr>\n<tr style=\"background-color: white\">\n<td style=\"text-align: center;background-color: #006600;color: white;font-weight: bold\">09:00-09:30<\/td>\n<td style=\"text-align: center;background-color: #ffcc99\">Sess\u00e3o<br \/>\nT\u00e9cnica #1<\/td>\n<\/tr>\n<tr style=\"background-color: white\">\n<td style=\"text-align: center;background-color: #006600;color: white;font-weight: bold\">09:30-10:00<\/td>\n<td style=\"text-align: center;background-color: #9999ff\" rowspan=\"1\" colspan=\"1\">Cerim\u00f4nia de<br \/>\nAbertura<\/td>\n<td style=\"text-align: center;background-color: #ffff99\" rowspan=\"1\" colspan=\"2\">Coffe-Break<\/td>\n<\/tr>\n<tr style=\"background-color: white\">\n<td style=\"text-align: center;background-color: #006600;color: white;font-weight: bold\">10:00-12:00<\/td>\n<td style=\"text-align: center;background-color: #ffccff\">Tutorial<\/td>\n<td style=\"text-align: center;background-color: #ffcccc\">Minicurso<br \/>\n#1<\/td>\n<td style=\"text-align: center;background-color: #ffcccc\">Minicurso<br \/>\n#2<\/td>\n<\/tr>\n<tr style=\"background-color: white\">\n<td style=\"text-align: center;background-color: #006600;color: white;font-weight: bold\">12:00-14:00<\/td>\n<td style=\"text-align: center;background-color: #ffff99\" rowspan=\"1\" colspan=\"3\">Almo\u00e7o<\/td>\n<\/tr>\n<tr style=\"background-color: white\">\n<td style=\"text-align: center;background-color: #006600;color: white;font-weight: bold\">14:00-15:30<\/td>\n<td style=\"text-align: center;background-color: #ff99ff\">Palestra<br \/>\n#1<\/td>\n<td style=\"text-align: center;background-color: #ff6600\">Painel<\/td>\n<td style=\"text-align: center;background-color: #ffcccc\">Minicurso<br \/>\n#2<\/td>\n<\/tr>\n<tr style=\"background-color: white\">\n<td style=\"text-align: center;background-color: #006600;color: white;font-weight: bold\">15:30-16:00<\/td>\n<td style=\"text-align: center;background-color: #ffff99\" rowspan=\"1\" colspan=\"3\">Coffe-Break<\/td>\n<\/tr>\n<tr style=\"background-color: white\">\n<td style=\"text-align: center;background-color: #006600;color: white;font-weight: bold\">16:00-17:30<\/td>\n<td style=\"text-align: center;background-color: #ffcc99\">Sess\u00e3o<br \/>\nT\u00e9cnica #2<\/td>\n<td style=\"text-align: center;background-color: #ffcc99\">Sess\u00e3o<br \/>\nT\u00e9cnica #4<\/td>\n<td style=\"text-align: center;background-color: #ffcccc\" rowspan=\"2\" colspan=\"1\">Minicurso #2<\/td>\n<\/tr>\n<tr style=\"background-color: white\">\n<td style=\"text-align: center;background-color: #006600;color: white;font-weight: bold\">17:30-19:00<\/td>\n<td style=\"text-align: center;background-color: #ffcc99\">Sess\u00e3o<br \/>\nT\u00e9cnica #3<\/td>\n<td style=\"text-align: center;background-color: #ffcc99\">Sess\u00e3o<br \/>\nT\u00e9cnica #5<\/td>\n<\/tr>\n<tr>\n<td style=\"background-color: #006600\"><\/td>\n<td style=\"background-color: white\"><\/td>\n<td style=\"background-color: #6666cc;text-align: center\">Reuni\u00e3o<br \/>\nda Organiza\u00e7\u00e3o<\/td>\n<td style=\"background-color: white\"><\/td>\n<\/tr>\n<tr>\n<td style=\"background-color: #006600\"><\/td>\n<td style=\"background-color: white\"><\/td>\n<td style=\"background-color: #cc66cc;text-align: center\">Jantar<br \/>\ndo WEIT<\/td>\n<td style=\"background-color: white\"><\/td>\n<\/tr>\n<\/tbody>\n<\/table>\n","protected":false},"excerpt":{"rendered":"<p>Sess\u00f5es T\u00e9cnicas e Programa Final (vers\u00e3o PDF) Ter (15\/10) Qua (16\/10) Qui (17\/10) 08:30-09:00 Credenciamento (inicia \u00e0s 8:00) Minicurso #1 Palestra #2 09:00-09:30 Sess\u00e3o T\u00e9cnica #1 09:30-10:00 Cerim\u00f4nia de Abertura Coffe-Break 10:00-12:00 Tutorial Minicurso #1 Minicurso #2 12:00-14:00 Almo\u00e7o 14:00-15:30 Palestra #1 Painel Minicurso #2 15:30-16:00 Coffe-Break 16:00-17:30 Sess\u00e3o T\u00e9cnica #2 Sess\u00e3o T\u00e9cnica #4 Minicurso [&hellip;]<\/p>\n","protected":false},"author":234,"featured_media":0,"parent":12,"menu_order":8,"comment_status":"closed","ping_status":"closed","template":"","meta":{"footnotes":""},"class_list":["post-86","page","type-page","status-publish","hentry"],"_links":{"self":[{"href":"https:\/\/wp.ufpel.edu.br\/weit\/wp-json\/wp\/v2\/pages\/86","targetHints":{"allow":["GET"]}}],"collection":[{"href":"https:\/\/wp.ufpel.edu.br\/weit\/wp-json\/wp\/v2\/pages"}],"about":[{"href":"https:\/\/wp.ufpel.edu.br\/weit\/wp-json\/wp\/v2\/types\/page"}],"author":[{"embeddable":true,"href":"https:\/\/wp.ufpel.edu.br\/weit\/wp-json\/wp\/v2\/users\/234"}],"replies":[{"embeddable":true,"href":"https:\/\/wp.ufpel.edu.br\/weit\/wp-json\/wp\/v2\/comments?post=86"}],"version-history":[{"count":26,"href":"https:\/\/wp.ufpel.edu.br\/weit\/wp-json\/wp\/v2\/pages\/86\/revisions"}],"predecessor-version":[{"id":513,"href":"https:\/\/wp.ufpel.edu.br\/weit\/wp-json\/wp\/v2\/pages\/86\/revisions\/513"}],"up":[{"embeddable":true,"href":"https:\/\/wp.ufpel.edu.br\/weit\/wp-json\/wp\/v2\/pages\/12"}],"wp:attachment":[{"href":"https:\/\/wp.ufpel.edu.br\/weit\/wp-json\/wp\/v2\/media?parent=86"}],"curies":[{"name":"wp","href":"https:\/\/api.w.org\/{rel}","templated":true}]}}