{"id":730,"date":"2019-06-06T19:54:48","date_gmt":"2019-06-06T22:54:48","guid":{"rendered":"https:\/\/wp.ufpel.edu.br\/weit\/?page_id=730"},"modified":"2019-06-06T19:54:48","modified_gmt":"2019-06-06T22:54:48","slug":"programa-social","status":"publish","type":"page","link":"https:\/\/wp.ufpel.edu.br\/weit\/weit2011\/programa-social\/","title":{"rendered":"Programa Social"},"content":{"rendered":"<table>\n<tbody>\n<tr>\n<td class=\"programcell\" colspan=\"2\"><span class=\"titulo-azul\">QUINTA-FEIRA, 25 de Agosto de 2011<\/span><\/td>\n<\/tr>\n<tr>\n<td class=\"programcell\" colspan=\"2\"><span class=\"titulo-azul\">Galeto Tio Hugo<\/span><\/td>\n<\/tr>\n<tr>\n<td class=\"program-cell-time\">20:30<\/td>\n<td class=\"programcell\"><span class=\"titulo-azul\"> Jantar de Confraterniza\u00e7\u00e3o<\/span><br \/>\n<b><u><a>Card\u00e1pio<\/a><\/u><\/b><\/p>\n<div id=\"jantar\" class=\"ementa\">Local: Galeto Tio Hugo, Rua Professor Ara\u00fajo, 1907<br \/>\nHor\u00e1rio: 20h30min<br \/>\nValor: R$ 19,90<br \/>\nCard\u00e1pio: Entrada: cora\u00e7\u00e3o, salsich\u00e3o e lingui\u00e7a calabresa. Carnes: picanha, galeto, costela, lombinho e xixo (fil\u00e9 mignon\/fil\u00e9 de porco e tomate\/cebola). Acompanhamentos: arroz, polenta, salada mista, salada de maionese, massa e batata-frita.<br \/>\nReservas: weit2011.inf@gmail.com, Pagamento no restaurante.<\/div>\n<\/td>\n<\/tr>\n<\/tbody>\n<\/table>\n<p><\/p>\n","protected":false},"excerpt":{"rendered":"<p>QUINTA-FEIRA, 25 de Agosto de 2011 Galeto Tio Hugo 20:30 Jantar de Confraterniza\u00e7\u00e3o Card\u00e1pio Local: Galeto Tio Hugo, Rua Professor Ara\u00fajo, 1907 Hor\u00e1rio: 20h30min Valor: R$ 19,90 Card\u00e1pio: Entrada: cora\u00e7\u00e3o, salsich\u00e3o e lingui\u00e7a calabresa. Carnes: picanha, galeto, costela, lombinho e xixo (fil\u00e9 mignon\/fil\u00e9 de porco e tomate\/cebola). Acompanhamentos: arroz, polenta, salada mista, salada de maionese, [&hellip;]<\/p>\n","protected":false},"author":234,"featured_media":0,"parent":635,"menu_order":0,"comment_status":"closed","ping_status":"closed","template":"","meta":{"footnotes":""},"class_list":["post-730","page","type-page","status-publish","hentry"],"_links":{"self":[{"href":"https:\/\/wp.ufpel.edu.br\/weit\/wp-json\/wp\/v2\/pages\/730","targetHints":{"allow":["GET"]}}],"collection":[{"href":"https:\/\/wp.ufpel.edu.br\/weit\/wp-json\/wp\/v2\/pages"}],"about":[{"href":"https:\/\/wp.ufpel.edu.br\/weit\/wp-json\/wp\/v2\/types\/page"}],"author":[{"embeddable":true,"href":"https:\/\/wp.ufpel.edu.br\/weit\/wp-json\/wp\/v2\/users\/234"}],"replies":[{"embeddable":true,"href":"https:\/\/wp.ufpel.edu.br\/weit\/wp-json\/wp\/v2\/comments?post=730"}],"version-history":[{"count":1,"href":"https:\/\/wp.ufpel.edu.br\/weit\/wp-json\/wp\/v2\/pages\/730\/revisions"}],"predecessor-version":[{"id":732,"href":"https:\/\/wp.ufpel.edu.br\/weit\/wp-json\/wp\/v2\/pages\/730\/revisions\/732"}],"up":[{"embeddable":true,"href":"https:\/\/wp.ufpel.edu.br\/weit\/wp-json\/wp\/v2\/pages\/635"}],"wp:attachment":[{"href":"https:\/\/wp.ufpel.edu.br\/weit\/wp-json\/wp\/v2\/media?parent=730"}],"curies":[{"name":"wp","href":"https:\/\/api.w.org\/{rel}","templated":true}]}}