{"id":712,"date":"2019-06-06T19:30:28","date_gmt":"2019-06-06T22:30:28","guid":{"rendered":"https:\/\/wp.ufpel.edu.br\/weit\/?page_id=712"},"modified":"2019-06-06T20:37:44","modified_gmt":"2019-06-06T23:37:44","slug":"submissoes","status":"publish","type":"page","link":"https:\/\/wp.ufpel.edu.br\/weit\/weit2011\/submissoes\/","title":{"rendered":"Submiss\u00f5es"},"content":{"rendered":"<p>Os trabalhos a serem submetidos ao WEIT 2011 devem estar de acordo com o especificado no item <a href=\"https:\/\/wp.ufpel.edu.br\/weit\/weit2011\/formato-de-trabalhos\/\">Formato de Trabalhos<\/a>.<\/p>\n<p>&nbsp;<\/p>\n<p>O processo de submiss\u00e3o \u00e9 eletr\u00f4nico atrav\u00e9s do Sistema EasyChair (vide link abaixo) atendendo as datas especificadas no item <a href=\"https:\/\/wp.ufpel.edu.br\/weit\/weit2011\/datas-importantes\/\">Datas Importantes<\/a>.<\/p>\n<div class=\"box\" align=\"center\">\n<p><a href=\"http:\/\/www.easychair.org\/conferences\/?conf=weit2011\" target=\"_blank\" rel=\"noopener noreferrer\">Clique aqui para submiss\u00e3o de trabalhos ao WEIT 2011<\/a><\/p>\n<p><b>As submiss\u00f5es para o WEIT 2011 est\u00e3o encerradas.<\/b><\/p>\n<\/div>\n","protected":false},"excerpt":{"rendered":"<p>Os trabalhos a serem submetidos ao WEIT 2011 devem estar de acordo com o especificado no item Formato de Trabalhos. &nbsp; O processo de submiss\u00e3o \u00e9 eletr\u00f4nico atrav\u00e9s do Sistema EasyChair (vide link abaixo) atendendo as datas especificadas no item Datas Importantes. Clique aqui para submiss\u00e3o de trabalhos ao WEIT 2011 As submiss\u00f5es para o [&hellip;]<\/p>\n","protected":false},"author":234,"featured_media":0,"parent":635,"menu_order":0,"comment_status":"closed","ping_status":"closed","template":"","meta":{"footnotes":""},"class_list":["post-712","page","type-page","status-publish","hentry"],"_links":{"self":[{"href":"https:\/\/wp.ufpel.edu.br\/weit\/wp-json\/wp\/v2\/pages\/712","targetHints":{"allow":["GET"]}}],"collection":[{"href":"https:\/\/wp.ufpel.edu.br\/weit\/wp-json\/wp\/v2\/pages"}],"about":[{"href":"https:\/\/wp.ufpel.edu.br\/weit\/wp-json\/wp\/v2\/types\/page"}],"author":[{"embeddable":true,"href":"https:\/\/wp.ufpel.edu.br\/weit\/wp-json\/wp\/v2\/users\/234"}],"replies":[{"embeddable":true,"href":"https:\/\/wp.ufpel.edu.br\/weit\/wp-json\/wp\/v2\/comments?post=712"}],"version-history":[{"count":3,"href":"https:\/\/wp.ufpel.edu.br\/weit\/wp-json\/wp\/v2\/pages\/712\/revisions"}],"predecessor-version":[{"id":759,"href":"https:\/\/wp.ufpel.edu.br\/weit\/wp-json\/wp\/v2\/pages\/712\/revisions\/759"}],"up":[{"embeddable":true,"href":"https:\/\/wp.ufpel.edu.br\/weit\/wp-json\/wp\/v2\/pages\/635"}],"wp:attachment":[{"href":"https:\/\/wp.ufpel.edu.br\/weit\/wp-json\/wp\/v2\/media?parent=712"}],"curies":[{"name":"wp","href":"https:\/\/api.w.org\/{rel}","templated":true}]}}