{"id":701,"date":"2019-06-06T11:35:54","date_gmt":"2019-06-06T14:35:54","guid":{"rendered":"https:\/\/wp.ufpel.edu.br\/weit\/?page_id=701"},"modified":"2019-06-06T20:42:15","modified_gmt":"2019-06-06T23:42:15","slug":"inscricoes","status":"publish","type":"page","link":"https:\/\/wp.ufpel.edu.br\/weit\/weit2011\/inscricoes\/","title":{"rendered":"Inscri\u00e7\u00f5es"},"content":{"rendered":"<p>O pagamento para inscri\u00e7\u00e3o no WEIT 2011 dever\u00e1 ser feito via dep\u00f3sito ou transfer\u00eancia banc\u00e1ria para conta no Banco do Brasil.<\/p>\n<p><b>Importante: <\/b>Durante o evento as inscri\u00e7\u00f5es dever\u00e3o ser realizadas diretamente na secretaria do evento.<\/p>\n<table border=\"3\">\n<tbody>\n<tr>\n<td><span style=\"color: #0000ff\"><b>Categoria<\/b><\/span><\/td>\n<td>\n<p align=\"Right\"><span style=\"color: #0000ff\"><b>Valor da Inscri\u00e7\u00e3o<\/b><\/span><\/p>\n<\/td>\n<\/tr>\n<tr>\n<td>Aluno de gradua\u00e7\u00e3o s\u00f3cio da SBC<\/td>\n<td>\n<p align=\"Right\">R$ 20,00<\/p>\n<\/td>\n<\/tr>\n<tr>\n<td>Aluno de gradua\u00e7\u00e3o n\u00e3o-s\u00f3cio da SBC<\/td>\n<td>\n<p align=\"Right\">R$ 25,00<\/p>\n<\/td>\n<\/tr>\n<tr>\n<td>Aluno de p\u00f3s-gradua\u00e7\u00e3o s\u00f3cio da SBC<\/td>\n<td>\n<p align=\"Right\">R$ 25,00<\/p>\n<\/td>\n<\/tr>\n<tr>\n<td>Aluno de p\u00f3s-gradua\u00e7\u00e3o n\u00e3o-s\u00f3cio da SBC<\/td>\n<td>\n<p align=\"Right\">R$ 30,00<\/p>\n<\/td>\n<\/tr>\n<tr>\n<td>Professor s\u00f3cio da SBC<\/td>\n<td>\n<p align=\"Right\">R$ 30,00<\/p>\n<\/td>\n<\/tr>\n<tr>\n<td>Professor n\u00e3o-s\u00f3cio da SBC<\/td>\n<td>\n<p align=\"Right\">R$ 35,00<\/p>\n<\/td>\n<\/tr>\n<tr>\n<td>Profissionais s\u00f3cios da SBC<\/td>\n<td>\n<p align=\"Right\">R$ 30,00<\/p>\n<\/td>\n<\/tr>\n<tr>\n<td>Profissionais n\u00e3o-s\u00f3cios da SBC<\/td>\n<td>\n<p align=\"Right\">R$ 35,00<\/p>\n<\/td>\n<\/tr>\n<\/tbody>\n<\/table>\n<div class=\"box\" align=\"center\">\n<p>Clique aqui para fazer a sua inscri\u00e7\u00e3o no WEIT 2011<\/p>\n<\/div>\n","protected":false},"excerpt":{"rendered":"<p>O pagamento para inscri\u00e7\u00e3o no WEIT 2011 dever\u00e1 ser feito via dep\u00f3sito ou transfer\u00eancia banc\u00e1ria para conta no Banco do Brasil. Importante: Durante o evento as inscri\u00e7\u00f5es dever\u00e3o ser realizadas diretamente na secretaria do evento. Categoria Valor da Inscri\u00e7\u00e3o Aluno de gradua\u00e7\u00e3o s\u00f3cio da SBC R$ 20,00 Aluno de gradua\u00e7\u00e3o n\u00e3o-s\u00f3cio da SBC R$ 25,00 [&hellip;]<\/p>\n","protected":false},"author":234,"featured_media":0,"parent":635,"menu_order":0,"comment_status":"closed","ping_status":"closed","template":"","meta":{"footnotes":""},"class_list":["post-701","page","type-page","status-publish","hentry"],"_links":{"self":[{"href":"https:\/\/wp.ufpel.edu.br\/weit\/wp-json\/wp\/v2\/pages\/701","targetHints":{"allow":["GET"]}}],"collection":[{"href":"https:\/\/wp.ufpel.edu.br\/weit\/wp-json\/wp\/v2\/pages"}],"about":[{"href":"https:\/\/wp.ufpel.edu.br\/weit\/wp-json\/wp\/v2\/types\/page"}],"author":[{"embeddable":true,"href":"https:\/\/wp.ufpel.edu.br\/weit\/wp-json\/wp\/v2\/users\/234"}],"replies":[{"embeddable":true,"href":"https:\/\/wp.ufpel.edu.br\/weit\/wp-json\/wp\/v2\/comments?post=701"}],"version-history":[{"count":2,"href":"https:\/\/wp.ufpel.edu.br\/weit\/wp-json\/wp\/v2\/pages\/701\/revisions"}],"predecessor-version":[{"id":762,"href":"https:\/\/wp.ufpel.edu.br\/weit\/wp-json\/wp\/v2\/pages\/701\/revisions\/762"}],"up":[{"embeddable":true,"href":"https:\/\/wp.ufpel.edu.br\/weit\/wp-json\/wp\/v2\/pages\/635"}],"wp:attachment":[{"href":"https:\/\/wp.ufpel.edu.br\/weit\/wp-json\/wp\/v2\/media?parent=701"}],"curies":[{"name":"wp","href":"https:\/\/api.w.org\/{rel}","templated":true}]}}