{"id":695,"date":"2019-06-06T11:33:46","date_gmt":"2019-06-06T14:33:46","guid":{"rendered":"https:\/\/wp.ufpel.edu.br\/weit\/?page_id=695"},"modified":"2019-06-06T20:44:28","modified_gmt":"2019-06-06T23:44:28","slug":"informacoes-locais","status":"publish","type":"page","link":"https:\/\/wp.ufpel.edu.br\/weit\/weit2011\/informacoes-locais\/","title":{"rendered":"Informa\u00e7\u00f5es Locais"},"content":{"rendered":"<p style=\"text-align: justify\">Pelotas \u00e9 um munic\u00edpio brasileiro, o terceiro mais populoso do estado do Rio Grande do Sul. Est\u00e1 localizado na encosta do Sudeste, \u00e0s margens do Canal S\u00e3o Gon\u00e7alo que liga as Lagoas dos Patos e Mirim, as maiores do Brasil, no estado do Rio Grande do Sul, no extremo sul do Brasil, ocupando uma \u00e1rea de 1.609 km\u00b2 e possuindo uma popula\u00e7\u00e3o de 343.167 habitantes, com cerca de 92% deste total residindo na zona urbana do munic\u00edpio. Pelotas est\u00e1 localizada a 250 quil\u00f4metros de Porto Alegre, a capital do estado.<\/p>\n<p style=\"text-align: justify\">Na hist\u00f3ria econ\u00f4mica do munic\u00edpio destaca-se a produ\u00e7\u00e3o do charque que era enviado para todo o Brasil, e fez a riqueza de Pelotas em tempos passados.<\/p>\n<p style=\"text-align: justify\">O munic\u00edpio conta com cinco institui\u00e7\u00f5es de ensino superior (Universidades): Universidade Federal de Pelotas (UFPel), Universidade Cat\u00f3lica de Pelotas (UCPel), Faculdades Atl\u00e2ntico Sul, Centro Federal de Educa\u00e7\u00e3o Tecnol\u00f3gica (CEFET-RS) e Faculdade de Tecnologia Senac-RS. Tamb\u00e9m possui quatro grandes escolas t\u00e9cnicas: Escola T\u00e9cnica Estadual Jo\u00e3o XXIII, Escola T\u00e9cnica Estadual Professora Sylvia Mello, Conjunto Agrot\u00e9cnico Visconte da Gra\u00e7a &#8211; CAVG da Universidade Federal de Pelotas e o pr\u00f3prio Centro Federal de Educa\u00e7\u00e3o T\u00e9cnol\u00f3gica, dois teatros, Teatro Sete de Abril e Teatro Guarany, uma biblioteca p\u00fablica, tr\u00eas museus, dois jornais de circula\u00e7\u00e3o di\u00e1ria, tr\u00eas emissoras de televis\u00e3o, um aeroporto (Aeroporto Internacional de Pelotas) e um porto localizado \u00e0s margens do Canal S\u00e3o Gon\u00e7alo.<\/p>\n<p style=\"text-align: justify\">Quanto ao transporte para outras cidades, este pode ser feito por meio terrestre, ferrovi\u00e1rio e a\u00e9reo.<\/p>\n<p style=\"text-align: justify\">Tanto a zona urbana quanto a rural de Pelotas conta com monumentos, paisagens e vistas bel\u00edssimas, que levaram a televis\u00e3o brasileira a escolher o munic\u00edpio j\u00e1 por duas vezes como cen\u00e1rio para suas produ\u00e7\u00f5es: &#8220;Incidente em Antares&#8221;, cuja loca\u00e7\u00e3o foi feita na zona do porto; e &#8220;A Casa das Sete Mulheres&#8221;, filmada em uma charqueada na zona rural.<\/p>\n<p style=\"text-align: justify\">Em Pelotas \u00e9 realizada todos os anos a tradicional Fenadoce &#8211; Feira Nacional do Doce -, festa de eventos ancorada pelos famosos doces de origem portuguesa e que fazem a fama de Pelotas.<\/p>\n","protected":false},"excerpt":{"rendered":"<p>Pelotas \u00e9 um munic\u00edpio brasileiro, o terceiro mais populoso do estado do Rio Grande do Sul. Est\u00e1 localizado na encosta do Sudeste, \u00e0s margens do Canal S\u00e3o Gon\u00e7alo que liga as Lagoas dos Patos e Mirim, as maiores do Brasil, no estado do Rio Grande do Sul, no extremo sul do Brasil, ocupando uma \u00e1rea [&hellip;]<\/p>\n","protected":false},"author":234,"featured_media":0,"parent":635,"menu_order":0,"comment_status":"closed","ping_status":"closed","template":"","meta":{"footnotes":""},"class_list":["post-695","page","type-page","status-publish","hentry"],"_links":{"self":[{"href":"https:\/\/wp.ufpel.edu.br\/weit\/wp-json\/wp\/v2\/pages\/695","targetHints":{"allow":["GET"]}}],"collection":[{"href":"https:\/\/wp.ufpel.edu.br\/weit\/wp-json\/wp\/v2\/pages"}],"about":[{"href":"https:\/\/wp.ufpel.edu.br\/weit\/wp-json\/wp\/v2\/types\/page"}],"author":[{"embeddable":true,"href":"https:\/\/wp.ufpel.edu.br\/weit\/wp-json\/wp\/v2\/users\/234"}],"replies":[{"embeddable":true,"href":"https:\/\/wp.ufpel.edu.br\/weit\/wp-json\/wp\/v2\/comments?post=695"}],"version-history":[{"count":3,"href":"https:\/\/wp.ufpel.edu.br\/weit\/wp-json\/wp\/v2\/pages\/695\/revisions"}],"predecessor-version":[{"id":766,"href":"https:\/\/wp.ufpel.edu.br\/weit\/wp-json\/wp\/v2\/pages\/695\/revisions\/766"}],"up":[{"embeddable":true,"href":"https:\/\/wp.ufpel.edu.br\/weit\/wp-json\/wp\/v2\/pages\/635"}],"wp:attachment":[{"href":"https:\/\/wp.ufpel.edu.br\/weit\/wp-json\/wp\/v2\/media?parent=695"}],"curies":[{"name":"wp","href":"https:\/\/api.w.org\/{rel}","templated":true}]}}