{"id":689,"date":"2019-06-06T11:31:48","date_gmt":"2019-06-06T14:31:48","guid":{"rendered":"https:\/\/wp.ufpel.edu.br\/weit\/?page_id=689"},"modified":"2019-06-06T20:45:05","modified_gmt":"2019-06-06T23:45:05","slug":"formato-de-trabalhos","status":"publish","type":"page","link":"https:\/\/wp.ufpel.edu.br\/weit\/weit2011\/formato-de-trabalhos\/","title":{"rendered":"Formato de Trabalhos"},"content":{"rendered":"<p style=\"text-align: justify\">Autores s\u00e3o convidados a submeter artigos originais, que tratem de trabalhos conclu\u00eddos ou em andamento, relacionados com pesquisas envolvendo aspectos te\u00f3ricos da computa\u00e7\u00e3o, vide item T\u00f3picos de Interesse.<\/p>\n<p style=\"text-align: justify\">Autores do melhor <b>trabalho completo<\/b> ser\u00e3o convidados a submeter uma extens\u00e3o do conte\u00fado original \u00e0 Revista de Inform\u00e1tica Te\u00f3rica e Aplicada &#8211; <a href=\"http:\/\/seer.ufrgs.br\/index.php\/rita\">RITA<\/a>. O trabalho convidado para submiss\u00e3o \u00e0 RITA ser\u00e1 revisado pelo Corpo Editorial da Revista.<\/p>\n<h3 style=\"text-align: justify\"><b>Formato de Submiss\u00e3o:<\/b><\/h3>\n<p style=\"text-align: justify\">S\u00e3o aceitos dois tipos de trabalhos: <b>completos<\/b> e <b>resumidos<\/b>. Os trabalhos resumidos permitem trazer assuntos de pesquisa em est\u00e1gios iniciais para discuss\u00e3o no evento. Os artigos de ambas modalidades devem ser submetidos em formato PDF, utilizando o estilo da SBC (templates <a href=\"http:\/\/www.sbc.org.br\/index.php?option=com_jdownloads&amp;Itemid=195&amp;task=view.download&amp;catid=32&amp;cid=38\">aqui<\/a>). Os artigos podem ser escritos em Portugu\u00eas ou em Ingl\u00eas, e devem ter, no m\u00e1ximo, 12 p\u00e1ginas (trabalho completo) ou 6 p\u00e1ginas (trabalho resumido).<\/p>\n","protected":false},"excerpt":{"rendered":"<p>Autores s\u00e3o convidados a submeter artigos originais, que tratem de trabalhos conclu\u00eddos ou em andamento, relacionados com pesquisas envolvendo aspectos te\u00f3ricos da computa\u00e7\u00e3o, vide item T\u00f3picos de Interesse. Autores do melhor trabalho completo ser\u00e3o convidados a submeter uma extens\u00e3o do conte\u00fado original \u00e0 Revista de Inform\u00e1tica Te\u00f3rica e Aplicada &#8211; RITA. O trabalho convidado para [&hellip;]<\/p>\n","protected":false},"author":234,"featured_media":0,"parent":635,"menu_order":0,"comment_status":"closed","ping_status":"closed","template":"","meta":{"footnotes":""},"class_list":["post-689","page","type-page","status-publish","hentry"],"_links":{"self":[{"href":"https:\/\/wp.ufpel.edu.br\/weit\/wp-json\/wp\/v2\/pages\/689","targetHints":{"allow":["GET"]}}],"collection":[{"href":"https:\/\/wp.ufpel.edu.br\/weit\/wp-json\/wp\/v2\/pages"}],"about":[{"href":"https:\/\/wp.ufpel.edu.br\/weit\/wp-json\/wp\/v2\/types\/page"}],"author":[{"embeddable":true,"href":"https:\/\/wp.ufpel.edu.br\/weit\/wp-json\/wp\/v2\/users\/234"}],"replies":[{"embeddable":true,"href":"https:\/\/wp.ufpel.edu.br\/weit\/wp-json\/wp\/v2\/comments?post=689"}],"version-history":[{"count":2,"href":"https:\/\/wp.ufpel.edu.br\/weit\/wp-json\/wp\/v2\/pages\/689\/revisions"}],"predecessor-version":[{"id":767,"href":"https:\/\/wp.ufpel.edu.br\/weit\/wp-json\/wp\/v2\/pages\/689\/revisions\/767"}],"up":[{"embeddable":true,"href":"https:\/\/wp.ufpel.edu.br\/weit\/wp-json\/wp\/v2\/pages\/635"}],"wp:attachment":[{"href":"https:\/\/wp.ufpel.edu.br\/weit\/wp-json\/wp\/v2\/media?parent=689"}],"curies":[{"name":"wp","href":"https:\/\/api.w.org\/{rel}","templated":true}]}}