{"id":677,"date":"2019-06-06T11:28:35","date_gmt":"2019-06-06T14:28:35","guid":{"rendered":"https:\/\/wp.ufpel.edu.br\/weit\/?page_id=677"},"modified":"2019-06-06T20:48:58","modified_gmt":"2019-06-06T23:48:58","slug":"contato","status":"publish","type":"page","link":"https:\/\/wp.ufpel.edu.br\/weit\/weit2011\/contato\/","title":{"rendered":"Contato"},"content":{"rendered":"<p><b>Coordena\u00e7\u00e3o Geral<\/b><\/p>\n<ul>\n<li>Simone da Costa Cavalheiro &#8211; simone.costa@inf.ufpel.edu.br<\/li>\n<li>Ant\u00f4nio Carlos da Rocha Costa &#8211; ac.rocha.costa@gmail.com<\/li>\n<\/ul>\n<p>&nbsp;<\/p>\n","protected":false},"excerpt":{"rendered":"<p>Coordena\u00e7\u00e3o Geral Simone da Costa Cavalheiro &#8211; simone.costa@inf.ufpel.edu.br Ant\u00f4nio Carlos da Rocha Costa &#8211; ac.rocha.costa@gmail.com &nbsp;<\/p>\n","protected":false},"author":234,"featured_media":0,"parent":635,"menu_order":0,"comment_status":"closed","ping_status":"closed","template":"","meta":{"footnotes":""},"class_list":["post-677","page","type-page","status-publish","hentry"],"_links":{"self":[{"href":"https:\/\/wp.ufpel.edu.br\/weit\/wp-json\/wp\/v2\/pages\/677","targetHints":{"allow":["GET"]}}],"collection":[{"href":"https:\/\/wp.ufpel.edu.br\/weit\/wp-json\/wp\/v2\/pages"}],"about":[{"href":"https:\/\/wp.ufpel.edu.br\/weit\/wp-json\/wp\/v2\/types\/page"}],"author":[{"embeddable":true,"href":"https:\/\/wp.ufpel.edu.br\/weit\/wp-json\/wp\/v2\/users\/234"}],"replies":[{"embeddable":true,"href":"https:\/\/wp.ufpel.edu.br\/weit\/wp-json\/wp\/v2\/comments?post=677"}],"version-history":[{"count":2,"href":"https:\/\/wp.ufpel.edu.br\/weit\/wp-json\/wp\/v2\/pages\/677\/revisions"}],"predecessor-version":[{"id":772,"href":"https:\/\/wp.ufpel.edu.br\/weit\/wp-json\/wp\/v2\/pages\/677\/revisions\/772"}],"up":[{"embeddable":true,"href":"https:\/\/wp.ufpel.edu.br\/weit\/wp-json\/wp\/v2\/pages\/635"}],"wp:attachment":[{"href":"https:\/\/wp.ufpel.edu.br\/weit\/wp-json\/wp\/v2\/media?parent=677"}],"curies":[{"name":"wp","href":"https:\/\/api.w.org\/{rel}","templated":true}]}}