{"id":649,"date":"2019-06-06T10:31:57","date_gmt":"2019-06-06T13:31:57","guid":{"rendered":"https:\/\/wp.ufpel.edu.br\/weit\/?page_id=649"},"modified":"2019-06-06T20:49:49","modified_gmt":"2019-06-06T23:49:49","slug":"comites","status":"publish","type":"page","link":"https:\/\/wp.ufpel.edu.br\/weit\/weit2011\/comites\/","title":{"rendered":"Comit\u00eas"},"content":{"rendered":"<p><b>Coordena\u00e7\u00e3o Geral<\/b><\/p>\n<ul>\n<li>Simone A. da Costa Cavalheiro &#8211; UFPEL<\/li>\n<li>Ant\u00f4nio Carlos da Rocha Costa &#8211; FURG<\/li>\n<\/ul>\n<p><b>Coordena\u00e7\u00e3o do Comit\u00ea de Programa<\/b><\/p>\n<ul>\n<li>Luciana Foss &#8211; UFPEL<\/li>\n<li>Gra\u00e7aliz Pereira Dimuro &#8211; FURG<\/li>\n<\/ul>\n<p><b>Coordena\u00e7\u00e3o de Publica\u00e7\u00e3o<\/b><\/p>\n<ul>\n<li>Marilton Sanchotene de Aguiar &#8211; UFPEL<\/li>\n<\/ul>\n<p><b>Comit\u00ea de Programa<\/b><\/p>\n<ul>\n<li>Adriano Velasque Werhli (FURG)<\/li>\n<li>Alessandro de Lima Bicho (FURG)<\/li>\n<li>Alfio Ricardo de Brito Martini (PUCRS)<\/li>\n<li>Aline Brum Loreto (UFPEL)<\/li>\n<li>Alvaro Freitas Moreira (UFRGS)<\/li>\n<li>Ana Paula L\u00fcdtke Ferreira (UNIPAMPA BAG\u00c9)<\/li>\n<li>Andr\u00e9 Rauber Du Bois (UFPEL)<\/li>\n<li>Ant\u00f4nio Carlos da Rocha Costa (FURG)<\/li>\n<li>Carlos Amaral H\u00f6lbig (UPF)<\/li>\n<li>Carlos Ant\u00f4nio Pereira Campani (UFPEL)<\/li>\n<li>Dalc\u00eddio Moraes Cl\u00e1udio (PUCRS)<\/li>\n<li>Daltro Jos\u00e9 Nunes (UFRGS)<\/li>\n<li>Eder Gon\u00e7alves (FURG)<\/li>\n<li>Fernando Lu\u00eds Dotti (PUCRS)<\/li>\n<li>Gra\u00e7aliz Pereira Dimuro (FURG)<\/li>\n<li>Juliana Kaizer Vizzotto (UFSM)<\/li>\n<li>Laira Vieira Toscani (UFRGS)<\/li>\n<li>Leila Ribeiro (UFRGS)<\/li>\n<li>Leonardo Emmendorfer (FURG)<\/li>\n<li>Liara Aparecida dos Santos Leal (PUCRS)<\/li>\n<li>Luciana Foss (UFPEL)<\/li>\n<li>Luciana Salete Buriol (UFRGS)<\/li>\n<li>Lucio Mauro Duarte (UFRGS)<\/li>\n<li>Marcus Rolf Petter Ritt (UFRGS)<\/li>\n<li>Marilton Sanchotene de Aguiar (UFPEL)<\/li>\n<li>Odorico Machado Mendizabal (FURG)<\/li>\n<li>Rafael Heitor Bordini (UFRGS)<\/li>\n<li>Renata Reiser (UFPEL)<\/li>\n<li>Ricardo Matsumura Araujo (UFPEL)<\/li>\n<li>Simone A. da Costa Cavalheiro (UFPEL)<\/li>\n<\/ul>\n","protected":false},"excerpt":{"rendered":"<p>Coordena\u00e7\u00e3o Geral Simone A. da Costa Cavalheiro &#8211; UFPEL Ant\u00f4nio Carlos da Rocha Costa &#8211; FURG Coordena\u00e7\u00e3o do Comit\u00ea de Programa Luciana Foss &#8211; UFPEL Gra\u00e7aliz Pereira Dimuro &#8211; FURG Coordena\u00e7\u00e3o de Publica\u00e7\u00e3o Marilton Sanchotene de Aguiar &#8211; UFPEL Comit\u00ea de Programa Adriano Velasque Werhli (FURG) Alessandro de Lima Bicho (FURG) Alfio Ricardo de Brito [&hellip;]<\/p>\n","protected":false},"author":234,"featured_media":0,"parent":635,"menu_order":0,"comment_status":"closed","ping_status":"closed","template":"","meta":{"footnotes":""},"class_list":["post-649","page","type-page","status-publish","hentry"],"_links":{"self":[{"href":"https:\/\/wp.ufpel.edu.br\/weit\/wp-json\/wp\/v2\/pages\/649","targetHints":{"allow":["GET"]}}],"collection":[{"href":"https:\/\/wp.ufpel.edu.br\/weit\/wp-json\/wp\/v2\/pages"}],"about":[{"href":"https:\/\/wp.ufpel.edu.br\/weit\/wp-json\/wp\/v2\/types\/page"}],"author":[{"embeddable":true,"href":"https:\/\/wp.ufpel.edu.br\/weit\/wp-json\/wp\/v2\/users\/234"}],"replies":[{"embeddable":true,"href":"https:\/\/wp.ufpel.edu.br\/weit\/wp-json\/wp\/v2\/comments?post=649"}],"version-history":[{"count":2,"href":"https:\/\/wp.ufpel.edu.br\/weit\/wp-json\/wp\/v2\/pages\/649\/revisions"}],"predecessor-version":[{"id":774,"href":"https:\/\/wp.ufpel.edu.br\/weit\/wp-json\/wp\/v2\/pages\/649\/revisions\/774"}],"up":[{"embeddable":true,"href":"https:\/\/wp.ufpel.edu.br\/weit\/wp-json\/wp\/v2\/pages\/635"}],"wp:attachment":[{"href":"https:\/\/wp.ufpel.edu.br\/weit\/wp-json\/wp\/v2\/media?parent=649"}],"curies":[{"name":"wp","href":"https:\/\/api.w.org\/{rel}","templated":true}]}}