{"id":63,"date":"2013-01-13T08:20:17","date_gmt":"2013-01-13T10:20:17","guid":{"rendered":"https:\/\/wp.ufpel.edu.br\/weit\/?page_id=63"},"modified":"2019-06-04T14:13:06","modified_gmt":"2019-06-04T17:13:06","slug":"comites","status":"publish","type":"page","link":"https:\/\/wp.ufpel.edu.br\/weit\/weit2013\/comites\/","title":{"rendered":"Comit\u00eas"},"content":{"rendered":"<h3><strong>Comit\u00ea de Organiza\u00e7\u00e3o<\/strong><\/h3>\n<ul>\n<li>Gra\u00e7aliz Pereira Dimuro &#8211; <strong>coordenadora geral<\/strong> (FURG)<\/li>\n<li>Luciana Foss &#8211; <strong>coordenadora geral<\/strong>\u00a0(UFPEL)<\/li>\n<li>Eder Gon\u00e7alves &#8211; <strong>coordenador local<\/strong>\u00a0(FURG)<\/li>\n<li>Raquel de Miranda Barbosa &#8211; <strong>coordenadora local<\/strong>\u00a0(FURG)<\/li>\n<li>Marilton Sanchotene de Aguiar (UFPEL)<\/li>\n<li>Simone Andr\u00e9 da Costa Cavalheiro (UFPEL)<\/li>\n<\/ul>\n<h3><strong>Comit\u00ea\u00a0<\/strong><strong>Consultivo<\/strong><\/h3>\n<ul>\n<li>Ant\u00f4nio Carlos da Rocha Costa (FURG)<\/li>\n<li>Gra\u00e7aliz Pereira Dimuro (FURG)<\/li>\n<li>Luciana Foss (UFPEL)<\/li>\n<li>Simone A. da Costa Cavalheiro (UFPEL)<\/li>\n<\/ul>\n<h3><strong>Comit\u00ea de Publica\u00e7\u00e3o<\/strong><\/h3>\n<ul>\n<li>Marilton Sanchotene de Aguiar (UFPEL)<\/li>\n<li>Simone A. da Costa Cavalheiro (UFPEL)<\/li>\n<\/ul>\n<h3><strong>Comit\u00ea de Programa<\/strong><\/h3>\n<ul>\n<li>Leila Ribeiro &#8211; <strong>coordenadora<\/strong> (UFRGS)<\/li>\n<li>Lucio Mauro Duarte &#8211; <strong>coordenador<\/strong> (UFRGS)<\/li>\n<li>Adriano Velasque Werhli (FURG)<\/li>\n<li>Alfio Ricardo de Brito Martini (PUCRS)<\/li>\n<li>Aline Brum Loreto (UFPEL)<\/li>\n<li>Alvaro Freitas Moreira (UFRGS)<\/li>\n<li>Ana Paula L\u00fcdtke Ferreira (UNIPAMPA BAG\u00c9)<\/li>\n<li>Anderson Paiva Cruz (UFRN)<\/li>\n<li>Andr\u00e9 Rauber Du Bois (UFPEL)<\/li>\n<li>Ant\u00f4nio Carlos da Rocha Costa (FURG)<\/li>\n<li>Benjam\u00edn Ren\u00e9 Callejas Bedregal (UFRN)<\/li>\n<li>Carlos Amaral H\u00f6lbig (UPF)<\/li>\n<li>Claudilene Gomes da Costa (UFPB)<\/li>\n<li>Daltro Jos\u00e9 Nunes (UFRGS)<\/li>\n<li>Eder Gon\u00e7alves (FURG)<\/li>\n<li>Edward Hermann Haeusler (PUCRIO)<\/li>\n<li>Eduardo Silva Palmeira (UESC)<\/li>\n<li>Felipe M\u00fcller (UFSM)<\/li>\n<li>Fernando Lu\u00eds Dotti (PUCRS)<\/li>\n<li>Gleifer Vaz Alves (UTFPR &#8211; Ponta Grossa)<\/li>\n<li>Ivan Mezzomo (UFERSA)<\/li>\n<li>Gra\u00e7aliz Pereira Dimuro (FURG)<\/li>\n<li>Juliana Kaizer Vizzotto (UFSM)<\/li>\n<li>Leonardo Emmendorfer (FURG)<\/li>\n<li>Luciana Foss (UFPEL)<\/li>\n<li>Luciana Salete Buriol (UFRGS)<\/li>\n<li>Marcus Rolf Petter Ritt (UFRGS)<\/li>\n<li>Marilton Sanchotene de Aguiar (UFPEL)<\/li>\n<li>Odorico Machado Mendizabal (FURG)<\/li>\n<li>Osmar Marchi dos Santos (UFSM)<\/li>\n<li>Rafael Heitor Bordini (PUCRS)<\/li>\n<li>Raquel de Miranda Barbosa (FURG)<\/li>\n<li>Regivan Nunes Santiago (UFRN)<\/li>\n<li>Renata Hax Sander Reiser (UFPEL)<\/li>\n<li>Ricardo Matsumura Araujo (UFPEL)<\/li>\n<li>Rodrigo Machado (UFRGS)<\/li>\n<li>Rog\u00e9rio Rodrigues de Vargas (UESC)<\/li>\n<li>Simone A. da Costa Cavalheiro (UFPEL)<\/li>\n<\/ul>\n","protected":false},"excerpt":{"rendered":"<p>Comit\u00ea de Organiza\u00e7\u00e3o Gra\u00e7aliz Pereira Dimuro &#8211; coordenadora geral (FURG) Luciana Foss &#8211; coordenadora geral\u00a0(UFPEL) Eder Gon\u00e7alves &#8211; coordenador local\u00a0(FURG) Raquel de Miranda Barbosa &#8211; coordenadora local\u00a0(FURG) Marilton Sanchotene de Aguiar (UFPEL) Simone Andr\u00e9 da Costa Cavalheiro (UFPEL) Comit\u00ea\u00a0Consultivo Ant\u00f4nio Carlos da Rocha Costa (FURG) Gra\u00e7aliz Pereira Dimuro (FURG) Luciana Foss (UFPEL) Simone A. da [&hellip;]<\/p>\n","protected":false},"author":234,"featured_media":0,"parent":12,"menu_order":3,"comment_status":"closed","ping_status":"closed","template":"","meta":{"footnotes":""},"class_list":["post-63","page","type-page","status-publish","hentry"],"_links":{"self":[{"href":"https:\/\/wp.ufpel.edu.br\/weit\/wp-json\/wp\/v2\/pages\/63","targetHints":{"allow":["GET"]}}],"collection":[{"href":"https:\/\/wp.ufpel.edu.br\/weit\/wp-json\/wp\/v2\/pages"}],"about":[{"href":"https:\/\/wp.ufpel.edu.br\/weit\/wp-json\/wp\/v2\/types\/page"}],"author":[{"embeddable":true,"href":"https:\/\/wp.ufpel.edu.br\/weit\/wp-json\/wp\/v2\/users\/234"}],"replies":[{"embeddable":true,"href":"https:\/\/wp.ufpel.edu.br\/weit\/wp-json\/wp\/v2\/comments?post=63"}],"version-history":[{"count":27,"href":"https:\/\/wp.ufpel.edu.br\/weit\/wp-json\/wp\/v2\/pages\/63\/revisions"}],"predecessor-version":[{"id":538,"href":"https:\/\/wp.ufpel.edu.br\/weit\/wp-json\/wp\/v2\/pages\/63\/revisions\/538"}],"up":[{"embeddable":true,"href":"https:\/\/wp.ufpel.edu.br\/weit\/wp-json\/wp\/v2\/pages\/12"}],"wp:attachment":[{"href":"https:\/\/wp.ufpel.edu.br\/weit\/wp-json\/wp\/v2\/media?parent=63"}],"curies":[{"name":"wp","href":"https:\/\/api.w.org\/{rel}","templated":true}]}}