{"id":564,"date":"2013-11-27T10:29:10","date_gmt":"2013-11-27T12:29:10","guid":{"rendered":"https:\/\/wp.ufpel.edu.br\/weit\/?page_id=564"},"modified":"2019-06-04T14:19:52","modified_gmt":"2019-06-04T17:19:52","slug":"artigos-premiados","status":"publish","type":"page","link":"https:\/\/wp.ufpel.edu.br\/weit\/weit2013\/artigos-premiados\/","title":{"rendered":"Artigos Premiados"},"content":{"rendered":"<p>Na reuni\u00e3o dos comit\u00eas de organiza\u00e7\u00e3o e de programa foram definidos os 5 melhores artigos do workshop. Durante o jantar do evento foram premiados os seguintes artigos:<\/p>\n<ul>\n<li>Applying a Method to Extend Lattice-valued QL-implications (Eduardo Palmeira, Benjamin Bedregal)<\/li>\n<li>Especifica\u00e7\u00e3o de modelos baseados em contextos atrav\u00e9s de Gram\u00e1tica de Grafos (Marcos A. Oliveira Jr., Leila Ribeiro, Lucio Mauro Duarte, Erika Cota)<\/li>\n<li>Fuzzy implications obtained by n-ary aggregation operators (\u00cdbero Ben\u00edtez, Renata Reiser, Adenauer Yamin, Benjamin Bedregal)<\/li>\n<li>Quantum Monad using Java Closures (Bruno Crestani Calegaro, Juliana Kaizer Vizzotto)<\/li>\n<li>Towards the use of Proof Tactics for Theorem Proving Graph Grammars through Rodin (Luiz Carlos Lemos Junior, Simone A. da C. Cavalheiro, Luciana Foss)<\/li>\n<\/ul>\n","protected":false},"excerpt":{"rendered":"<p>Na reuni\u00e3o dos comit\u00eas de organiza\u00e7\u00e3o e de programa foram definidos os 5 melhores artigos do workshop. Durante o jantar do evento foram premiados os seguintes artigos: Applying a Method to Extend Lattice-valued QL-implications (Eduardo Palmeira, Benjamin Bedregal) Especifica\u00e7\u00e3o de modelos baseados em contextos atrav\u00e9s de Gram\u00e1tica de Grafos (Marcos A. Oliveira Jr., Leila Ribeiro, [&hellip;]<\/p>\n","protected":false},"author":234,"featured_media":0,"parent":12,"menu_order":11,"comment_status":"closed","ping_status":"closed","template":"","meta":{"footnotes":""},"class_list":["post-564","page","type-page","status-publish","hentry"],"_links":{"self":[{"href":"https:\/\/wp.ufpel.edu.br\/weit\/wp-json\/wp\/v2\/pages\/564","targetHints":{"allow":["GET"]}}],"collection":[{"href":"https:\/\/wp.ufpel.edu.br\/weit\/wp-json\/wp\/v2\/pages"}],"about":[{"href":"https:\/\/wp.ufpel.edu.br\/weit\/wp-json\/wp\/v2\/types\/page"}],"author":[{"embeddable":true,"href":"https:\/\/wp.ufpel.edu.br\/weit\/wp-json\/wp\/v2\/users\/234"}],"replies":[{"embeddable":true,"href":"https:\/\/wp.ufpel.edu.br\/weit\/wp-json\/wp\/v2\/comments?post=564"}],"version-history":[{"count":1,"href":"https:\/\/wp.ufpel.edu.br\/weit\/wp-json\/wp\/v2\/pages\/564\/revisions"}],"predecessor-version":[{"id":565,"href":"https:\/\/wp.ufpel.edu.br\/weit\/wp-json\/wp\/v2\/pages\/564\/revisions\/565"}],"up":[{"embeddable":true,"href":"https:\/\/wp.ufpel.edu.br\/weit\/wp-json\/wp\/v2\/pages\/12"}],"wp:attachment":[{"href":"https:\/\/wp.ufpel.edu.br\/weit\/wp-json\/wp\/v2\/media?parent=564"}],"curies":[{"name":"wp","href":"https:\/\/api.w.org\/{rel}","templated":true}]}}