{"id":345,"date":"2013-06-20T17:54:39","date_gmt":"2013-06-20T20:54:39","guid":{"rendered":"https:\/\/wp.ufpel.edu.br\/weit\/?page_id=345"},"modified":"2019-06-04T14:16:51","modified_gmt":"2019-06-04T17:16:51","slug":"formato-de-trabalhos","status":"publish","type":"page","link":"https:\/\/wp.ufpel.edu.br\/weit\/weit2013\/formato-de-trabalhos\/","title":{"rendered":"Formato de Trabalhos"},"content":{"rendered":"<p style=\"text-align: justify\">Autores s\u00e3o convidados a submeter artigos originais, que tratem de trabalhos conclu\u00eddos ou em andamento, relacionados com pesquisas envolvendo aspectos te\u00f3ricos da computa\u00e7\u00e3o, vide item\u00a0<a title=\"T\u00f3picos de Interesse\" href=\"https:\/\/wp.ufpel.edu.br\/weit\/topicos\/\">T\u00f3picos de Interesse<\/a>.<\/p>\n<p style=\"text-align: justify\">Al\u00e9m dos trabalhos serem publicados nos Anais do evento, pretende-se publicar um Post-Proceedings\u00a0pela\u00a0<a href=\"http:\/\/www.computer.org\/portal\/web\/cscps\/\" target=\"_blank\" rel=\"noopener noreferrer\">Conference Publishing Services (CPS)<\/a>. com artigos selecionados e revisados.\u00a0<span>Os autores dos melhores <\/span><strong>trabalhos completos<\/strong><span> ser\u00e3o convidados a submeter uma extens\u00e3o\u00a0<\/span><span>do conte\u00fado original para peri\u00f3dicos nacionais, sendo o melhor artigo encaminhado para\u00a0<\/span><span>avalia\u00e7\u00e3o do corpo editorial do <\/span><em>Journal of the Brazilian Computer Society<\/em><span> (JBCS), e\u00a0<\/span><span>os demais selecionados ser\u00e3o encaminhados (de acordo com a tem\u00e1tica do peri\u00f3dico) para \u00a0<\/span><span>avalia\u00e7\u00e3o para publica\u00e7\u00e3o em edi\u00e7\u00f5es da Revista de Inform\u00e1tica Te\u00f3rica e Aplicada (RITA)\u00a0<\/span><span>e da revista Tend\u00eancias em Matem\u00e1tica Aplicada e Computacional (TEMA).<\/span><\/p>\n<h3 style=\"text-align: justify\"><b>Formato de Submiss\u00e3o:<\/b><\/h3>\n<p style=\"text-align: justify\">S\u00e3o aceitos dois tipos de trabalhos: completos e resumidos. Os trabalhos resumidos\u00a0permitem trazer assuntos de pesquisa em est\u00e1gios iniciais para discuss\u00e3o no evento.\u00a0Os artigos de ambas modalidades devem ser submetidos em formato PDF, utilizando o\u00a0estilo da SBC (<a href=\"http:\/\/tinyurl.com\/4nkbfro\" target=\"_blank\" rel=\"noopener noreferrer\">http:\/\/tinyurl.com\/4nkbfro<\/a>). Os artigos podem ser escritos em\u00a0Portugu\u00eas ou em Ingl\u00eas e devem ter, no m\u00e1ximo, <strong>8 p\u00e1ginas<\/strong> (trabalho completo) ou<strong> 4\u00a0p\u00e1ginas<\/strong> (trabalho resumido).<\/p>\n<h3 style=\"text-align: justify\"><strong>Instru\u00e7\u00f5es para o Post-Proceedings da CPS:<\/strong><\/h3>\n<ul>\n<li><a href=\"https:\/\/dl.dropboxusercontent.com\/u\/1547635\/IEEE_CS_Latex8.5x11x2.zip\" target=\"_blank\" rel=\"noopener noreferrer\">Download do CPS online author kit <\/a><\/li>\n<\/ul>\n","protected":false},"excerpt":{"rendered":"<p>Autores s\u00e3o convidados a submeter artigos originais, que tratem de trabalhos conclu\u00eddos ou em andamento, relacionados com pesquisas envolvendo aspectos te\u00f3ricos da computa\u00e7\u00e3o, vide item\u00a0T\u00f3picos de Interesse. Al\u00e9m dos trabalhos serem publicados nos Anais do evento, pretende-se publicar um Post-Proceedings\u00a0pela\u00a0Conference Publishing Services (CPS). com artigos selecionados e revisados.\u00a0Os autores dos melhores trabalhos completos ser\u00e3o convidados [&hellip;]<\/p>\n","protected":false},"author":234,"featured_media":0,"parent":12,"menu_order":7,"comment_status":"closed","ping_status":"closed","template":"","meta":{"footnotes":""},"class_list":["post-345","page","type-page","status-publish","hentry"],"_links":{"self":[{"href":"https:\/\/wp.ufpel.edu.br\/weit\/wp-json\/wp\/v2\/pages\/345","targetHints":{"allow":["GET"]}}],"collection":[{"href":"https:\/\/wp.ufpel.edu.br\/weit\/wp-json\/wp\/v2\/pages"}],"about":[{"href":"https:\/\/wp.ufpel.edu.br\/weit\/wp-json\/wp\/v2\/types\/page"}],"author":[{"embeddable":true,"href":"https:\/\/wp.ufpel.edu.br\/weit\/wp-json\/wp\/v2\/users\/234"}],"replies":[{"embeddable":true,"href":"https:\/\/wp.ufpel.edu.br\/weit\/wp-json\/wp\/v2\/comments?post=345"}],"version-history":[{"count":14,"href":"https:\/\/wp.ufpel.edu.br\/weit\/wp-json\/wp\/v2\/pages\/345\/revisions"}],"predecessor-version":[{"id":583,"href":"https:\/\/wp.ufpel.edu.br\/weit\/wp-json\/wp\/v2\/pages\/345\/revisions\/583"}],"up":[{"embeddable":true,"href":"https:\/\/wp.ufpel.edu.br\/weit\/wp-json\/wp\/v2\/pages\/12"}],"wp:attachment":[{"href":"https:\/\/wp.ufpel.edu.br\/weit\/wp-json\/wp\/v2\/media?parent=345"}],"curies":[{"name":"wp","href":"https:\/\/api.w.org\/{rel}","templated":true}]}}