{"id":313,"date":"2013-06-18T22:29:56","date_gmt":"2013-06-19T01:29:56","guid":{"rendered":"https:\/\/wp.ufpel.edu.br\/weit\/?page_id=313"},"modified":"2013-10-30T14:58:20","modified_gmt":"2013-10-30T16:58:20","slug":"painel","status":"publish","type":"page","link":"https:\/\/wp.ufpel.edu.br\/weit\/weit2013\/programacao\/painel\/","title":{"rendered":"Painel"},"content":{"rendered":"<h3><strong>O Pensamento Computacional no Ensino Fundamental e M\u00e9dio<\/strong><\/h3>\n<h4><strong>Dra. LEILA RIBEIRO, Dr. DALTRO JOS\u00c9 NUNES, Dr. ECIVALDO DE SOUZA MATOS e Msc. M\u00c1RCIA ELENA JOCHIMS KNIPHOFF DA CRUZ<\/strong><\/h4>\n<ul>\n<li style=\"text-align: justify\"><span style=\"text-decoration: underline\">Resumo<\/span>:\u00a0A tecnologia est\u00e1 mudando a forma com que as pessoas realizam tarefas do cotidiano: leituras s\u00e3o feitas em tablets, conversas telef\u00f4nicas s\u00e3o feitas atrav\u00e9s de diferentes dispositivos eletr\u00f4nicos, compras s\u00e3o feitas pela Internet, entre outros. Para ter sucesso neste ambiente de mudan\u00e7as as pessoas precisam se adaptar, serem flex\u00edveis e serem capazes de resolver problemas. Criatividade, colabora\u00e7\u00e3o, comunica\u00e7\u00e3o, pensamento cr\u00edtico, capacidade de solucionar problemas e conhecimento de computa\u00e7\u00e3o s\u00e3o habilidades b\u00e1sicas que os estudantes de hoje precisam ter para se preparar para o futuro. Quando se combina pensamento cr\u00edtico com os fundamentos da computa\u00e7\u00e3o define-se uma metodologia para tomar decis\u00f5es ou inovar em solu\u00e7\u00f5es que podem melhorar a qualidade de vida das pessoas, denominada Pensamento Computacional. Pensamento Computacional \u00e9 um m\u00e9todo para solu\u00e7\u00e3o de problemas que utiliza como base os fundamentos e t\u00e9cnicas da ci\u00eancia da computa\u00e7\u00e3o. De forma geral, habilidades comumente utilizadas na cria\u00e7\u00e3o de programas computacionais para resolver problemas espec\u00edficos s\u00e3o utilizadas como uma metodologia para resolver problemas de forma geral. O Pensamento Computacional pode ser colocado como uma das habilidades intelectuais b\u00e1sicas de um ser humano, comparada \u00e0 ler, escrever, falar e fazer opera\u00e7\u00f5es aritm\u00e9ticas. Habilidades estas que servem para descrever e explicar situa\u00e7\u00f5es complexas. Nesta linha de racioc\u00ednio, o Pensamento Computacional \u00e9 mais uma linguagem (junto com as linguagens escrita e falada, e a matem\u00e1tica) que podemos usar para falar sobre o universo e seus processos complexos. O ensino de habilidade que envolvem o pensamento computacional pode ser feito atrav\u00e9s de atividades dirigidas que envolvem o ensino de conceito fundamentais da computa\u00e7\u00e3o, n\u00e3o necessariamente utilizando computador. J\u00e1 existem diversos programas e projetos que t\u00eam se preocupado em desenvolver atividades e aulas para o\u00a0desenvolvimento do pensamento computacional nos mais diversos n\u00edveis de ensino. Neste painel ser\u00e3o discutidos alguns aspectos do pensamento computacional no \u00e2mbito do ensino fundamental e m\u00e9dio, assim como, quais as vantagens e dificuldades que o ensino da computa\u00e7\u00e3o desde os primeiros anos da educa\u00e7\u00e3o pode trazer para o ensino como um todo e qual o papel dos cientistas da computa\u00e7\u00e3o neste processo.<\/li>\n<\/ul>\n<ul>\n<li><span style=\"text-decoration: underline\">Biografias<\/span>:\n<ul>\n<li style=\"text-align: justify\"><strong>Dra. Leila Ribeiro<\/strong>: Possui gradua\u00e7\u00e3o em Ci\u00eancias da Computa\u00e7\u00e3o pela Universidade Federal do Rio Grande do Sul (1988), mestrado em Ci\u00eancias da Computa\u00e7\u00e3o pela Universidade Federal do Rio Grande do Sul (1991) e doutorado em Inform\u00e1tica &#8211; Technische Universitat Berlin (1996). Atualmente \u00e9 pesquisadora n\u00edvel 2 do Conselho Nacional de Desenvolvimento Cient\u00edfico e Tecnol\u00f3gico e professor associado da Universidade Federal do Rio Grande do Sul. \u00c9 membro do IFIP Working Group 1,3 (Foundations of System Specification). Tem experi\u00eancia na \u00e1rea de Ci\u00eancia da Computa\u00e7\u00e3o, com \u00eanfase em M\u00e9todos Formais, atuando principalmente nos seguintes temas: especifica\u00e7\u00e3o e sem\u00e2ntica formal, bioinform\u00e1tica, verifica\u00e7\u00e3o formal e modelos de computa\u00e7\u00e3o.<\/li>\n<li style=\"text-align: justify\"><strong>Dr. Daltro Jos\u00e9 Nunes<\/strong>: Possui gradua\u00e7\u00e3o em Engenharia El\u00e9trica pela Universidade Federal do Rio Grande do Sul(1969), mestrado em Ci\u00eancias em Inform\u00e1tica pela Pontif\u00edcia Universidade Cat\u00f3lica do Rio de Janeiro(1972), doutorado em Der Naturwissenschaften &#8211; Informatik pela Universitat Stuttgart(1985) e p\u00f3s-doutorado pela Universitat Stuttgart(1994). Atualmente \u00e9 professor titular da Universidade Federal do Rio Grande do Sul, do Coordena\u00e7\u00e3o de Aperfei\u00e7oamento de Pessoal de N\u00edvel Superior, da Financiadora de Estudos e Projetos, do Conselho Nacional de Desenvolvimento Cient\u00edfico e Tecnol\u00f3gico, do Funda\u00e7\u00e3o de Amparo \u00e0 Pesquisa do Estado do Rio Grande do Sul, Consultor do Instituto Nacional de Estudos e Pesquisas Educacionais An\u00edsio Teixeira, Membro de corpo editorial da Jornal da Universidade e Revisor de peri\u00f3dico da Magazine of Interdisciplinary Themes on Technology and Sciences. Tem experi\u00eancia na \u00e1rea de Ci\u00eancia da Computa\u00e7\u00e3o, com \u00eanfase em Teoria da Computa\u00e7\u00e3o.<\/li>\n<li style=\"text-align: justify\"><strong>Dr. Ecivaldo de Souza Matos<\/strong>: Professor DIII-2 (Adjunto 2) do Instituto Federal de S\u00e3o Paulo (Campus S\u00e3o Paulo). Doutor em Educa\u00e7\u00e3o pela Universidade de S\u00e3o Paulo (USP), com bolsa do Programa Internacional de Bolsas de P\u00f3s-gradua\u00e7\u00e3o da Funda\u00e7\u00e3o FORD (IFP &#8211; Ford Foundation International Fellowships Program). Bacharel em Ci\u00eancia da Computa\u00e7\u00e3o (2002) com especializa\u00e7\u00e3o em Sistemas Distribu\u00eddos pela Universidade Federal da Bahia (2003) e Mestrado em Inform\u00e1tica (Eng. de Software \/ IHC) pela Universidade Federal de Campina Grande (2006). Tem experi\u00eancia t\u00e9cnica e docente nas \u00e1reas de Ci\u00eancia da Computa\u00e7\u00e3o e Educa\u00e7\u00e3o, atuando nos seguintes temas: Intera\u00e7\u00e3o Humano-Computador, Programa\u00e7\u00e3o .NET, Curr\u00edculo, TDIC aplicadas \u00e0 Educa\u00e7\u00e3o, Did\u00e1tica da Computa\u00e7\u00e3o, Inform\u00e1tica na Educa\u00e7\u00e3o e Semi\u00f3tica. Ex-professor do Departamento de Ci\u00eancia da Computa\u00e7\u00e3o do Col\u00e9gio Pedro II. Atua como pesquisador do Laborat\u00f3rio de Estudos da Aprendizagem Humana da Universidade do Estado do Rio de Janeiro (LEAH\/UERJ) e do Grupo Alpha (FE-USP). Implementador certificado do Modelo de Processos de Software MPS.BR. Avaliador da ACM SIGCHI Conference on Human Factors in Computing Systems (CHI).<\/li>\n<li style=\"text-align: justify\"><strong>Msc. Marcia Elena Jochims Kniphoff da Cruz<\/strong>: Professora da Universidade de Santa Cruz do Sul UNISC, Departamento de Inform\u00e1tica. Possui mestrado em Educa\u00e7\u00e3o pela Universidade Federal do Rio Grande do Sul UFRGS, especializa\u00e7\u00e3o em Inform\u00e1tica Aplicada \u00e0 Educa\u00e7\u00e3o e\u00a0gradua\u00e7\u00e3o em Habilita\u00e7\u00e3o Plena Licenciatura UNISC. Coordena o N\u00facleo de Socializa\u00e7\u00e3o de Ci\u00eancia e Tecnologia, ligado \u00e0 Pr\u00f3-Reitoria de Extens\u00e3o e Rela\u00e7\u00f5es Comunit\u00e1rias PROEXT. Atua em projetos de pesquisa e extens\u00e3o nas \u00e1reas Inclus\u00e3o Digital, Inform\u00e1tica e Rob\u00f3tica Educativa, e Neuroci\u00eancia Aplicada \u00e0 Aprendizagem em Ambiente Tecnol\u00f3gico. \u00c9 bolsista CAPES e orientadora de bolsista Capes Ensino M\u00e9dio.<\/li>\n<\/ul>\n<\/li>\n<li><span style=\"text-align: justify\"><span style=\"text-decoration: underline\">Material<\/span>: Veja o <a title=\"v\u00eddeo\" href=\"https:\/\/www.dropbox.com\/s\/3iqzqtvlk31doeb\/painelWEIT-LeilaRibeiro.m4v\">v\u00eddeo<\/a> com a apresenta\u00e7\u00e3o da professora Leila Ribeiro.\u00a0<\/span><\/li>\n<\/ul>\n","protected":false},"excerpt":{"rendered":"<p>O Pensamento Computacional no Ensino Fundamental e M\u00e9dio Dra. LEILA RIBEIRO, Dr. DALTRO JOS\u00c9 NUNES, Dr. ECIVALDO DE SOUZA MATOS e Msc. M\u00c1RCIA ELENA JOCHIMS KNIPHOFF DA CRUZ Resumo:\u00a0A tecnologia est\u00e1 mudando a forma com que as pessoas realizam tarefas do cotidiano: leituras s\u00e3o feitas em tablets, conversas telef\u00f4nicas s\u00e3o feitas atrav\u00e9s de diferentes dispositivos [&hellip;]<\/p>\n","protected":false},"author":234,"featured_media":0,"parent":86,"menu_order":2,"comment_status":"closed","ping_status":"closed","template":"","meta":{"footnotes":""},"class_list":["post-313","page","type-page","status-publish","hentry"],"_links":{"self":[{"href":"https:\/\/wp.ufpel.edu.br\/weit\/wp-json\/wp\/v2\/pages\/313","targetHints":{"allow":["GET"]}}],"collection":[{"href":"https:\/\/wp.ufpel.edu.br\/weit\/wp-json\/wp\/v2\/pages"}],"about":[{"href":"https:\/\/wp.ufpel.edu.br\/weit\/wp-json\/wp\/v2\/types\/page"}],"author":[{"embeddable":true,"href":"https:\/\/wp.ufpel.edu.br\/weit\/wp-json\/wp\/v2\/users\/234"}],"replies":[{"embeddable":true,"href":"https:\/\/wp.ufpel.edu.br\/weit\/wp-json\/wp\/v2\/comments?post=313"}],"version-history":[{"count":6,"href":"https:\/\/wp.ufpel.edu.br\/weit\/wp-json\/wp\/v2\/pages\/313\/revisions"}],"predecessor-version":[{"id":550,"href":"https:\/\/wp.ufpel.edu.br\/weit\/wp-json\/wp\/v2\/pages\/313\/revisions\/550"}],"up":[{"embeddable":true,"href":"https:\/\/wp.ufpel.edu.br\/weit\/wp-json\/wp\/v2\/pages\/86"}],"wp:attachment":[{"href":"https:\/\/wp.ufpel.edu.br\/weit\/wp-json\/wp\/v2\/media?parent=313"}],"curies":[{"name":"wp","href":"https:\/\/api.w.org\/{rel}","templated":true}]}}